{"id":3484,"date":"2025-09-17T08:19:26","date_gmt":"2025-09-17T06:19:26","guid":{"rendered":"https:\/\/babygold.net\/?post_type=product&#038;p=3484"},"modified":"2025-09-26T16:50:27","modified_gmt":"2025-09-26T14:50:27","slug":"chusteczki-antybakteryjne-multi-protector-masolat","status":"publish","type":"product","link":"https:\/\/babygold.net\/pl\/termek\/chusteczki-antybakteryjne-multi-protector-masolat\/","title":{"rendered":"Multi Protector\u2122 Antybakteryjne Chusteczki &#8211; Chusteczki dezynfekuj\u0105ce do kuchni"},"content":{"rendered":"<p>Wilgotne chusteczki <strong>Multi Protector\u2122<\/strong> to wszechstronne, antybakteryjne \u015bciereczki czyszcz\u0105ce, opracowane z my\u015bl\u0105 o potrzebach nowoczesnych gospodarstw domowych. Ka\u017cda chusteczka jest du\u017ca (20 \u00d7 19,5 cm), gruba i wytrzyma\u0142a, skutecznie zwalczaj\u0105c brud i bakterie. <\/p>\n<p><strong>G\u0142\u00f3wne zalety:<\/strong><br \/>\nZabija 99,9% bakterii (np. E. coli, Salmonella, Listeria)<br \/>\n\u0141atwe w u\u017cyciu, nie wymagaj\u0105 wody ani dodatkowych \u015brodk\u00f3w czyszcz\u0105cych<br \/>\nMo\u017cna stosowa\u0107 na r\u00f3\u017cnych powierzchniach: kuchnia, \u0142azienka, meble, szk\u0142o<br \/>\n\u015awie\u017ce zapachy (np. cytryna)<br \/>\nCzysto\u015b\u0107 i higiena bez smug<br \/>\nIdealne do codziennego u\u017cytku<\/p>\n<p><strong>Spos\u00f3b u\u017cycia:<\/strong><br \/>\nPo prostu wyci\u0105gnij chusteczk\u0119, przetrzyj czyszczon\u0105 powierzchni\u0119, a nast\u0119pnie wyrzu\u0107 zu\u017cyt\u0105 chusteczk\u0119. Nie wymaga sp\u0142ukiwania, zapewnia natychmiastowy efekt. <\/p>\n","protected":false},"excerpt":{"rendered":"<p data-start=\"358\" data-end=\"629\"><a href=\"https:\/\/mancskupon.com\"><img loading=\"lazy\" decoding=\"async\" class=\"aligncenter wp-image-3831\" src=\"https:\/\/babygold.net\/wp-content\/uploads\/2025\/09\/Kuponnapok_logo-copy-397x400.png\" alt=\"\" width=\"227\" height=\"229\" srcset=\"https:\/\/babygold.net\/wp-content\/uploads\/2025\/09\/Kuponnapok_logo-copy-397x400.png 397w, https:\/\/babygold.net\/wp-content\/uploads\/2025\/09\/Kuponnapok_logo-copy-794x800.png 794w, https:\/\/babygold.net\/wp-content\/uploads\/2025\/09\/Kuponnapok_logo-copy-768x774.png 768w, https:\/\/babygold.net\/wp-content\/uploads\/2025\/09\/Kuponnapok_logo-copy-247x249.png 247w, https:\/\/babygold.net\/wp-content\/uploads\/2025\/09\/Kuponnapok_logo-copy-510x514.png 510w, https:\/\/babygold.net\/wp-content\/uploads\/2025\/09\/Kuponnapok_logo-copy-100x100.png?crop=1 100w, https:\/\/babygold.net\/wp-content\/uploads\/2025\/09\/Kuponnapok_logo-copy.png 1016w\" sizes=\"auto, (max-width: 227px) 100vw, 227px\" \/><\/a><\/p>\n<p data-start=\"358\" data-end=\"629\">Antybakteryjne chusteczki gospodarstwa domowego, oferuj\u0105ce szybkie i skuteczne rozwi\u0105zanie do codziennego sprz\u0105tania. Mo\u017cna je stosowa\u0107 na r\u00f3\u017cnych powierzchniach (np. kuchnia, \u0142azienka, meble, szk\u0142o), zabijaj\u0105 99,9% bakterii. Z od\u015bwie\u017caj\u0105cymi zapachami, du\u017ce, wytrzyma\u0142e chusteczki.  <\/p>\n","protected":false},"featured_media":3570,"comment_status":"open","ping_status":"closed","template":"","meta":{"jetpack_post_was_ever_published":false,"jetpack_publicize_message":"","jetpack_publicize_feature_enabled":true,"jetpack_social_post_already_shared":true,"jetpack_social_options":{"image_generator_settings":{"template":"highway","default_image_id":0,"font":"","enabled":false},"version":2},"_wpas_customize_per_network":false},"product_brand":[2414],"product_cat":[1972],"product_tag":[1980,1981,1982,1986,1985,1984,1996,1983,1987,1952,1992,1991,1990,1995,1994,1993,1989,1997,1988],"class_list":{"0":"post-3484","1":"product","2":"type-product","3":"status-publish","4":"has-post-thumbnail","6":"product_brand-protector-torlokendo-pl","7":"product_cat-chusteczki-antybakteryjne","8":"product_tag-chusteczka","9":"product_tag-chusteczka-antybakteryjna","10":"product_tag-chusteczka-dezynfekujaca","11":"product_tag-chusteczka-do-mycia-okien","12":"product_tag-chusteczka-do-pielegnacji-mebli","13":"product_tag-chusteczka-do-lazienki","14":"product_tag-chusteczka-gospodarcza","15":"product_tag-chusteczka-kuchenna","16":"product_tag-chusteczka-uniwersalna","17":"product_tag-chusteczki-nawilzane","18":"product_tag-czyszczenie-bez-smug","19":"product_tag-do-powierzchni-majacych-kontakt-z-zywnoscia","20":"product_tag-miod-i-lanolina","21":"product_tag-multi-protector-pl","22":"product_tag-opakowanie-50-sztuk","23":"product_tag-szybkie-sprzatanie","24":"product_tag-zapach-cytryny","25":"product_tag-sciereczka-czyszczaca","26":"product_tag-swiezy-zapach","28":"first","29":"instock","30":"taxable","31":"shipping-taxable","32":"purchasable","33":"product-type-simple"},"yoast_head":"<!-- This site is optimized with the Yoast SEO plugin v27.3 - https:\/\/yoast.com\/product\/yoast-seo-wordpress\/ -->\n<title>Multi Protector\u2122 Antybakteryjne Chusteczki - Chusteczki dezynfekuj\u0105ce do kuchni - BABY GOLD\u2122 pelenka - PEKOVKER Kft.<\/title>\n<meta name=\"description\" content=\"Antybakteryjne chusteczki do domu, kt\u00f3re oferuj\u0105 szybkie i skuteczne rozwi\u0105zanie do codziennego sprz\u0105tania. Mo\u017cna ich u\u017cywa\u0107 na r\u00f3\u017cnych powierzchniach, niszcz\u0105 99,9% bakterii.\" \/>\n<meta name=\"robots\" content=\"index, follow, max-snippet:-1, max-image-preview:large, max-video-preview:-1\" \/>\n<link rel=\"canonical\" href=\"https:\/\/babygold.net\/pl\/termek\/chusteczki-antybakteryjne-multi-protector-masolat\/\" \/>\n<meta property=\"og:locale\" content=\"pl_PL\" \/>\n<meta property=\"og:type\" content=\"article\" \/>\n<meta property=\"og:title\" content=\"Multi Protector\u2122 Antybakteryjne Chusteczki - Chusteczki dezynfekuj\u0105ce do kuchni - BABY GOLD\u2122 pelenka - PEKOVKER Kft.\" \/>\n<meta property=\"og:description\" content=\"Antybakteryjne chusteczki do domu, kt\u00f3re oferuj\u0105 szybkie i skuteczne rozwi\u0105zanie do codziennego sprz\u0105tania. Mo\u017cna ich u\u017cywa\u0107 na r\u00f3\u017cnych powierzchniach, niszcz\u0105 99,9% bakterii.\" \/>\n<meta property=\"og:url\" content=\"https:\/\/babygold.net\/pl\/termek\/chusteczki-antybakteryjne-multi-protector-masolat\/\" \/>\n<meta property=\"og:site_name\" content=\"BABY GOLD\u2122 pelenka - PEKOVKER Kft.\" \/>\n<meta property=\"article:modified_time\" content=\"2025-09-26T14:50:27+00:00\" \/>\n<meta property=\"og:image\" content=\"https:\/\/babygold.net\/wp-content\/uploads\/2025\/09\/Protect02.png\" \/>\n\t<meta property=\"og:image:width\" content=\"2000\" \/>\n\t<meta property=\"og:image:height\" content=\"2000\" \/>\n\t<meta property=\"og:image:type\" content=\"image\/png\" \/>\n<meta name=\"twitter:card\" content=\"summary_large_image\" \/>\n<meta name=\"twitter:label1\" content=\"Szacowany czas czytania\" \/>\n\t<meta name=\"twitter:data1\" content=\"1 minuta\" \/>\n<script type=\"application\/ld+json\" class=\"yoast-schema-graph\">{\"@context\":\"https:\\\/\\\/schema.org\",\"@graph\":[{\"@type\":\"WebPage\",\"@id\":\"https:\\\/\\\/babygold.net\\\/pl\\\/termek\\\/chusteczki-antybakteryjne-multi-protector-masolat\\\/\",\"url\":\"https:\\\/\\\/babygold.net\\\/pl\\\/termek\\\/chusteczki-antybakteryjne-multi-protector-masolat\\\/\",\"name\":\"Multi Protector\u2122 Antybakteryjne Chusteczki - Chusteczki dezynfekuj\u0105ce do kuchni - BABY GOLD\u2122 pelenka - PEKOVKER Kft.\",\"isPartOf\":{\"@id\":\"https:\\\/\\\/babygold.net\\\/pl\\\/#website\"},\"primaryImageOfPage\":{\"@id\":\"https:\\\/\\\/babygold.net\\\/pl\\\/termek\\\/chusteczki-antybakteryjne-multi-protector-masolat\\\/#primaryimage\"},\"image\":{\"@id\":\"https:\\\/\\\/babygold.net\\\/pl\\\/termek\\\/chusteczki-antybakteryjne-multi-protector-masolat\\\/#primaryimage\"},\"thumbnailUrl\":\"https:\\\/\\\/babygold.net\\\/wp-content\\\/uploads\\\/2025\\\/09\\\/Protect02.png\",\"datePublished\":\"2025-09-17T06:19:26+00:00\",\"dateModified\":\"2025-09-26T14:50:27+00:00\",\"description\":\"Antybakteryjne chusteczki do domu, kt\u00f3re oferuj\u0105 szybkie i skuteczne rozwi\u0105zanie do codziennego sprz\u0105tania. Mo\u017cna ich u\u017cywa\u0107 na r\u00f3\u017cnych powierzchniach, niszcz\u0105 99,9% bakterii.\",\"breadcrumb\":{\"@id\":\"https:\\\/\\\/babygold.net\\\/pl\\\/termek\\\/chusteczki-antybakteryjne-multi-protector-masolat\\\/#breadcrumb\"},\"inLanguage\":\"pl-PL\",\"potentialAction\":[{\"@type\":\"ReadAction\",\"target\":[\"https:\\\/\\\/babygold.net\\\/pl\\\/termek\\\/chusteczki-antybakteryjne-multi-protector-masolat\\\/\"]}]},{\"@type\":\"ImageObject\",\"inLanguage\":\"pl-PL\",\"@id\":\"https:\\\/\\\/babygold.net\\\/pl\\\/termek\\\/chusteczki-antybakteryjne-multi-protector-masolat\\\/#primaryimage\",\"url\":\"https:\\\/\\\/babygold.net\\\/wp-content\\\/uploads\\\/2025\\\/09\\\/Protect02.png\",\"contentUrl\":\"https:\\\/\\\/babygold.net\\\/wp-content\\\/uploads\\\/2025\\\/09\\\/Protect02.png\",\"width\":2000,\"height\":2000},{\"@type\":\"BreadcrumbList\",\"@id\":\"https:\\\/\\\/babygold.net\\\/pl\\\/termek\\\/chusteczki-antybakteryjne-multi-protector-masolat\\\/#breadcrumb\",\"itemListElement\":[{\"@type\":\"ListItem\",\"position\":1,\"name\":\"Strona g\u0142\u00f3wna\",\"item\":\"https:\\\/\\\/babygold.net\\\/pl\\\/strona-glowna\\\/\"},{\"@type\":\"ListItem\",\"position\":2,\"name\":\"Sklep\",\"item\":\"https:\\\/\\\/babygold.net\\\/pl\\\/sklep\\\/\"},{\"@type\":\"ListItem\",\"position\":3,\"name\":\"Multi Protector\u2122 Antybakteryjne Chusteczki &#8211; Chusteczki dezynfekuj\u0105ce do kuchni\"}]},{\"@type\":\"WebSite\",\"@id\":\"https:\\\/\\\/babygold.net\\\/pl\\\/#website\",\"url\":\"https:\\\/\\\/babygold.net\\\/pl\\\/\",\"name\":\"BABY GOLD\u2122 pelenka - PEKOVKER Kft.\",\"description\":\"Fedezze fel kiv\u00e1l\u00f3 min\u0151s\u00e9g\u0171 pelenk\u00e1inkat, \u00e9s \u00e9lvezze a BABY GOLD\u2122 \u00e1ltal k\u00edn\u00e1lt k\u00e9nyelm\u00e9t!\",\"potentialAction\":[{\"@type\":\"SearchAction\",\"target\":{\"@type\":\"EntryPoint\",\"urlTemplate\":\"https:\\\/\\\/babygold.net\\\/pl\\\/?s={search_term_string}\"},\"query-input\":{\"@type\":\"PropertyValueSpecification\",\"valueRequired\":true,\"valueName\":\"search_term_string\"}}],\"inLanguage\":\"pl-PL\"}]}<\/script>\n<!-- \/ Yoast SEO plugin. -->","yoast_head_json":{"title":"Multi Protector\u2122 Antybakteryjne Chusteczki - Chusteczki dezynfekuj\u0105ce do kuchni - BABY GOLD\u2122 pelenka - PEKOVKER Kft.","description":"Antybakteryjne chusteczki do domu, kt\u00f3re oferuj\u0105 szybkie i skuteczne rozwi\u0105zanie do codziennego sprz\u0105tania. Mo\u017cna ich u\u017cywa\u0107 na r\u00f3\u017cnych powierzchniach, niszcz\u0105 99,9% bakterii.","robots":{"index":"index","follow":"follow","max-snippet":"max-snippet:-1","max-image-preview":"max-image-preview:large","max-video-preview":"max-video-preview:-1"},"canonical":"https:\/\/babygold.net\/pl\/termek\/chusteczki-antybakteryjne-multi-protector-masolat\/","og_locale":"pl_PL","og_type":"article","og_title":"Multi Protector\u2122 Antybakteryjne Chusteczki - Chusteczki dezynfekuj\u0105ce do kuchni - BABY GOLD\u2122 pelenka - PEKOVKER Kft.","og_description":"Antybakteryjne chusteczki do domu, kt\u00f3re oferuj\u0105 szybkie i skuteczne rozwi\u0105zanie do codziennego sprz\u0105tania. Mo\u017cna ich u\u017cywa\u0107 na r\u00f3\u017cnych powierzchniach, niszcz\u0105 99,9% bakterii.","og_url":"https:\/\/babygold.net\/pl\/termek\/chusteczki-antybakteryjne-multi-protector-masolat\/","og_site_name":"BABY GOLD\u2122 pelenka - PEKOVKER Kft.","article_modified_time":"2025-09-26T14:50:27+00:00","og_image":[{"width":2000,"height":2000,"url":"https:\/\/babygold.net\/wp-content\/uploads\/2025\/09\/Protect02.png","type":"image\/png"}],"twitter_card":"summary_large_image","twitter_misc":{"Szacowany czas czytania":"1 minuta"},"schema":{"@context":"https:\/\/schema.org","@graph":[{"@type":"WebPage","@id":"https:\/\/babygold.net\/pl\/termek\/chusteczki-antybakteryjne-multi-protector-masolat\/","url":"https:\/\/babygold.net\/pl\/termek\/chusteczki-antybakteryjne-multi-protector-masolat\/","name":"Multi Protector\u2122 Antybakteryjne Chusteczki - Chusteczki dezynfekuj\u0105ce do kuchni - BABY GOLD\u2122 pelenka - PEKOVKER Kft.","isPartOf":{"@id":"https:\/\/babygold.net\/pl\/#website"},"primaryImageOfPage":{"@id":"https:\/\/babygold.net\/pl\/termek\/chusteczki-antybakteryjne-multi-protector-masolat\/#primaryimage"},"image":{"@id":"https:\/\/babygold.net\/pl\/termek\/chusteczki-antybakteryjne-multi-protector-masolat\/#primaryimage"},"thumbnailUrl":"https:\/\/babygold.net\/wp-content\/uploads\/2025\/09\/Protect02.png","datePublished":"2025-09-17T06:19:26+00:00","dateModified":"2025-09-26T14:50:27+00:00","description":"Antybakteryjne chusteczki do domu, kt\u00f3re oferuj\u0105 szybkie i skuteczne rozwi\u0105zanie do codziennego sprz\u0105tania. Mo\u017cna ich u\u017cywa\u0107 na r\u00f3\u017cnych powierzchniach, niszcz\u0105 99,9% bakterii.","breadcrumb":{"@id":"https:\/\/babygold.net\/pl\/termek\/chusteczki-antybakteryjne-multi-protector-masolat\/#breadcrumb"},"inLanguage":"pl-PL","potentialAction":[{"@type":"ReadAction","target":["https:\/\/babygold.net\/pl\/termek\/chusteczki-antybakteryjne-multi-protector-masolat\/"]}]},{"@type":"ImageObject","inLanguage":"pl-PL","@id":"https:\/\/babygold.net\/pl\/termek\/chusteczki-antybakteryjne-multi-protector-masolat\/#primaryimage","url":"https:\/\/babygold.net\/wp-content\/uploads\/2025\/09\/Protect02.png","contentUrl":"https:\/\/babygold.net\/wp-content\/uploads\/2025\/09\/Protect02.png","width":2000,"height":2000},{"@type":"BreadcrumbList","@id":"https:\/\/babygold.net\/pl\/termek\/chusteczki-antybakteryjne-multi-protector-masolat\/#breadcrumb","itemListElement":[{"@type":"ListItem","position":1,"name":"Strona g\u0142\u00f3wna","item":"https:\/\/babygold.net\/pl\/strona-glowna\/"},{"@type":"ListItem","position":2,"name":"Sklep","item":"https:\/\/babygold.net\/pl\/sklep\/"},{"@type":"ListItem","position":3,"name":"Multi Protector\u2122 Antybakteryjne Chusteczki &#8211; Chusteczki dezynfekuj\u0105ce do kuchni"}]},{"@type":"WebSite","@id":"https:\/\/babygold.net\/pl\/#website","url":"https:\/\/babygold.net\/pl\/","name":"BABY GOLD\u2122 pelenka - PEKOVKER Kft.","description":"Fedezze fel kiv\u00e1l\u00f3 min\u0151s\u00e9g\u0171 pelenk\u00e1inkat, \u00e9s \u00e9lvezze a BABY GOLD\u2122 \u00e1ltal k\u00edn\u00e1lt k\u00e9nyelm\u00e9t!","potentialAction":[{"@type":"SearchAction","target":{"@type":"EntryPoint","urlTemplate":"https:\/\/babygold.net\/pl\/?s={search_term_string}"},"query-input":{"@type":"PropertyValueSpecification","valueRequired":true,"valueName":"search_term_string"}}],"inLanguage":"pl-PL"}]}},"jetpack_publicize_connections":[],"jetpack_likes_enabled":true,"jetpack_sharing_enabled":true,"_links":{"self":[{"href":"https:\/\/babygold.net\/pl\/wp-json\/wp\/v2\/product\/3484","targetHints":{"allow":["GET"]}}],"collection":[{"href":"https:\/\/babygold.net\/pl\/wp-json\/wp\/v2\/product"}],"about":[{"href":"https:\/\/babygold.net\/pl\/wp-json\/wp\/v2\/types\/product"}],"replies":[{"embeddable":true,"href":"https:\/\/babygold.net\/pl\/wp-json\/wp\/v2\/comments?post=3484"}],"wp:featuredmedia":[{"embeddable":true,"href":"https:\/\/babygold.net\/pl\/wp-json\/wp\/v2\/media\/3570"}],"wp:attachment":[{"href":"https:\/\/babygold.net\/pl\/wp-json\/wp\/v2\/media?parent=3484"}],"wp:term":[{"taxonomy":"product_brand","embeddable":true,"href":"https:\/\/babygold.net\/pl\/wp-json\/wp\/v2\/product_brand?post=3484"},{"taxonomy":"product_cat","embeddable":true,"href":"https:\/\/babygold.net\/pl\/wp-json\/wp\/v2\/product_cat?post=3484"},{"taxonomy":"product_tag","embeddable":true,"href":"https:\/\/babygold.net\/pl\/wp-json\/wp\/v2\/product_tag?post=3484"}],"curies":[{"name":"wp","href":"https:\/\/api.w.org\/{rel}","templated":true}]}}