{"id":2576,"date":"2025-08-13T09:11:07","date_gmt":"2025-08-13T07:11:07","guid":{"rendered":"https:\/\/babygold.net\/wzor-oswiadczenia-o-odstapieniu-od-umowy\/"},"modified":"2025-08-30T17:41:37","modified_gmt":"2025-08-30T15:41:37","slug":"wzor-oswiadczenia-o-odstapieniu-od-umowy","status":"publish","type":"page","link":"https:\/\/babygold.net\/pl\/wzor-oswiadczenia-o-odstapieniu-od-umowy\/","title":{"rendered":"Wz\u00f3r o\u015bwiadczenia o odst\u0105pieniu od umowy"},"content":{"rendered":"\n<div id=\"gendoc_em\" style=\"width: 100%; overflow-y: auto;\">Lokalizacja dokumentu<\/div><script type=\"text\/javascript\">var lang=document.documentElement.lang;jQuery.get(\"https:\/\/admin.fogyasztobarat.hu\/api.php?em=B5B3UPRK\", function(ret){jQuery(\"div#gendoc_em\").html(ret);var sl=window.location.href.split(\"#\");if(jQuery(\"#\"+sl[1]).size()){jQuery(\"html, body\").animate({scrollTop:jQuery(\"#\"+sl[1]).offset().top},1000); >; <\/script>\n","protected":false},"excerpt":{"rendered":"<p>Lokalizacja dokumentu<\/p>\n","protected":false},"author":268520272,"featured_media":0,"parent":0,"menu_order":0,"comment_status":"closed","ping_status":"closed","template":"page-blank-title-center.php","meta":{"jetpack_post_was_ever_published":false,"footnotes":"","big_sky_generated":false},"class_list":["post-2576","page","type-page","status-publish","hentry"],"yoast_head":"<!-- This site is optimized with the Yoast SEO plugin v27.3 - https:\/\/yoast.com\/product\/yoast-seo-wordpress\/ -->\n<title>Wz\u00f3r o\u015bwiadczenia o odst\u0105pieniu od umowy - BABY GOLD\u2122 pelenka - PEKOVKER Kft.<\/title>\n<meta name=\"robots\" content=\"index, follow, max-snippet:-1, max-image-preview:large, max-video-preview:-1\" \/>\n<link rel=\"canonical\" href=\"https:\/\/babygold.net\/pl\/wzor-oswiadczenia-o-odstapieniu-od-umowy\/\" \/>\n<meta property=\"og:locale\" content=\"pl_PL\" \/>\n<meta property=\"og:type\" content=\"article\" \/>\n<meta property=\"og:title\" content=\"Wz\u00f3r o\u015bwiadczenia o odst\u0105pieniu od umowy - BABY GOLD\u2122 pelenka - PEKOVKER Kft.\" \/>\n<meta property=\"og:description\" content=\"Lokalizacja dokumentu\" \/>\n<meta property=\"og:url\" content=\"https:\/\/babygold.net\/pl\/wzor-oswiadczenia-o-odstapieniu-od-umowy\/\" \/>\n<meta property=\"og:site_name\" content=\"BABY GOLD\u2122 pelenka - PEKOVKER Kft.\" \/>\n<meta property=\"article:modified_time\" content=\"2025-08-30T15:41:37+00:00\" \/>\n<meta name=\"twitter:card\" content=\"summary_large_image\" \/>\n<script type=\"application\/ld+json\" class=\"yoast-schema-graph\">{\"@context\":\"https:\\\/\\\/schema.org\",\"@graph\":[{\"@type\":\"WebPage\",\"@id\":\"https:\\\/\\\/babygold.net\\\/pl\\\/wzor-oswiadczenia-o-odstapieniu-od-umowy\\\/\",\"url\":\"https:\\\/\\\/babygold.net\\\/pl\\\/wzor-oswiadczenia-o-odstapieniu-od-umowy\\\/\",\"name\":\"Wz\u00f3r o\u015bwiadczenia o odst\u0105pieniu od umowy - BABY GOLD\u2122 pelenka - PEKOVKER Kft.\",\"isPartOf\":{\"@id\":\"https:\\\/\\\/babygold.net\\\/pl\\\/#website\"},\"datePublished\":\"2025-08-13T07:11:07+00:00\",\"dateModified\":\"2025-08-30T15:41:37+00:00\",\"breadcrumb\":{\"@id\":\"https:\\\/\\\/babygold.net\\\/pl\\\/wzor-oswiadczenia-o-odstapieniu-od-umowy\\\/#breadcrumb\"},\"inLanguage\":\"pl-PL\",\"potentialAction\":[{\"@type\":\"ReadAction\",\"target\":[\"https:\\\/\\\/babygold.net\\\/pl\\\/wzor-oswiadczenia-o-odstapieniu-od-umowy\\\/\"]}]},{\"@type\":\"BreadcrumbList\",\"@id\":\"https:\\\/\\\/babygold.net\\\/pl\\\/wzor-oswiadczenia-o-odstapieniu-od-umowy\\\/#breadcrumb\",\"itemListElement\":[{\"@type\":\"ListItem\",\"position\":1,\"name\":\"Strona g\u0142\u00f3wna\",\"item\":\"https:\\\/\\\/babygold.net\\\/pl\\\/strona-glowna\\\/\"},{\"@type\":\"ListItem\",\"position\":2,\"name\":\"Wz\u00f3r o\u015bwiadczenia o odst\u0105pieniu od umowy\"}]},{\"@type\":\"WebSite\",\"@id\":\"https:\\\/\\\/babygold.net\\\/pl\\\/#website\",\"url\":\"https:\\\/\\\/babygold.net\\\/pl\\\/\",\"name\":\"BABY GOLD\u2122 pelenka - PEKOVKER Kft.\",\"description\":\"Fedezze fel kiv\u00e1l\u00f3 min\u0151s\u00e9g\u0171 pelenk\u00e1inkat, \u00e9s \u00e9lvezze a BABY GOLD\u2122 \u00e1ltal k\u00edn\u00e1lt k\u00e9nyelm\u00e9t!\",\"potentialAction\":[{\"@type\":\"SearchAction\",\"target\":{\"@type\":\"EntryPoint\",\"urlTemplate\":\"https:\\\/\\\/babygold.net\\\/pl\\\/?s={search_term_string}\"},\"query-input\":{\"@type\":\"PropertyValueSpecification\",\"valueRequired\":true,\"valueName\":\"search_term_string\"}}],\"inLanguage\":\"pl-PL\"}]}<\/script>\n<!-- \/ Yoast SEO plugin. -->","yoast_head_json":{"title":"Wz\u00f3r o\u015bwiadczenia o odst\u0105pieniu od umowy - BABY GOLD\u2122 pelenka - PEKOVKER Kft.","robots":{"index":"index","follow":"follow","max-snippet":"max-snippet:-1","max-image-preview":"max-image-preview:large","max-video-preview":"max-video-preview:-1"},"canonical":"https:\/\/babygold.net\/pl\/wzor-oswiadczenia-o-odstapieniu-od-umowy\/","og_locale":"pl_PL","og_type":"article","og_title":"Wz\u00f3r o\u015bwiadczenia o odst\u0105pieniu od umowy - BABY GOLD\u2122 pelenka - PEKOVKER Kft.","og_description":"Lokalizacja dokumentu","og_url":"https:\/\/babygold.net\/pl\/wzor-oswiadczenia-o-odstapieniu-od-umowy\/","og_site_name":"BABY GOLD\u2122 pelenka - PEKOVKER Kft.","article_modified_time":"2025-08-30T15:41:37+00:00","twitter_card":"summary_large_image","schema":{"@context":"https:\/\/schema.org","@graph":[{"@type":"WebPage","@id":"https:\/\/babygold.net\/pl\/wzor-oswiadczenia-o-odstapieniu-od-umowy\/","url":"https:\/\/babygold.net\/pl\/wzor-oswiadczenia-o-odstapieniu-od-umowy\/","name":"Wz\u00f3r o\u015bwiadczenia o odst\u0105pieniu od umowy - BABY GOLD\u2122 pelenka - PEKOVKER Kft.","isPartOf":{"@id":"https:\/\/babygold.net\/pl\/#website"},"datePublished":"2025-08-13T07:11:07+00:00","dateModified":"2025-08-30T15:41:37+00:00","breadcrumb":{"@id":"https:\/\/babygold.net\/pl\/wzor-oswiadczenia-o-odstapieniu-od-umowy\/#breadcrumb"},"inLanguage":"pl-PL","potentialAction":[{"@type":"ReadAction","target":["https:\/\/babygold.net\/pl\/wzor-oswiadczenia-o-odstapieniu-od-umowy\/"]}]},{"@type":"BreadcrumbList","@id":"https:\/\/babygold.net\/pl\/wzor-oswiadczenia-o-odstapieniu-od-umowy\/#breadcrumb","itemListElement":[{"@type":"ListItem","position":1,"name":"Strona g\u0142\u00f3wna","item":"https:\/\/babygold.net\/pl\/strona-glowna\/"},{"@type":"ListItem","position":2,"name":"Wz\u00f3r o\u015bwiadczenia o odst\u0105pieniu od umowy"}]},{"@type":"WebSite","@id":"https:\/\/babygold.net\/pl\/#website","url":"https:\/\/babygold.net\/pl\/","name":"BABY GOLD\u2122 pelenka - PEKOVKER Kft.","description":"Fedezze fel kiv\u00e1l\u00f3 min\u0151s\u00e9g\u0171 pelenk\u00e1inkat, \u00e9s \u00e9lvezze a BABY GOLD\u2122 \u00e1ltal k\u00edn\u00e1lt k\u00e9nyelm\u00e9t!","potentialAction":[{"@type":"SearchAction","target":{"@type":"EntryPoint","urlTemplate":"https:\/\/babygold.net\/pl\/?s={search_term_string}"},"query-input":{"@type":"PropertyValueSpecification","valueRequired":true,"valueName":"search_term_string"}}],"inLanguage":"pl-PL"}]}},"jetpack_likes_enabled":true,"jetpack_sharing_enabled":true,"jetpack_shortlink":"https:\/\/wp.me\/PgHBIO-Fy","_links":{"self":[{"href":"https:\/\/babygold.net\/pl\/wp-json\/wp\/v2\/pages\/2576","targetHints":{"allow":["GET"]}}],"collection":[{"href":"https:\/\/babygold.net\/pl\/wp-json\/wp\/v2\/pages"}],"about":[{"href":"https:\/\/babygold.net\/pl\/wp-json\/wp\/v2\/types\/page"}],"author":[{"embeddable":true,"href":"https:\/\/babygold.net\/pl\/wp-json\/wp\/v2\/users\/268520272"}],"replies":[{"embeddable":true,"href":"https:\/\/babygold.net\/pl\/wp-json\/wp\/v2\/comments?post=2576"}],"version-history":[{"count":1,"href":"https:\/\/babygold.net\/pl\/wp-json\/wp\/v2\/pages\/2576\/revisions"}],"predecessor-version":[{"id":2580,"href":"https:\/\/babygold.net\/pl\/wp-json\/wp\/v2\/pages\/2576\/revisions\/2580"}],"wp:attachment":[{"href":"https:\/\/babygold.net\/pl\/wp-json\/wp\/v2\/media?parent=2576"}],"curies":[{"name":"wp","href":"https:\/\/api.w.org\/{rel}","templated":true}]}}