{"id":3513,"date":"2025-09-17T08:28:26","date_gmt":"2025-09-17T06:28:26","guid":{"rendered":"https:\/\/babygold.net\/?post_type=product&#038;p=3513"},"modified":"2025-09-25T09:05:40","modified_gmt":"2025-09-25T07:05:40","slug":"multi-protector-salviette-antibatteriche-salviette-per-la-cura-dei-mobili-masolat","status":"publish","type":"product","link":"https:\/\/babygold.net\/it\/termek\/multi-protector-salviette-antibatteriche-salviette-per-la-cura-dei-mobili-masolat\/","title":{"rendered":"Multi Protector\u2122 Panno Antibatterico &#8211; Panno per la pulizia dei vetri"},"content":{"rendered":"<p>Le salviette umidificate <strong>Multi Protector\u2122<\/strong> sono salviette detergenti antibatteriche versatili, sviluppate per soddisfare le esigenze delle case moderne. Ogni salvietta \u00e8 grande (20 \u00d7 19,5 cm), spessa e resistente, combattendo efficacemente sporco e batteri. <\/p>\n<p><strong>Vantaggi principali:<\/strong><br \/>\nElimina il 99,9% dei batteri (es. E. coli, Salmonella, Listeria)<br \/>\nFacile da usare, non richiede acqua o detergenti aggiuntivi<br \/>\nApplicabile su varie superfici: cucina, bagno, mobili, vetro<br \/>\nProfumazioni fresche (es. limone)<br \/>\nPulizia e igiene senza aloni<br \/>\nIdeale per l&#8217;uso quotidiano<\/p>\n<p><strong>Uso:<\/strong><br \/>\nBasta estrarre una salvietta, pulire la superficie da trattare e gettare la salvietta usata. Non \u00e8 necessario risciacquare, garantisce un risultato immediato. <\/p>\n","protected":false},"excerpt":{"rendered":"<p data-start=\"358\" data-end=\"629\">Salviette antibatteriche per la casa, che offrono una soluzione rapida ed efficace per la pulizia quotidiana. Applicabili su varie superfici (es. cucina, bagno, mobili, vetro), eliminano il 99,9% dei batteri. Con profumazioni fresche, salviette grandi e resistenti.  <\/p>\n","protected":false},"featured_media":3577,"comment_status":"open","ping_status":"closed","template":"","meta":{"jetpack_post_was_ever_published":false,"jetpack_publicize_message":"","jetpack_publicize_feature_enabled":true,"jetpack_social_post_already_shared":true,"jetpack_social_options":{"image_generator_settings":{"template":"highway","default_image_id":0,"font":"","enabled":false},"version":2},"_wpas_customize_per_network":false},"product_brand":[2411],"product_cat":[1768],"product_tag":[1813,1809,1814,1810,1808,1807,1812,1811,1799,1800,1816,1801,1803,1815,1802,1804,1805,1798,1806],"class_list":{"0":"post-3513","1":"product","2":"type-product","3":"status-publish","4":"has-post-thumbnail","6":"product_brand-protector-torlokendo-it","7":"product_cat-salviette-antibatteriche","8":"product_tag-confezione-da-50-pezzi","9":"product_tag-miele-e-lanolina","10":"product_tag-multi-protector-it","11":"product_tag-per-superfici-a-contatto-con-gli-alimenti","12":"product_tag-profumo-di-limone","13":"product_tag-profumo-fresco","14":"product_tag-pulizia-rapida","15":"product_tag-pulizia-senza-aloni","16":"product_tag-salvietta","17":"product_tag-salvietta-antibatterica","18":"product_tag-salvietta-detergente","19":"product_tag-salvietta-disinfettante","20":"product_tag-salvietta-per-il-bagno","21":"product_tag-salvietta-per-la-casa","22":"product_tag-salvietta-per-la-cucina","23":"product_tag-salvietta-per-la-cura-dei-mobili","24":"product_tag-salvietta-per-la-pulizia-dei-vetri","25":"product_tag-salvietta-umidificata","26":"product_tag-salvietta-universale","28":"first","29":"instock","30":"taxable","31":"shipping-taxable","32":"purchasable","33":"product-type-simple"},"yoast_head":"<!-- This site is optimized with the Yoast SEO plugin v27.3 - https:\/\/yoast.com\/product\/yoast-seo-wordpress\/ -->\n<title>Multi Protector\u2122 Panno Antibatterico - Panno per la pulizia dei vetri - BABY GOLD\u2122 pelenka - PEKOVKER Kft.<\/title>\n<meta name=\"description\" content=\"Panno antibatterico per la casa, che offre una soluzione rapida ed efficace per la pulizia quotidiana. Applicabile su diverse superfici, elimina il 99,9% dei batteri.\" \/>\n<meta name=\"robots\" content=\"index, follow, max-snippet:-1, max-image-preview:large, max-video-preview:-1\" \/>\n<link rel=\"canonical\" href=\"https:\/\/babygold.net\/it\/termek\/multi-protector-salviette-antibatteriche-salviette-per-la-cura-dei-mobili-masolat\/\" \/>\n<meta property=\"og:locale\" content=\"it_IT\" \/>\n<meta property=\"og:type\" content=\"article\" \/>\n<meta property=\"og:title\" content=\"Multi Protector\u2122 Panno Antibatterico - Panno per la pulizia dei vetri - BABY GOLD\u2122 pelenka - PEKOVKER Kft.\" \/>\n<meta property=\"og:description\" content=\"Panno antibatterico per la casa, che offre una soluzione rapida ed efficace per la pulizia quotidiana. Applicabile su diverse superfici, elimina il 99,9% dei batteri.\" \/>\n<meta property=\"og:url\" content=\"https:\/\/babygold.net\/it\/termek\/multi-protector-salviette-antibatteriche-salviette-per-la-cura-dei-mobili-masolat\/\" \/>\n<meta property=\"og:site_name\" content=\"BABY GOLD\u2122 pelenka - PEKOVKER Kft.\" \/>\n<meta property=\"article:modified_time\" content=\"2025-09-25T07:05:40+00:00\" \/>\n<meta property=\"og:image\" content=\"https:\/\/babygold.net\/wp-content\/uploads\/2025\/09\/Protect03.png\" \/>\n\t<meta property=\"og:image:width\" content=\"2000\" \/>\n\t<meta property=\"og:image:height\" content=\"2000\" \/>\n\t<meta property=\"og:image:type\" content=\"image\/png\" \/>\n<meta name=\"twitter:card\" content=\"summary_large_image\" \/>\n<script type=\"application\/ld+json\" class=\"yoast-schema-graph\">{\"@context\":\"https:\\\/\\\/schema.org\",\"@graph\":[{\"@type\":\"WebPage\",\"@id\":\"https:\\\/\\\/babygold.net\\\/it\\\/termek\\\/multi-protector-salviette-antibatteriche-salviette-per-la-cura-dei-mobili-masolat\\\/\",\"url\":\"https:\\\/\\\/babygold.net\\\/it\\\/termek\\\/multi-protector-salviette-antibatteriche-salviette-per-la-cura-dei-mobili-masolat\\\/\",\"name\":\"Multi Protector\u2122 Panno Antibatterico - Panno per la pulizia dei vetri - BABY GOLD\u2122 pelenka - PEKOVKER Kft.\",\"isPartOf\":{\"@id\":\"https:\\\/\\\/babygold.net\\\/it\\\/#website\"},\"primaryImageOfPage\":{\"@id\":\"https:\\\/\\\/babygold.net\\\/it\\\/termek\\\/multi-protector-salviette-antibatteriche-salviette-per-la-cura-dei-mobili-masolat\\\/#primaryimage\"},\"image\":{\"@id\":\"https:\\\/\\\/babygold.net\\\/it\\\/termek\\\/multi-protector-salviette-antibatteriche-salviette-per-la-cura-dei-mobili-masolat\\\/#primaryimage\"},\"thumbnailUrl\":\"https:\\\/\\\/babygold.net\\\/wp-content\\\/uploads\\\/2025\\\/09\\\/Protect03.png\",\"datePublished\":\"2025-09-17T06:28:26+00:00\",\"dateModified\":\"2025-09-25T07:05:40+00:00\",\"description\":\"Panno antibatterico per la casa, che offre una soluzione rapida ed efficace per la pulizia quotidiana. Applicabile su diverse superfici, elimina il 99,9% dei batteri.\",\"breadcrumb\":{\"@id\":\"https:\\\/\\\/babygold.net\\\/it\\\/termek\\\/multi-protector-salviette-antibatteriche-salviette-per-la-cura-dei-mobili-masolat\\\/#breadcrumb\"},\"inLanguage\":\"it-IT\",\"potentialAction\":[{\"@type\":\"ReadAction\",\"target\":[\"https:\\\/\\\/babygold.net\\\/it\\\/termek\\\/multi-protector-salviette-antibatteriche-salviette-per-la-cura-dei-mobili-masolat\\\/\"]}]},{\"@type\":\"ImageObject\",\"inLanguage\":\"it-IT\",\"@id\":\"https:\\\/\\\/babygold.net\\\/it\\\/termek\\\/multi-protector-salviette-antibatteriche-salviette-per-la-cura-dei-mobili-masolat\\\/#primaryimage\",\"url\":\"https:\\\/\\\/babygold.net\\\/wp-content\\\/uploads\\\/2025\\\/09\\\/Protect03.png\",\"contentUrl\":\"https:\\\/\\\/babygold.net\\\/wp-content\\\/uploads\\\/2025\\\/09\\\/Protect03.png\",\"width\":2000,\"height\":2000},{\"@type\":\"BreadcrumbList\",\"@id\":\"https:\\\/\\\/babygold.net\\\/it\\\/termek\\\/multi-protector-salviette-antibatteriche-salviette-per-la-cura-dei-mobili-masolat\\\/#breadcrumb\",\"itemListElement\":[{\"@type\":\"ListItem\",\"position\":1,\"name\":\"Homepage\",\"item\":\"https:\\\/\\\/babygold.net\\\/it\\\/homepage\\\/\"},{\"@type\":\"ListItem\",\"position\":2,\"name\":\"Negozio\",\"item\":\"https:\\\/\\\/babygold.net\\\/it\\\/negozio\\\/\"},{\"@type\":\"ListItem\",\"position\":3,\"name\":\"Multi Protector\u2122 Panno Antibatterico &#8211; Panno per la pulizia dei vetri\"}]},{\"@type\":\"WebSite\",\"@id\":\"https:\\\/\\\/babygold.net\\\/it\\\/#website\",\"url\":\"https:\\\/\\\/babygold.net\\\/it\\\/\",\"name\":\"BABY GOLD\u2122 pelenka - PEKOVKER Kft.\",\"description\":\"Fedezze fel kiv\u00e1l\u00f3 min\u0151s\u00e9g\u0171 pelenk\u00e1inkat, \u00e9s \u00e9lvezze a BABY GOLD\u2122 \u00e1ltal k\u00edn\u00e1lt k\u00e9nyelm\u00e9t!\",\"potentialAction\":[{\"@type\":\"SearchAction\",\"target\":{\"@type\":\"EntryPoint\",\"urlTemplate\":\"https:\\\/\\\/babygold.net\\\/it\\\/?s={search_term_string}\"},\"query-input\":{\"@type\":\"PropertyValueSpecification\",\"valueRequired\":true,\"valueName\":\"search_term_string\"}}],\"inLanguage\":\"it-IT\"}]}<\/script>\n<!-- \/ Yoast SEO plugin. -->","yoast_head_json":{"title":"Multi Protector\u2122 Panno Antibatterico - Panno per la pulizia dei vetri - BABY GOLD\u2122 pelenka - PEKOVKER Kft.","description":"Panno antibatterico per la casa, che offre una soluzione rapida ed efficace per la pulizia quotidiana. Applicabile su diverse superfici, elimina il 99,9% dei batteri.","robots":{"index":"index","follow":"follow","max-snippet":"max-snippet:-1","max-image-preview":"max-image-preview:large","max-video-preview":"max-video-preview:-1"},"canonical":"https:\/\/babygold.net\/it\/termek\/multi-protector-salviette-antibatteriche-salviette-per-la-cura-dei-mobili-masolat\/","og_locale":"it_IT","og_type":"article","og_title":"Multi Protector\u2122 Panno Antibatterico - Panno per la pulizia dei vetri - BABY GOLD\u2122 pelenka - PEKOVKER Kft.","og_description":"Panno antibatterico per la casa, che offre una soluzione rapida ed efficace per la pulizia quotidiana. Applicabile su diverse superfici, elimina il 99,9% dei batteri.","og_url":"https:\/\/babygold.net\/it\/termek\/multi-protector-salviette-antibatteriche-salviette-per-la-cura-dei-mobili-masolat\/","og_site_name":"BABY GOLD\u2122 pelenka - PEKOVKER Kft.","article_modified_time":"2025-09-25T07:05:40+00:00","og_image":[{"width":2000,"height":2000,"url":"https:\/\/babygold.net\/wp-content\/uploads\/2025\/09\/Protect03.png","type":"image\/png"}],"twitter_card":"summary_large_image","schema":{"@context":"https:\/\/schema.org","@graph":[{"@type":"WebPage","@id":"https:\/\/babygold.net\/it\/termek\/multi-protector-salviette-antibatteriche-salviette-per-la-cura-dei-mobili-masolat\/","url":"https:\/\/babygold.net\/it\/termek\/multi-protector-salviette-antibatteriche-salviette-per-la-cura-dei-mobili-masolat\/","name":"Multi Protector\u2122 Panno Antibatterico - Panno per la pulizia dei vetri - BABY GOLD\u2122 pelenka - PEKOVKER Kft.","isPartOf":{"@id":"https:\/\/babygold.net\/it\/#website"},"primaryImageOfPage":{"@id":"https:\/\/babygold.net\/it\/termek\/multi-protector-salviette-antibatteriche-salviette-per-la-cura-dei-mobili-masolat\/#primaryimage"},"image":{"@id":"https:\/\/babygold.net\/it\/termek\/multi-protector-salviette-antibatteriche-salviette-per-la-cura-dei-mobili-masolat\/#primaryimage"},"thumbnailUrl":"https:\/\/babygold.net\/wp-content\/uploads\/2025\/09\/Protect03.png","datePublished":"2025-09-17T06:28:26+00:00","dateModified":"2025-09-25T07:05:40+00:00","description":"Panno antibatterico per la casa, che offre una soluzione rapida ed efficace per la pulizia quotidiana. Applicabile su diverse superfici, elimina il 99,9% dei batteri.","breadcrumb":{"@id":"https:\/\/babygold.net\/it\/termek\/multi-protector-salviette-antibatteriche-salviette-per-la-cura-dei-mobili-masolat\/#breadcrumb"},"inLanguage":"it-IT","potentialAction":[{"@type":"ReadAction","target":["https:\/\/babygold.net\/it\/termek\/multi-protector-salviette-antibatteriche-salviette-per-la-cura-dei-mobili-masolat\/"]}]},{"@type":"ImageObject","inLanguage":"it-IT","@id":"https:\/\/babygold.net\/it\/termek\/multi-protector-salviette-antibatteriche-salviette-per-la-cura-dei-mobili-masolat\/#primaryimage","url":"https:\/\/babygold.net\/wp-content\/uploads\/2025\/09\/Protect03.png","contentUrl":"https:\/\/babygold.net\/wp-content\/uploads\/2025\/09\/Protect03.png","width":2000,"height":2000},{"@type":"BreadcrumbList","@id":"https:\/\/babygold.net\/it\/termek\/multi-protector-salviette-antibatteriche-salviette-per-la-cura-dei-mobili-masolat\/#breadcrumb","itemListElement":[{"@type":"ListItem","position":1,"name":"Homepage","item":"https:\/\/babygold.net\/it\/homepage\/"},{"@type":"ListItem","position":2,"name":"Negozio","item":"https:\/\/babygold.net\/it\/negozio\/"},{"@type":"ListItem","position":3,"name":"Multi Protector\u2122 Panno Antibatterico &#8211; Panno per la pulizia dei vetri"}]},{"@type":"WebSite","@id":"https:\/\/babygold.net\/it\/#website","url":"https:\/\/babygold.net\/it\/","name":"BABY GOLD\u2122 pelenka - PEKOVKER Kft.","description":"Fedezze fel kiv\u00e1l\u00f3 min\u0151s\u00e9g\u0171 pelenk\u00e1inkat, \u00e9s \u00e9lvezze a BABY GOLD\u2122 \u00e1ltal k\u00edn\u00e1lt k\u00e9nyelm\u00e9t!","potentialAction":[{"@type":"SearchAction","target":{"@type":"EntryPoint","urlTemplate":"https:\/\/babygold.net\/it\/?s={search_term_string}"},"query-input":{"@type":"PropertyValueSpecification","valueRequired":true,"valueName":"search_term_string"}}],"inLanguage":"it-IT"}]}},"jetpack_publicize_connections":[],"jetpack_likes_enabled":true,"jetpack_sharing_enabled":true,"_links":{"self":[{"href":"https:\/\/babygold.net\/it\/wp-json\/wp\/v2\/product\/3513","targetHints":{"allow":["GET"]}}],"collection":[{"href":"https:\/\/babygold.net\/it\/wp-json\/wp\/v2\/product"}],"about":[{"href":"https:\/\/babygold.net\/it\/wp-json\/wp\/v2\/types\/product"}],"replies":[{"embeddable":true,"href":"https:\/\/babygold.net\/it\/wp-json\/wp\/v2\/comments?post=3513"}],"wp:featuredmedia":[{"embeddable":true,"href":"https:\/\/babygold.net\/it\/wp-json\/wp\/v2\/media\/3577"}],"wp:attachment":[{"href":"https:\/\/babygold.net\/it\/wp-json\/wp\/v2\/media?parent=3513"}],"wp:term":[{"taxonomy":"product_brand","embeddable":true,"href":"https:\/\/babygold.net\/it\/wp-json\/wp\/v2\/product_brand?post=3513"},{"taxonomy":"product_cat","embeddable":true,"href":"https:\/\/babygold.net\/it\/wp-json\/wp\/v2\/product_cat?post=3513"},{"taxonomy":"product_tag","embeddable":true,"href":"https:\/\/babygold.net\/it\/wp-json\/wp\/v2\/product_tag?post=3513"}],"curies":[{"name":"wp","href":"https:\/\/api.w.org\/{rel}","templated":true}]}}