{"id":1562,"date":"2025-07-27T20:13:11","date_gmt":"2025-07-27T18:13:11","guid":{"rendered":"https:\/\/babygold.net\/termek\/pannolino-a-mutandina-baby-gold-2\/"},"modified":"2025-09-16T09:09:21","modified_gmt":"2025-09-16T07:09:21","slug":"pannolino-a-mutandina-baby-gold-2","status":"publish","type":"product","link":"https:\/\/babygold.net\/it\/termek\/pannolino-a-mutandina-baby-gold-2\/","title":{"rendered":"Pannolino a mutandina Baby Gold"},"content":{"rendered":"<p>I <strong data-start=\"2\" data-end=\"29\">pannolini a mutandina Baby Gold<\/strong> nelle taglie XL e XXL si adattano alle esigenze dei bambini pi\u00f9 grandi e attivi. Il loro design premium e le funzioni pratiche garantiscono comfort per tutto il giorno e una protezione affidabile. <\/p>\n<p><strong>Caratteristiche principali<\/strong><br \/>\nLo strato interno ultra-morbido e traspirante assicura la libera ventilazione della pelle, riducendo la possibilit\u00e0 di irritazioni o arrossamenti.<br \/>\nCanali di assorbimento dell&#8217;umidit\u00e0 e nucleo superassorbente ADL allontanano e assorbono efficacemente i liquidi.<br \/>\nElastico alto sulle cosce e barriera protettiva impediscono le fuoriuscite anche durante il movimento.<br \/>\nLa fascia elastica in vita si adatta perfettamente e tiene bene anche in posizioni laterali e supine.<br \/>\nLa chiusura a strappo permette aperture e chiusure ripetute, rimanendo resistente anche dopo l&#8217;uso di creme per il sederino.<br \/>\nFormula dermatologicamente testata, senza lattice, profumo e fragranze, sviluppata appositamente per la pelle sensibile dei bambini.<\/p>\n<table>\n<thead>\n<tr>\n<th>Taglia<\/th>\n<th>Fascia di peso<\/th>\n<th>Confezione<\/th>\n<\/tr>\n<\/thead>\n<tbody>\n<tr>\n<td>XL Junior<\/td>\n<td>12\u201325\u202fkg<\/td>\n<td>38 pz<\/td>\n<\/tr>\n<tr>\n<td>XXL Junior+<\/td>\n<td>15\u201332\u202fkg<\/td>\n<td>35 pz<\/td>\n<\/tr>\n<\/tbody>\n<\/table>\n<p>Questo prodotto \u00e8 ideale per i bambini con uno stile di vita attivo. L&#8217;elevato comfort \u00e8 assicurato dall&#8217;assorbimento e dal rapido allontanamento dell&#8217;umidit\u00e0, dal design delicato sulla pelle e dalla chiusura resistente. Per i genitori consapevoli, \u00e8 importante che il pannolino sia realizzato con materiali adatti ai bambini e con cura.  <\/p>\n","protected":false},"excerpt":{"rendered":"<p>Pannolino a mutandina comodo e traspirante per bambini pi\u00f9 grandi. Lo strato interno morbido, la fascia elastica in vita e l&#8217;elastico alto sulle cosce garantiscono la sicurezza. Senza lattice e profumo, dermatologicamente testato \u2013 ideale anche per pelli sensibili.  <\/p>\n","protected":false},"featured_media":1564,"comment_status":"open","ping_status":"closed","template":"","meta":{"jetpack_post_was_ever_published":false,"jetpack_publicize_message":"","jetpack_publicize_feature_enabled":true,"jetpack_social_post_already_shared":true,"jetpack_social_options":{"image_generator_settings":{"template":"highway","default_image_id":0,"font":"","enabled":false},"version":2},"_wpas_customize_per_network":false},"product_brand":[2404],"product_cat":[2235],"product_tag":[2130,2131,2120,1836,2124,1843,2129,2127,1850,2118,2236,2144,2125,2126,2145,2146,2132,1840,2123,2121,1847,2122,2142,2143,2128,2119],"class_list":{"0":"post-1562","1":"product","2":"type-product","3":"status-publish","4":"has-post-thumbnail","6":"product_brand-baby-gold-it","7":"product_cat-pannolini-a-mutandina-it","8":"product_tag-adatto-ai-bambini","9":"product_tag-anche-per-uso-notturno","10":"product_tag-anti-perdita","11":"product_tag-baby-gold-it","12":"product_tag-con-chiusura-a-strappo","13":"product_tag-dermatologicamente-testato","14":"product_tag-extra-assorbente","15":"product_tag-fascia-elastica-in-vita","16":"product_tag-ipoallergenico","17":"product_tag-pannolino","18":"product_tag-pannolino-a-mutandina-it","19":"product_tag-pannolino-in-confezione","20":"product_tag-pannolino-morbido","21":"product_tag-pannolino-per-bambini","22":"product_tag-pannolino-premium","23":"product_tag-pannolino-ungherese","24":"product_tag-per-bambini-attivi","25":"product_tag-per-pelli-sensibili","26":"product_tag-senza-crema","27":"product_tag-senza-lattice","28":"product_tag-senza-profumo","29":"product_tag-senza-profumo-it","30":"product_tag-taglia-xl","31":"product_tag-taglia-xxl","32":"product_tag-tecnologia-adl","33":"product_tag-traspirante","35":"first","36":"outofstock","37":"taxable","38":"shipping-taxable","39":"purchasable","40":"product-type-variable"},"yoast_head":"<!-- This site is optimized with the Yoast SEO plugin v27.3 - https:\/\/yoast.com\/product\/yoast-seo-wordpress\/ -->\n<title>Pannolino a mutandina Baby Gold - BABY GOLD\u2122 pelenka - PEKOVKER Kft.<\/title>\n<meta name=\"description\" content=\"Pannolino mutandina Baby Gold XL\/XXL: traspirante, morbido, anti-perdita, pelli sensibili.\" \/>\n<meta name=\"robots\" content=\"index, follow, max-snippet:-1, max-image-preview:large, max-video-preview:-1\" \/>\n<link rel=\"canonical\" href=\"https:\/\/babygold.net\/it\/termek\/pannolino-a-mutandina-baby-gold-2\/\" \/>\n<meta property=\"og:locale\" content=\"it_IT\" \/>\n<meta property=\"og:type\" content=\"article\" \/>\n<meta property=\"og:title\" content=\"Pannolino a mutandina Baby Gold - BABY GOLD\u2122 pelenka - PEKOVKER Kft.\" \/>\n<meta property=\"og:description\" content=\"Pannolino mutandina Baby Gold XL\/XXL: traspirante, morbido, anti-perdita, pelli sensibili.\" \/>\n<meta property=\"og:url\" content=\"https:\/\/babygold.net\/it\/termek\/pannolino-a-mutandina-baby-gold-2\/\" \/>\n<meta property=\"og:site_name\" content=\"BABY GOLD\u2122 pelenka - PEKOVKER Kft.\" \/>\n<meta property=\"article:modified_time\" content=\"2025-09-16T07:09:21+00:00\" \/>\n<meta property=\"og:image\" content=\"https:\/\/babygold.net\/wp-content\/uploads\/2025\/07\/Pelenka_bugyi_kozos.png\" \/>\n\t<meta property=\"og:image:width\" content=\"2000\" \/>\n\t<meta property=\"og:image:height\" content=\"2000\" \/>\n\t<meta property=\"og:image:type\" content=\"image\/png\" \/>\n<meta name=\"twitter:card\" content=\"summary_large_image\" \/>\n<meta name=\"twitter:label1\" content=\"Tempo di lettura stimato\" \/>\n\t<meta name=\"twitter:data1\" content=\"1 minuto\" \/>\n<script type=\"application\/ld+json\" class=\"yoast-schema-graph\">{\"@context\":\"https:\\\/\\\/schema.org\",\"@graph\":[{\"@type\":\"WebPage\",\"@id\":\"https:\\\/\\\/babygold.net\\\/it\\\/termek\\\/pannolino-a-mutandina-baby-gold-2\\\/\",\"url\":\"https:\\\/\\\/babygold.net\\\/it\\\/termek\\\/pannolino-a-mutandina-baby-gold-2\\\/\",\"name\":\"Pannolino a mutandina Baby Gold - BABY GOLD\u2122 pelenka - PEKOVKER Kft.\",\"isPartOf\":{\"@id\":\"https:\\\/\\\/babygold.net\\\/it\\\/#website\"},\"primaryImageOfPage\":{\"@id\":\"https:\\\/\\\/babygold.net\\\/it\\\/termek\\\/pannolino-a-mutandina-baby-gold-2\\\/#primaryimage\"},\"image\":{\"@id\":\"https:\\\/\\\/babygold.net\\\/it\\\/termek\\\/pannolino-a-mutandina-baby-gold-2\\\/#primaryimage\"},\"thumbnailUrl\":\"https:\\\/\\\/babygold.net\\\/wp-content\\\/uploads\\\/2025\\\/07\\\/Pelenka_bugyi_kozos.png\",\"datePublished\":\"2025-07-27T18:13:11+00:00\",\"dateModified\":\"2025-09-16T07:09:21+00:00\",\"description\":\"Pannolino mutandina Baby Gold XL\\\/XXL: traspirante, morbido, anti-perdita, pelli sensibili.\",\"breadcrumb\":{\"@id\":\"https:\\\/\\\/babygold.net\\\/it\\\/termek\\\/pannolino-a-mutandina-baby-gold-2\\\/#breadcrumb\"},\"inLanguage\":\"it-IT\",\"potentialAction\":[{\"@type\":\"ReadAction\",\"target\":[\"https:\\\/\\\/babygold.net\\\/it\\\/termek\\\/pannolino-a-mutandina-baby-gold-2\\\/\"]}]},{\"@type\":\"ImageObject\",\"inLanguage\":\"it-IT\",\"@id\":\"https:\\\/\\\/babygold.net\\\/it\\\/termek\\\/pannolino-a-mutandina-baby-gold-2\\\/#primaryimage\",\"url\":\"https:\\\/\\\/babygold.net\\\/wp-content\\\/uploads\\\/2025\\\/07\\\/Pelenka_bugyi_kozos.png\",\"contentUrl\":\"https:\\\/\\\/babygold.net\\\/wp-content\\\/uploads\\\/2025\\\/07\\\/Pelenka_bugyi_kozos.png\",\"width\":2000,\"height\":2000},{\"@type\":\"BreadcrumbList\",\"@id\":\"https:\\\/\\\/babygold.net\\\/it\\\/termek\\\/pannolino-a-mutandina-baby-gold-2\\\/#breadcrumb\",\"itemListElement\":[{\"@type\":\"ListItem\",\"position\":1,\"name\":\"Homepage\",\"item\":\"https:\\\/\\\/babygold.net\\\/it\\\/homepage\\\/\"},{\"@type\":\"ListItem\",\"position\":2,\"name\":\"Negozio\",\"item\":\"https:\\\/\\\/babygold.net\\\/it\\\/negozio\\\/\"},{\"@type\":\"ListItem\",\"position\":3,\"name\":\"Pannolino a mutandina Baby Gold\"}]},{\"@type\":\"WebSite\",\"@id\":\"https:\\\/\\\/babygold.net\\\/it\\\/#website\",\"url\":\"https:\\\/\\\/babygold.net\\\/it\\\/\",\"name\":\"BABY GOLD\u2122 pelenka - PEKOVKER Kft.\",\"description\":\"Fedezze fel kiv\u00e1l\u00f3 min\u0151s\u00e9g\u0171 pelenk\u00e1inkat, \u00e9s \u00e9lvezze a BABY GOLD\u2122 \u00e1ltal k\u00edn\u00e1lt k\u00e9nyelm\u00e9t!\",\"potentialAction\":[{\"@type\":\"SearchAction\",\"target\":{\"@type\":\"EntryPoint\",\"urlTemplate\":\"https:\\\/\\\/babygold.net\\\/it\\\/?s={search_term_string}\"},\"query-input\":{\"@type\":\"PropertyValueSpecification\",\"valueRequired\":true,\"valueName\":\"search_term_string\"}}],\"inLanguage\":\"it-IT\"}]}<\/script>\n<!-- \/ Yoast SEO plugin. -->","yoast_head_json":{"title":"Pannolino a mutandina Baby Gold - BABY GOLD\u2122 pelenka - PEKOVKER Kft.","description":"Pannolino mutandina Baby Gold XL\/XXL: traspirante, morbido, anti-perdita, pelli sensibili.","robots":{"index":"index","follow":"follow","max-snippet":"max-snippet:-1","max-image-preview":"max-image-preview:large","max-video-preview":"max-video-preview:-1"},"canonical":"https:\/\/babygold.net\/it\/termek\/pannolino-a-mutandina-baby-gold-2\/","og_locale":"it_IT","og_type":"article","og_title":"Pannolino a mutandina Baby Gold - BABY GOLD\u2122 pelenka - PEKOVKER Kft.","og_description":"Pannolino mutandina Baby Gold XL\/XXL: traspirante, morbido, anti-perdita, pelli sensibili.","og_url":"https:\/\/babygold.net\/it\/termek\/pannolino-a-mutandina-baby-gold-2\/","og_site_name":"BABY GOLD\u2122 pelenka - PEKOVKER Kft.","article_modified_time":"2025-09-16T07:09:21+00:00","og_image":[{"width":2000,"height":2000,"url":"https:\/\/babygold.net\/wp-content\/uploads\/2025\/07\/Pelenka_bugyi_kozos.png","type":"image\/png"}],"twitter_card":"summary_large_image","twitter_misc":{"Tempo di lettura stimato":"1 minuto"},"schema":{"@context":"https:\/\/schema.org","@graph":[{"@type":"WebPage","@id":"https:\/\/babygold.net\/it\/termek\/pannolino-a-mutandina-baby-gold-2\/","url":"https:\/\/babygold.net\/it\/termek\/pannolino-a-mutandina-baby-gold-2\/","name":"Pannolino a mutandina Baby Gold - BABY GOLD\u2122 pelenka - PEKOVKER Kft.","isPartOf":{"@id":"https:\/\/babygold.net\/it\/#website"},"primaryImageOfPage":{"@id":"https:\/\/babygold.net\/it\/termek\/pannolino-a-mutandina-baby-gold-2\/#primaryimage"},"image":{"@id":"https:\/\/babygold.net\/it\/termek\/pannolino-a-mutandina-baby-gold-2\/#primaryimage"},"thumbnailUrl":"https:\/\/babygold.net\/wp-content\/uploads\/2025\/07\/Pelenka_bugyi_kozos.png","datePublished":"2025-07-27T18:13:11+00:00","dateModified":"2025-09-16T07:09:21+00:00","description":"Pannolino mutandina Baby Gold XL\/XXL: traspirante, morbido, anti-perdita, pelli sensibili.","breadcrumb":{"@id":"https:\/\/babygold.net\/it\/termek\/pannolino-a-mutandina-baby-gold-2\/#breadcrumb"},"inLanguage":"it-IT","potentialAction":[{"@type":"ReadAction","target":["https:\/\/babygold.net\/it\/termek\/pannolino-a-mutandina-baby-gold-2\/"]}]},{"@type":"ImageObject","inLanguage":"it-IT","@id":"https:\/\/babygold.net\/it\/termek\/pannolino-a-mutandina-baby-gold-2\/#primaryimage","url":"https:\/\/babygold.net\/wp-content\/uploads\/2025\/07\/Pelenka_bugyi_kozos.png","contentUrl":"https:\/\/babygold.net\/wp-content\/uploads\/2025\/07\/Pelenka_bugyi_kozos.png","width":2000,"height":2000},{"@type":"BreadcrumbList","@id":"https:\/\/babygold.net\/it\/termek\/pannolino-a-mutandina-baby-gold-2\/#breadcrumb","itemListElement":[{"@type":"ListItem","position":1,"name":"Homepage","item":"https:\/\/babygold.net\/it\/homepage\/"},{"@type":"ListItem","position":2,"name":"Negozio","item":"https:\/\/babygold.net\/it\/negozio\/"},{"@type":"ListItem","position":3,"name":"Pannolino a mutandina Baby Gold"}]},{"@type":"WebSite","@id":"https:\/\/babygold.net\/it\/#website","url":"https:\/\/babygold.net\/it\/","name":"BABY GOLD\u2122 pelenka - PEKOVKER Kft.","description":"Fedezze fel kiv\u00e1l\u00f3 min\u0151s\u00e9g\u0171 pelenk\u00e1inkat, \u00e9s \u00e9lvezze a BABY GOLD\u2122 \u00e1ltal k\u00edn\u00e1lt k\u00e9nyelm\u00e9t!","potentialAction":[{"@type":"SearchAction","target":{"@type":"EntryPoint","urlTemplate":"https:\/\/babygold.net\/it\/?s={search_term_string}"},"query-input":{"@type":"PropertyValueSpecification","valueRequired":true,"valueName":"search_term_string"}}],"inLanguage":"it-IT"}]}},"jetpack_publicize_connections":[],"jetpack_likes_enabled":true,"jetpack_sharing_enabled":true,"_links":{"self":[{"href":"https:\/\/babygold.net\/it\/wp-json\/wp\/v2\/product\/1562","targetHints":{"allow":["GET"]}}],"collection":[{"href":"https:\/\/babygold.net\/it\/wp-json\/wp\/v2\/product"}],"about":[{"href":"https:\/\/babygold.net\/it\/wp-json\/wp\/v2\/types\/product"}],"replies":[{"embeddable":true,"href":"https:\/\/babygold.net\/it\/wp-json\/wp\/v2\/comments?post=1562"}],"wp:featuredmedia":[{"embeddable":true,"href":"https:\/\/babygold.net\/it\/wp-json\/wp\/v2\/media\/1564"}],"wp:attachment":[{"href":"https:\/\/babygold.net\/it\/wp-json\/wp\/v2\/media?parent=1562"}],"wp:term":[{"taxonomy":"product_brand","embeddable":true,"href":"https:\/\/babygold.net\/it\/wp-json\/wp\/v2\/product_brand?post=1562"},{"taxonomy":"product_cat","embeddable":true,"href":"https:\/\/babygold.net\/it\/wp-json\/wp\/v2\/product_cat?post=1562"},{"taxonomy":"product_tag","embeddable":true,"href":"https:\/\/babygold.net\/it\/wp-json\/wp\/v2\/product_tag?post=1562"}],"curies":[{"name":"wp","href":"https:\/\/api.w.org\/{rel}","templated":true}]}}