{"id":3512,"date":"2025-09-17T08:28:26","date_gmt":"2025-09-17T06:28:26","guid":{"rendered":"https:\/\/babygold.net\/?post_type=product&#038;p=3512"},"modified":"2025-09-25T09:05:42","modified_gmt":"2025-09-25T07:05:42","slug":"multi-protector-lingettes-antibacteriennes-lingettes-dentretien-pour-meubles-masolat","status":"publish","type":"product","link":"https:\/\/babygold.net\/fr\/termek\/multi-protector-lingettes-antibacteriennes-lingettes-dentretien-pour-meubles-masolat\/","title":{"rendered":"Multi Protector\u2122 Lingettes Antibact\u00e9riennes &#8211; Lingettes nettoyantes pour vitres"},"content":{"rendered":"<p>La lingette humide <strong>Multi Protector\u2122<\/strong> est une lingette nettoyante antibact\u00e9rienne polyvalente, d\u00e9velopp\u00e9e pour r\u00e9pondre aux besoins des m\u00e9nages modernes. Chaque lingette est de grande taille (20 \u00d7 19,5 cm), \u00e9paisse et r\u00e9sistante, combattant efficacement les salet\u00e9s et les bact\u00e9ries. <\/p>\n<p><strong>Principaux avantages :<\/strong><br \/>\n\u00c9limine 99,9% des bact\u00e9ries (ex. E. coli, Salmonelle, Listeria)<br \/>\nFacile \u00e0 utiliser, pas besoin d&rsquo;eau ni de produit nettoyant suppl\u00e9mentaire<br \/>\nUtilisable sur diverses surfaces : cuisine, salle de bain, meubles, verre<br \/>\nParfums frais (ex. citron)<br \/>\nPropret\u00e9 et hygi\u00e8ne sans traces<br \/>\nId\u00e9al pour un usage quotidien<\/p>\n<p><strong>Utilisation :<\/strong><br \/>\nTirez simplement une lingette, essuyez la surface \u00e0 nettoyer, puis jetez la lingette usag\u00e9e. Pas besoin de rincer, offre un r\u00e9sultat imm\u00e9diatement utilisable. <\/p>\n","protected":false},"excerpt":{"rendered":"<p data-start=\"358\" data-end=\"629\">Lingette m\u00e9nag\u00e8re antibact\u00e9rienne offrant une solution rapide et efficace pour le nettoyage quotidien. Utilisable sur diverses surfaces (ex. cuisine, salle de bain, meubles, verre), \u00e9limine 99,9% des bact\u00e9ries. Avec des parfums rafra\u00eechissants, lingettes de grande taille et r\u00e9sistantes.  <\/p>\n","protected":false},"featured_media":3575,"comment_status":"open","ping_status":"closed","template":"","meta":{"jetpack_post_was_ever_published":false,"jetpack_publicize_message":"","jetpack_publicize_feature_enabled":true,"jetpack_social_post_already_shared":true,"jetpack_social_options":{"image_generator_settings":{"template":"highway","default_image_id":0,"font":"","enabled":false},"version":2},"_wpas_customize_per_network":false},"product_brand":[2412],"product_cat":[1823],"product_tag":[1857,1838,1839,1845,1841,1842,1837,1860,1862,1844,1846,1848,1852,1859,1856,1855,1851,1849,1853],"class_list":{"0":"post-3512","1":"product","2":"type-product","3":"status-publish","4":"has-post-thumbnail","6":"product_brand-protector-torlokendo-fr","7":"product_cat-lingettes-antibacteriennes","8":"product_tag-conditionnement-de-50-pieces","9":"product_tag-lingette","10":"product_tag-lingette-antibacterienne","11":"product_tag-lingette-dentretien-pour-meubles","12":"product_tag-lingette-desinfectante","13":"product_tag-lingette-de-cuisine","14":"product_tag-lingette-humide","15":"product_tag-lingette-menagere","16":"product_tag-lingette-nettoyante","17":"product_tag-lingette-pour-salle-de-bain","18":"product_tag-lingette-pour-vitres","19":"product_tag-lingette-universelle","20":"product_tag-miel-et-lanoline","21":"product_tag-multi-protector-fr","22":"product_tag-nettoyage-rapide","23":"product_tag-nettoyage-sans-traces","24":"product_tag-parfum-citron","25":"product_tag-parfum-frais","26":"product_tag-pour-surfaces-en-contact-avec-les-aliments","28":"first","29":"instock","30":"taxable","31":"shipping-taxable","32":"purchasable","33":"product-type-simple"},"yoast_head":"<!-- This site is optimized with the Yoast SEO plugin v27.3 - https:\/\/yoast.com\/product\/yoast-seo-wordpress\/ -->\n<title>Multi Protector\u2122 Lingettes Antibact\u00e9riennes - Lingettes nettoyantes pour vitres - BABY GOLD\u2122 pelenka - PEKOVKER Kft.<\/title>\n<meta name=\"description\" content=\"Lingette antibact\u00e9rienne m\u00e9nag\u00e8re offrant une solution rapide et efficace pour le nettoyage quotidien. Utilisable sur diff\u00e9rentes surfaces, elle \u00e9limine 99,9 % des bact\u00e9ries.\" \/>\n<meta name=\"robots\" content=\"index, follow, max-snippet:-1, max-image-preview:large, max-video-preview:-1\" \/>\n<link rel=\"canonical\" href=\"https:\/\/babygold.net\/fr\/termek\/multi-protector-lingettes-antibacteriennes-lingettes-dentretien-pour-meubles-masolat\/\" \/>\n<meta property=\"og:locale\" content=\"fr_FR\" \/>\n<meta property=\"og:type\" content=\"article\" \/>\n<meta property=\"og:title\" content=\"Multi Protector\u2122 Lingettes Antibact\u00e9riennes - Lingettes nettoyantes pour vitres - BABY GOLD\u2122 pelenka - PEKOVKER Kft.\" \/>\n<meta property=\"og:description\" content=\"Lingette antibact\u00e9rienne m\u00e9nag\u00e8re offrant une solution rapide et efficace pour le nettoyage quotidien. Utilisable sur diff\u00e9rentes surfaces, elle \u00e9limine 99,9 % des bact\u00e9ries.\" \/>\n<meta property=\"og:url\" content=\"https:\/\/babygold.net\/fr\/termek\/multi-protector-lingettes-antibacteriennes-lingettes-dentretien-pour-meubles-masolat\/\" \/>\n<meta property=\"og:site_name\" content=\"BABY GOLD\u2122 pelenka - PEKOVKER Kft.\" \/>\n<meta property=\"article:modified_time\" content=\"2025-09-25T07:05:42+00:00\" \/>\n<meta property=\"og:image\" content=\"https:\/\/babygold.net\/wp-content\/uploads\/2025\/09\/Protect03.png\" \/>\n\t<meta property=\"og:image:width\" content=\"2000\" \/>\n\t<meta property=\"og:image:height\" content=\"2000\" \/>\n\t<meta property=\"og:image:type\" content=\"image\/png\" \/>\n<meta name=\"twitter:card\" content=\"summary_large_image\" \/>\n<meta name=\"twitter:label1\" content=\"Dur\u00e9e de lecture estim\u00e9e\" \/>\n\t<meta name=\"twitter:data1\" content=\"1 minute\" \/>\n<script type=\"application\/ld+json\" class=\"yoast-schema-graph\">{\"@context\":\"https:\\\/\\\/schema.org\",\"@graph\":[{\"@type\":\"WebPage\",\"@id\":\"https:\\\/\\\/babygold.net\\\/fr\\\/termek\\\/multi-protector-lingettes-antibacteriennes-lingettes-dentretien-pour-meubles-masolat\\\/\",\"url\":\"https:\\\/\\\/babygold.net\\\/fr\\\/termek\\\/multi-protector-lingettes-antibacteriennes-lingettes-dentretien-pour-meubles-masolat\\\/\",\"name\":\"Multi Protector\u2122 Lingettes Antibact\u00e9riennes - Lingettes nettoyantes pour vitres - BABY GOLD\u2122 pelenka - PEKOVKER Kft.\",\"isPartOf\":{\"@id\":\"https:\\\/\\\/babygold.net\\\/fr\\\/#website\"},\"primaryImageOfPage\":{\"@id\":\"https:\\\/\\\/babygold.net\\\/fr\\\/termek\\\/multi-protector-lingettes-antibacteriennes-lingettes-dentretien-pour-meubles-masolat\\\/#primaryimage\"},\"image\":{\"@id\":\"https:\\\/\\\/babygold.net\\\/fr\\\/termek\\\/multi-protector-lingettes-antibacteriennes-lingettes-dentretien-pour-meubles-masolat\\\/#primaryimage\"},\"thumbnailUrl\":\"https:\\\/\\\/babygold.net\\\/wp-content\\\/uploads\\\/2025\\\/09\\\/Protect03.png\",\"datePublished\":\"2025-09-17T06:28:26+00:00\",\"dateModified\":\"2025-09-25T07:05:42+00:00\",\"description\":\"Lingette antibact\u00e9rienne m\u00e9nag\u00e8re offrant une solution rapide et efficace pour le nettoyage quotidien. Utilisable sur diff\u00e9rentes surfaces, elle \u00e9limine 99,9 % des bact\u00e9ries.\",\"breadcrumb\":{\"@id\":\"https:\\\/\\\/babygold.net\\\/fr\\\/termek\\\/multi-protector-lingettes-antibacteriennes-lingettes-dentretien-pour-meubles-masolat\\\/#breadcrumb\"},\"inLanguage\":\"fr-FR\",\"potentialAction\":[{\"@type\":\"ReadAction\",\"target\":[\"https:\\\/\\\/babygold.net\\\/fr\\\/termek\\\/multi-protector-lingettes-antibacteriennes-lingettes-dentretien-pour-meubles-masolat\\\/\"]}]},{\"@type\":\"ImageObject\",\"inLanguage\":\"fr-FR\",\"@id\":\"https:\\\/\\\/babygold.net\\\/fr\\\/termek\\\/multi-protector-lingettes-antibacteriennes-lingettes-dentretien-pour-meubles-masolat\\\/#primaryimage\",\"url\":\"https:\\\/\\\/babygold.net\\\/wp-content\\\/uploads\\\/2025\\\/09\\\/Protect03.png\",\"contentUrl\":\"https:\\\/\\\/babygold.net\\\/wp-content\\\/uploads\\\/2025\\\/09\\\/Protect03.png\",\"width\":2000,\"height\":2000},{\"@type\":\"BreadcrumbList\",\"@id\":\"https:\\\/\\\/babygold.net\\\/fr\\\/termek\\\/multi-protector-lingettes-antibacteriennes-lingettes-dentretien-pour-meubles-masolat\\\/#breadcrumb\",\"itemListElement\":[{\"@type\":\"ListItem\",\"position\":1,\"name\":\"Accueil\",\"item\":\"https:\\\/\\\/babygold.net\\\/fr\\\/page-daccueil\\\/\"},{\"@type\":\"ListItem\",\"position\":2,\"name\":\"Boutique\",\"item\":\"https:\\\/\\\/babygold.net\\\/fr\\\/boutique\\\/\"},{\"@type\":\"ListItem\",\"position\":3,\"name\":\"Multi Protector\u2122 Lingettes Antibact\u00e9riennes &#8211; Lingettes nettoyantes pour vitres\"}]},{\"@type\":\"WebSite\",\"@id\":\"https:\\\/\\\/babygold.net\\\/fr\\\/#website\",\"url\":\"https:\\\/\\\/babygold.net\\\/fr\\\/\",\"name\":\"BABY GOLD\u2122 pelenka - PEKOVKER Kft.\",\"description\":\"Fedezze fel kiv\u00e1l\u00f3 min\u0151s\u00e9g\u0171 pelenk\u00e1inkat, \u00e9s \u00e9lvezze a BABY GOLD\u2122 \u00e1ltal k\u00edn\u00e1lt k\u00e9nyelm\u00e9t!\",\"potentialAction\":[{\"@type\":\"SearchAction\",\"target\":{\"@type\":\"EntryPoint\",\"urlTemplate\":\"https:\\\/\\\/babygold.net\\\/fr\\\/?s={search_term_string}\"},\"query-input\":{\"@type\":\"PropertyValueSpecification\",\"valueRequired\":true,\"valueName\":\"search_term_string\"}}],\"inLanguage\":\"fr-FR\"}]}<\/script>\n<!-- \/ Yoast SEO plugin. -->","yoast_head_json":{"title":"Multi Protector\u2122 Lingettes Antibact\u00e9riennes - Lingettes nettoyantes pour vitres - BABY GOLD\u2122 pelenka - PEKOVKER Kft.","description":"Lingette antibact\u00e9rienne m\u00e9nag\u00e8re offrant une solution rapide et efficace pour le nettoyage quotidien. Utilisable sur diff\u00e9rentes surfaces, elle \u00e9limine 99,9 % des bact\u00e9ries.","robots":{"index":"index","follow":"follow","max-snippet":"max-snippet:-1","max-image-preview":"max-image-preview:large","max-video-preview":"max-video-preview:-1"},"canonical":"https:\/\/babygold.net\/fr\/termek\/multi-protector-lingettes-antibacteriennes-lingettes-dentretien-pour-meubles-masolat\/","og_locale":"fr_FR","og_type":"article","og_title":"Multi Protector\u2122 Lingettes Antibact\u00e9riennes - Lingettes nettoyantes pour vitres - BABY GOLD\u2122 pelenka - PEKOVKER Kft.","og_description":"Lingette antibact\u00e9rienne m\u00e9nag\u00e8re offrant une solution rapide et efficace pour le nettoyage quotidien. Utilisable sur diff\u00e9rentes surfaces, elle \u00e9limine 99,9 % des bact\u00e9ries.","og_url":"https:\/\/babygold.net\/fr\/termek\/multi-protector-lingettes-antibacteriennes-lingettes-dentretien-pour-meubles-masolat\/","og_site_name":"BABY GOLD\u2122 pelenka - PEKOVKER Kft.","article_modified_time":"2025-09-25T07:05:42+00:00","og_image":[{"width":2000,"height":2000,"url":"https:\/\/babygold.net\/wp-content\/uploads\/2025\/09\/Protect03.png","type":"image\/png"}],"twitter_card":"summary_large_image","twitter_misc":{"Dur\u00e9e de lecture estim\u00e9e":"1 minute"},"schema":{"@context":"https:\/\/schema.org","@graph":[{"@type":"WebPage","@id":"https:\/\/babygold.net\/fr\/termek\/multi-protector-lingettes-antibacteriennes-lingettes-dentretien-pour-meubles-masolat\/","url":"https:\/\/babygold.net\/fr\/termek\/multi-protector-lingettes-antibacteriennes-lingettes-dentretien-pour-meubles-masolat\/","name":"Multi Protector\u2122 Lingettes Antibact\u00e9riennes - Lingettes nettoyantes pour vitres - BABY GOLD\u2122 pelenka - PEKOVKER Kft.","isPartOf":{"@id":"https:\/\/babygold.net\/fr\/#website"},"primaryImageOfPage":{"@id":"https:\/\/babygold.net\/fr\/termek\/multi-protector-lingettes-antibacteriennes-lingettes-dentretien-pour-meubles-masolat\/#primaryimage"},"image":{"@id":"https:\/\/babygold.net\/fr\/termek\/multi-protector-lingettes-antibacteriennes-lingettes-dentretien-pour-meubles-masolat\/#primaryimage"},"thumbnailUrl":"https:\/\/babygold.net\/wp-content\/uploads\/2025\/09\/Protect03.png","datePublished":"2025-09-17T06:28:26+00:00","dateModified":"2025-09-25T07:05:42+00:00","description":"Lingette antibact\u00e9rienne m\u00e9nag\u00e8re offrant une solution rapide et efficace pour le nettoyage quotidien. Utilisable sur diff\u00e9rentes surfaces, elle \u00e9limine 99,9 % des bact\u00e9ries.","breadcrumb":{"@id":"https:\/\/babygold.net\/fr\/termek\/multi-protector-lingettes-antibacteriennes-lingettes-dentretien-pour-meubles-masolat\/#breadcrumb"},"inLanguage":"fr-FR","potentialAction":[{"@type":"ReadAction","target":["https:\/\/babygold.net\/fr\/termek\/multi-protector-lingettes-antibacteriennes-lingettes-dentretien-pour-meubles-masolat\/"]}]},{"@type":"ImageObject","inLanguage":"fr-FR","@id":"https:\/\/babygold.net\/fr\/termek\/multi-protector-lingettes-antibacteriennes-lingettes-dentretien-pour-meubles-masolat\/#primaryimage","url":"https:\/\/babygold.net\/wp-content\/uploads\/2025\/09\/Protect03.png","contentUrl":"https:\/\/babygold.net\/wp-content\/uploads\/2025\/09\/Protect03.png","width":2000,"height":2000},{"@type":"BreadcrumbList","@id":"https:\/\/babygold.net\/fr\/termek\/multi-protector-lingettes-antibacteriennes-lingettes-dentretien-pour-meubles-masolat\/#breadcrumb","itemListElement":[{"@type":"ListItem","position":1,"name":"Accueil","item":"https:\/\/babygold.net\/fr\/page-daccueil\/"},{"@type":"ListItem","position":2,"name":"Boutique","item":"https:\/\/babygold.net\/fr\/boutique\/"},{"@type":"ListItem","position":3,"name":"Multi Protector\u2122 Lingettes Antibact\u00e9riennes &#8211; Lingettes nettoyantes pour vitres"}]},{"@type":"WebSite","@id":"https:\/\/babygold.net\/fr\/#website","url":"https:\/\/babygold.net\/fr\/","name":"BABY GOLD\u2122 pelenka - PEKOVKER Kft.","description":"Fedezze fel kiv\u00e1l\u00f3 min\u0151s\u00e9g\u0171 pelenk\u00e1inkat, \u00e9s \u00e9lvezze a BABY GOLD\u2122 \u00e1ltal k\u00edn\u00e1lt k\u00e9nyelm\u00e9t!","potentialAction":[{"@type":"SearchAction","target":{"@type":"EntryPoint","urlTemplate":"https:\/\/babygold.net\/fr\/?s={search_term_string}"},"query-input":{"@type":"PropertyValueSpecification","valueRequired":true,"valueName":"search_term_string"}}],"inLanguage":"fr-FR"}]}},"jetpack_publicize_connections":[],"jetpack_likes_enabled":true,"jetpack_sharing_enabled":true,"_links":{"self":[{"href":"https:\/\/babygold.net\/fr\/wp-json\/wp\/v2\/product\/3512","targetHints":{"allow":["GET"]}}],"collection":[{"href":"https:\/\/babygold.net\/fr\/wp-json\/wp\/v2\/product"}],"about":[{"href":"https:\/\/babygold.net\/fr\/wp-json\/wp\/v2\/types\/product"}],"replies":[{"embeddable":true,"href":"https:\/\/babygold.net\/fr\/wp-json\/wp\/v2\/comments?post=3512"}],"wp:featuredmedia":[{"embeddable":true,"href":"https:\/\/babygold.net\/fr\/wp-json\/wp\/v2\/media\/3575"}],"wp:attachment":[{"href":"https:\/\/babygold.net\/fr\/wp-json\/wp\/v2\/media?parent=3512"}],"wp:term":[{"taxonomy":"product_brand","embeddable":true,"href":"https:\/\/babygold.net\/fr\/wp-json\/wp\/v2\/product_brand?post=3512"},{"taxonomy":"product_cat","embeddable":true,"href":"https:\/\/babygold.net\/fr\/wp-json\/wp\/v2\/product_cat?post=3512"},{"taxonomy":"product_tag","embeddable":true,"href":"https:\/\/babygold.net\/fr\/wp-json\/wp\/v2\/product_tag?post=3512"}],"curies":[{"name":"wp","href":"https:\/\/api.w.org\/{rel}","templated":true}]}}