{"id":1353,"date":"2025-07-27T20:53:44","date_gmt":"2025-07-27T18:53:44","guid":{"rendered":"https:\/\/babygold.net\/termek\/lingettes-humides-baby-gold\/"},"modified":"2025-09-15T17:18:18","modified_gmt":"2025-09-15T15:18:18","slug":"lingettes-humides-baby-gold","status":"publish","type":"product","link":"https:\/\/babygold.net\/fr\/termek\/lingettes-humides-baby-gold\/","title":{"rendered":"Lingettes humides Baby Gold"},"content":{"rendered":"<p data-start=\"588\" data-end=\"796\">La <strong data-start=\"590\" data-end=\"615\">lingette pour fesses Baby Gold\u2122<\/strong> est une lingette de haute qualit\u00e9, sp\u00e9cialement d\u00e9velopp\u00e9e pour le soin d\u00e9licat de la peau sensible des b\u00e9b\u00e9s. Con\u00e7ue pour un usage quotidien, c&rsquo;est un choix id\u00e9al pour chaque change de couche. <\/p>\n<p data-start=\"939\" data-end=\"1100\">Les lingettes sont de taille optimale et suffisamment \u00e9paisses, assurant ainsi un nettoyage efficace et une bonne r\u00e9tention d&rsquo;humidit\u00e9 \u2013 une seule lingette peut suffire pour la t\u00e2che.<\/p>\n<h4 data-start=\"1102\" data-end=\"1136\"><strong>Propri\u00e9t\u00e9s hypoallerg\u00e9niques<\/strong><br \/>\nLes lingettes Baby Gold sont <strong data-start=\"1161\" data-end=\"1196\">totalement hypoallerg\u00e9niques<\/strong>. Elles ne contiennent pas de substances allerg\u00e8nes, r\u00e9duisant ainsi au minimum le risque de r\u00e9actions allergiques et d&rsquo;irritations cutan\u00e9es. Particuli\u00e8rement recommand\u00e9es pour les b\u00e9b\u00e9s \u00e0 peau sensible.  <\/h4>\n<p data-start=\"1403\" data-end=\"1466\">Les lingettes contiennent des <strong data-start=\"1418\" data-end=\"1446\">ingr\u00e9dients th\u00e9rapeutiques<\/strong> tels que :<\/p>\n<p data-start=\"1469\" data-end=\"1536\"><strong data-start=\"1469\" data-end=\"1482\">Panth\u00e9nol<\/strong> \u2013 apaise la peau et favorise sa r\u00e9g\u00e9n\u00e9ration<br \/>\n<strong data-start=\"1539\" data-end=\"1552\">Allanto\u00efne<\/strong> \u2013 aide \u00e0 la gu\u00e9rison et \u00e0 l&rsquo;adoucissement de la peau<\/p>\n<p data-start=\"1597\" data-end=\"1770\">Ces ingr\u00e9dients soutiennent la protection naturelle de la peau du b\u00e9b\u00e9, ce qui permet d&rsquo;utiliser les lingettes Baby Gold en toute s\u00e9curit\u00e9 \u00e0 chaque change, m\u00eame plusieurs fois par jour.<\/p>\n","protected":false},"excerpt":{"rendered":"<p>Lingettes pour fesses de qualit\u00e9 sup\u00e9rieure, <strong>hypoallerg\u00e9niques<\/strong>, sp\u00e9cialement con\u00e7ues pour le soin de la peau sensible du b\u00e9b\u00e9. Paquet de 60 lingettes \u00e9paisses et absorbantes de 19 \u00d7 15 cm.  <strong>Gr\u00e2ce \u00e0 sa teneur en Panth\u00e9nol et en Allanto\u00efne, elle nettoie en douceur tout en soignant et en r\u00e9g\u00e9n\u00e9rant la peau.<\/strong><\/p>\n","protected":false},"featured_media":3348,"comment_status":"open","ping_status":"closed","template":"","meta":{"jetpack_post_was_ever_published":false,"jetpack_publicize_message":"","jetpack_publicize_feature_enabled":true,"jetpack_social_post_already_shared":true,"jetpack_social_options":{"image_generator_settings":{"template":"highway","default_image_id":0,"font":"","enabled":false},"version":2},"_wpas_customize_per_network":false},"product_brand":[1426],"product_cat":[1873,1877],"product_tag":[1919,1917,1905,1912,1920,1837,1914,1913,1921,1916,1915,1909,1911,1918,1910],"class_list":{"0":"post-1353","1":"product","2":"type-product","3":"status-publish","4":"has-post-thumbnail","6":"product_brand-baby-gold","7":"product_cat-lingettes-humides","8":"product_cat-lingettes-pour-fesses","9":"product_tag-60-pieces","10":"product_tag-allantoine-fr","11":"product_tag-baby-gold-fr","12":"product_tag-hypoallergenique","13":"product_tag-lingette-epaisse","14":"product_tag-lingette-humide","15":"product_tag-lingette-pour-bebe","16":"product_tag-lingette-pour-fesses","17":"product_tag-nettoyage-en-douceur","18":"product_tag-panthenol-fr","19":"product_tag-pour-le-change","20":"product_tag-pour-peau-sensible","21":"product_tag-sans-parfum","22":"product_tag-soins-pour-bebe","23":"product_tag-teste-dermatologiquement","25":"first","26":"instock","27":"taxable","28":"shipping-taxable","29":"purchasable","30":"product-type-simple"},"yoast_head":"<!-- This site is optimized with the Yoast SEO plugin v27.3 - https:\/\/yoast.com\/product\/yoast-seo-wordpress\/ -->\n<title>Lingettes humides Baby Gold - BABY GOLD\u2122 pelenka - PEKOVKER Kft.<\/title>\n<meta name=\"description\" content=\"Couche-culotte Baby Gold en tailles XL et XXL \u2013 couche respirante, douce, anti-fuites pour les b\u00e9b\u00e9s plus grands, d\u00e9velopp\u00e9e pour les peaux sensibles.\" \/>\n<meta name=\"robots\" content=\"index, follow, max-snippet:-1, max-image-preview:large, max-video-preview:-1\" \/>\n<link rel=\"canonical\" href=\"https:\/\/babygold.net\/fr\/termek\/lingettes-humides-baby-gold\/\" \/>\n<meta property=\"og:locale\" content=\"fr_FR\" \/>\n<meta property=\"og:type\" content=\"article\" \/>\n<meta property=\"og:title\" content=\"Lingettes humides Baby Gold - BABY GOLD\u2122 pelenka - PEKOVKER Kft.\" \/>\n<meta property=\"og:description\" content=\"Couche-culotte Baby Gold en tailles XL et XXL \u2013 couche respirante, douce, anti-fuites pour les b\u00e9b\u00e9s plus grands, d\u00e9velopp\u00e9e pour les peaux sensibles.\" \/>\n<meta property=\"og:url\" content=\"https:\/\/babygold.net\/fr\/termek\/lingettes-humides-baby-gold\/\" \/>\n<meta property=\"og:site_name\" content=\"BABY GOLD\u2122 pelenka - PEKOVKER Kft.\" \/>\n<meta property=\"article:modified_time\" content=\"2025-09-15T15:18:18+00:00\" \/>\n<meta property=\"og:image\" content=\"https:\/\/babygold.net\/wp-content\/uploads\/2025\/07\/Kendo_01.png\" \/>\n\t<meta property=\"og:image:width\" content=\"2000\" \/>\n\t<meta property=\"og:image:height\" content=\"2000\" \/>\n\t<meta property=\"og:image:type\" content=\"image\/png\" \/>\n<meta name=\"twitter:card\" content=\"summary_large_image\" \/>\n<meta name=\"twitter:label1\" content=\"Dur\u00e9e de lecture estim\u00e9e\" \/>\n\t<meta name=\"twitter:data1\" content=\"1 minute\" \/>\n<script type=\"application\/ld+json\" class=\"yoast-schema-graph\">{\"@context\":\"https:\\\/\\\/schema.org\",\"@graph\":[{\"@type\":\"WebPage\",\"@id\":\"https:\\\/\\\/babygold.net\\\/fr\\\/termek\\\/lingettes-humides-baby-gold\\\/\",\"url\":\"https:\\\/\\\/babygold.net\\\/fr\\\/termek\\\/lingettes-humides-baby-gold\\\/\",\"name\":\"Lingettes humides Baby Gold - BABY GOLD\u2122 pelenka - PEKOVKER Kft.\",\"isPartOf\":{\"@id\":\"https:\\\/\\\/babygold.net\\\/fr\\\/#website\"},\"primaryImageOfPage\":{\"@id\":\"https:\\\/\\\/babygold.net\\\/fr\\\/termek\\\/lingettes-humides-baby-gold\\\/#primaryimage\"},\"image\":{\"@id\":\"https:\\\/\\\/babygold.net\\\/fr\\\/termek\\\/lingettes-humides-baby-gold\\\/#primaryimage\"},\"thumbnailUrl\":\"https:\\\/\\\/babygold.net\\\/wp-content\\\/uploads\\\/2025\\\/07\\\/Web_08.png\",\"datePublished\":\"2025-07-27T18:53:44+00:00\",\"dateModified\":\"2025-09-15T15:18:18+00:00\",\"description\":\"Couche-culotte Baby Gold en tailles XL et XXL \u2013 couche respirante, douce, anti-fuites pour les b\u00e9b\u00e9s plus grands, d\u00e9velopp\u00e9e pour les peaux sensibles.\",\"breadcrumb\":{\"@id\":\"https:\\\/\\\/babygold.net\\\/fr\\\/termek\\\/lingettes-humides-baby-gold\\\/#breadcrumb\"},\"inLanguage\":\"fr-FR\",\"potentialAction\":[{\"@type\":\"ReadAction\",\"target\":[\"https:\\\/\\\/babygold.net\\\/fr\\\/termek\\\/lingettes-humides-baby-gold\\\/\"]}]},{\"@type\":\"ImageObject\",\"inLanguage\":\"fr-FR\",\"@id\":\"https:\\\/\\\/babygold.net\\\/fr\\\/termek\\\/lingettes-humides-baby-gold\\\/#primaryimage\",\"url\":\"https:\\\/\\\/babygold.net\\\/wp-content\\\/uploads\\\/2025\\\/07\\\/Web_08.png\",\"contentUrl\":\"https:\\\/\\\/babygold.net\\\/wp-content\\\/uploads\\\/2025\\\/07\\\/Web_08.png\",\"width\":2000,\"height\":2000},{\"@type\":\"BreadcrumbList\",\"@id\":\"https:\\\/\\\/babygold.net\\\/fr\\\/termek\\\/lingettes-humides-baby-gold\\\/#breadcrumb\",\"itemListElement\":[{\"@type\":\"ListItem\",\"position\":1,\"name\":\"Accueil\",\"item\":\"https:\\\/\\\/babygold.net\\\/fr\\\/page-daccueil\\\/\"},{\"@type\":\"ListItem\",\"position\":2,\"name\":\"Boutique\",\"item\":\"https:\\\/\\\/babygold.net\\\/fr\\\/boutique\\\/\"},{\"@type\":\"ListItem\",\"position\":3,\"name\":\"Lingettes humides Baby Gold\"}]},{\"@type\":\"WebSite\",\"@id\":\"https:\\\/\\\/babygold.net\\\/fr\\\/#website\",\"url\":\"https:\\\/\\\/babygold.net\\\/fr\\\/\",\"name\":\"BABY GOLD\u2122 pelenka - PEKOVKER Kft.\",\"description\":\"Fedezze fel kiv\u00e1l\u00f3 min\u0151s\u00e9g\u0171 pelenk\u00e1inkat, \u00e9s \u00e9lvezze a BABY GOLD\u2122 \u00e1ltal k\u00edn\u00e1lt k\u00e9nyelm\u00e9t!\",\"potentialAction\":[{\"@type\":\"SearchAction\",\"target\":{\"@type\":\"EntryPoint\",\"urlTemplate\":\"https:\\\/\\\/babygold.net\\\/fr\\\/?s={search_term_string}\"},\"query-input\":{\"@type\":\"PropertyValueSpecification\",\"valueRequired\":true,\"valueName\":\"search_term_string\"}}],\"inLanguage\":\"fr-FR\"}]}<\/script>\n<!-- \/ Yoast SEO plugin. -->","yoast_head_json":{"title":"Lingettes humides Baby Gold - BABY GOLD\u2122 pelenka - PEKOVKER Kft.","description":"Couche-culotte Baby Gold en tailles XL et XXL \u2013 couche respirante, douce, anti-fuites pour les b\u00e9b\u00e9s plus grands, d\u00e9velopp\u00e9e pour les peaux sensibles.","robots":{"index":"index","follow":"follow","max-snippet":"max-snippet:-1","max-image-preview":"max-image-preview:large","max-video-preview":"max-video-preview:-1"},"canonical":"https:\/\/babygold.net\/fr\/termek\/lingettes-humides-baby-gold\/","og_locale":"fr_FR","og_type":"article","og_title":"Lingettes humides Baby Gold - BABY GOLD\u2122 pelenka - PEKOVKER Kft.","og_description":"Couche-culotte Baby Gold en tailles XL et XXL \u2013 couche respirante, douce, anti-fuites pour les b\u00e9b\u00e9s plus grands, d\u00e9velopp\u00e9e pour les peaux sensibles.","og_url":"https:\/\/babygold.net\/fr\/termek\/lingettes-humides-baby-gold\/","og_site_name":"BABY GOLD\u2122 pelenka - PEKOVKER Kft.","article_modified_time":"2025-09-15T15:18:18+00:00","og_image":[{"width":2000,"height":2000,"url":"https:\/\/babygold.net\/wp-content\/uploads\/2025\/07\/Kendo_01.png","type":"image\/png"}],"twitter_card":"summary_large_image","twitter_misc":{"Dur\u00e9e de lecture estim\u00e9e":"1 minute"},"schema":{"@context":"https:\/\/schema.org","@graph":[{"@type":"WebPage","@id":"https:\/\/babygold.net\/fr\/termek\/lingettes-humides-baby-gold\/","url":"https:\/\/babygold.net\/fr\/termek\/lingettes-humides-baby-gold\/","name":"Lingettes humides Baby Gold - BABY GOLD\u2122 pelenka - PEKOVKER Kft.","isPartOf":{"@id":"https:\/\/babygold.net\/fr\/#website"},"primaryImageOfPage":{"@id":"https:\/\/babygold.net\/fr\/termek\/lingettes-humides-baby-gold\/#primaryimage"},"image":{"@id":"https:\/\/babygold.net\/fr\/termek\/lingettes-humides-baby-gold\/#primaryimage"},"thumbnailUrl":"https:\/\/babygold.net\/wp-content\/uploads\/2025\/07\/Web_08.png","datePublished":"2025-07-27T18:53:44+00:00","dateModified":"2025-09-15T15:18:18+00:00","description":"Couche-culotte Baby Gold en tailles XL et XXL \u2013 couche respirante, douce, anti-fuites pour les b\u00e9b\u00e9s plus grands, d\u00e9velopp\u00e9e pour les peaux sensibles.","breadcrumb":{"@id":"https:\/\/babygold.net\/fr\/termek\/lingettes-humides-baby-gold\/#breadcrumb"},"inLanguage":"fr-FR","potentialAction":[{"@type":"ReadAction","target":["https:\/\/babygold.net\/fr\/termek\/lingettes-humides-baby-gold\/"]}]},{"@type":"ImageObject","inLanguage":"fr-FR","@id":"https:\/\/babygold.net\/fr\/termek\/lingettes-humides-baby-gold\/#primaryimage","url":"https:\/\/babygold.net\/wp-content\/uploads\/2025\/07\/Web_08.png","contentUrl":"https:\/\/babygold.net\/wp-content\/uploads\/2025\/07\/Web_08.png","width":2000,"height":2000},{"@type":"BreadcrumbList","@id":"https:\/\/babygold.net\/fr\/termek\/lingettes-humides-baby-gold\/#breadcrumb","itemListElement":[{"@type":"ListItem","position":1,"name":"Accueil","item":"https:\/\/babygold.net\/fr\/page-daccueil\/"},{"@type":"ListItem","position":2,"name":"Boutique","item":"https:\/\/babygold.net\/fr\/boutique\/"},{"@type":"ListItem","position":3,"name":"Lingettes humides Baby Gold"}]},{"@type":"WebSite","@id":"https:\/\/babygold.net\/fr\/#website","url":"https:\/\/babygold.net\/fr\/","name":"BABY GOLD\u2122 pelenka - PEKOVKER Kft.","description":"Fedezze fel kiv\u00e1l\u00f3 min\u0151s\u00e9g\u0171 pelenk\u00e1inkat, \u00e9s \u00e9lvezze a BABY GOLD\u2122 \u00e1ltal k\u00edn\u00e1lt k\u00e9nyelm\u00e9t!","potentialAction":[{"@type":"SearchAction","target":{"@type":"EntryPoint","urlTemplate":"https:\/\/babygold.net\/fr\/?s={search_term_string}"},"query-input":{"@type":"PropertyValueSpecification","valueRequired":true,"valueName":"search_term_string"}}],"inLanguage":"fr-FR"}]}},"jetpack_publicize_connections":[],"jetpack_likes_enabled":true,"jetpack_sharing_enabled":true,"_links":{"self":[{"href":"https:\/\/babygold.net\/fr\/wp-json\/wp\/v2\/product\/1353","targetHints":{"allow":["GET"]}}],"collection":[{"href":"https:\/\/babygold.net\/fr\/wp-json\/wp\/v2\/product"}],"about":[{"href":"https:\/\/babygold.net\/fr\/wp-json\/wp\/v2\/types\/product"}],"replies":[{"embeddable":true,"href":"https:\/\/babygold.net\/fr\/wp-json\/wp\/v2\/comments?post=1353"}],"wp:featuredmedia":[{"embeddable":true,"href":"https:\/\/babygold.net\/fr\/wp-json\/wp\/v2\/media\/3348"}],"wp:attachment":[{"href":"https:\/\/babygold.net\/fr\/wp-json\/wp\/v2\/media?parent=1353"}],"wp:term":[{"taxonomy":"product_brand","embeddable":true,"href":"https:\/\/babygold.net\/fr\/wp-json\/wp\/v2\/product_brand?post=1353"},{"taxonomy":"product_cat","embeddable":true,"href":"https:\/\/babygold.net\/fr\/wp-json\/wp\/v2\/product_cat?post=1353"},{"taxonomy":"product_tag","embeddable":true,"href":"https:\/\/babygold.net\/fr\/wp-json\/wp\/v2\/product_tag?post=1353"}],"curies":[{"name":"wp","href":"https:\/\/api.w.org\/{rel}","templated":true}]}}