{"id":1726,"date":"2025-08-02T16:00:21","date_gmt":"2025-08-02T14:00:21","guid":{"rendered":"https:\/\/babygold.net\/notre-philosophie\/"},"modified":"2025-08-30T17:41:31","modified_gmt":"2025-08-30T15:41:31","slug":"notre-philosophie","status":"publish","type":"page","link":"https:\/\/babygold.net\/fr\/notre-philosophie\/","title":{"rendered":"Notre philosophie"},"content":{"rendered":"\n\n\t<section class=\"section\" id=\"section_736678091\">\n\t\t<div class=\"section-bg fill\" >\n\t\t\t\t\t\t\t\t\t\n\t\t\t\n\n\t\t<\/div>\n\n\t\t\n\n\t\t<div class=\"section-content relative\">\n\t\t\t\n\n\t<div id=\"gap-1593398284\" class=\"gap-element clearfix\" style=\"display:block; height:auto;\">\n\t\t\n<style>\n#gap-1593398284 {\n  padding-top: 30px;\n}\n<\/style>\n\t<\/div>\n\t\n\n<div class=\"row\"  id=\"row-1360000803\">\n\n\n\t<div id=\"col-1460258720\" class=\"col medium-4 small-12 large-4\"  >\n\t\t\t\t<div class=\"col-inner text-right\"  >\n\t\t\t\n\t\t\t\n\n\t<div id=\"text-3532163032\" class=\"text\">\n\t\t\n\n<h3 class=\"sec-title__title\">Objectifs des couches <br>BABY GOLD\u2122<\/h3>\n\t\t\n<style>\n#text-3532163032 {\n  font-size: 1.75rem;\n}\n<\/style>\n\t<\/div>\n\t\n\n\t\t<\/div>\n\t\t\t\t\t<\/div>\n\n\t\n\n\t<div id=\"col-1646601373\" class=\"col medium-8 small-12 large-8\"  >\n\t\t\t\t<div class=\"col-inner\"  >\n\t\t\t\n\t\t\t\n\n<p>Notre intention avou\u00e9e est de r\u00e9pandre largement les couches <strong>BABY GOLD<\/strong> et ainsi contribuer au bonheur des m\u00e8res et des enfants. En explorant le march\u00e9, nous avons souvent rencontr\u00e9 des d\u00e9fis qui rendaient difficile le choix de la couche parfaite. C&rsquo;est pourquoi nous avons d\u00e9cid\u00e9 de participer nous-m\u00eames \u00e0 la solution, donnant ainsi naissance \u00e0 la gamme de produits <strong>BABY GOLD<\/strong>.  <\/p>\n<p><br>Notre objectif est que chacun puisse facilement trouver la solution id\u00e9ale pour ses enfants, sans avoir \u00e0 faire de compromis sur la qualit\u00e9 et le prix. <strong>BABY GOLD<\/strong> n&rsquo;est pas seulement une couche, mais une sensation lorsque vous voyez le sourire heureux de vos enfants et que vous savez que vous leur offrez le meilleur. Notre engagement envers la qualit\u00e9 et l&rsquo;accessibilit\u00e9 nous guide, et nous sommes fiers de partager l&rsquo;exp\u00e9rience des couches <strong>BABY GOLD<\/strong>.   <\/p>\n\n\t\t<\/div>\n\t\t\t\t\t<\/div>\n\n\t\n\n<\/div>\n\n\t\t<\/div>\n\n\t\t\n<style>\n#section_736678091 {\n  padding-top: 30px;\n  padding-bottom: 30px;\n}\n<\/style>\n\t<\/section>\n\t\n\n\t<section class=\"section\" id=\"section_1706054566\">\n\t\t<div class=\"section-bg fill\" >\n\t\t\t\t\t\t\t\t\t\n\t\t\t\n\n\t\t<\/div>\n\n\t\t\n\n\t\t<div class=\"section-content relative\">\n\t\t\t\n\n\t<div id=\"gap-1987522607\" class=\"gap-element clearfix\" style=\"display:block; height:auto;\">\n\t\t\n<style>\n#gap-1987522607 {\n  padding-top: 30px;\n}\n<\/style>\n\t<\/div>\n\t\n\n<div class=\"row align-middle\"  id=\"row-916555671\">\n\n\n\t<div id=\"col-657694006\" class=\"col medium-12 small-12 large-6\"  >\n\t\t\t\t<div class=\"col-inner\"  >\n\t\t\t\n\t\t\t\n\n\n  <div class=\"banner has-hover has-parallax\" id=\"banner-1183519058\">\n          <div class=\"banner-inner fill\">\n        <div class=\"banner-bg fill\" data-parallax=\"-3\" data-parallax-container=\".banner\" data-parallax-background>\n            <img loading=\"lazy\" decoding=\"async\" width=\"2048\" height=\"1366\" src=\"https:\/\/babygold.net\/wp-content\/uploads\/2025\/08\/cropped-shot-of-mother-putting-clothes-on-adorable-2024-11-18-07-57-50-utc-2048x1366.jpg\" class=\"bg attachment-2048x2048 size-2048x2048\" alt=\"\" data-attachment-id=\"2118\" data-permalink=\"https:\/\/babygold.net\/fr\/page-daccueil\/cropped-shot-of-mother-putting-clothes-on-adorable-baby-lying-on-sofa-2\/#main\" data-orig-file=\"https:\/\/babygold.net\/wp-content\/uploads\/2025\/08\/cropped-shot-of-mother-putting-clothes-on-adorable-2024-11-18-07-57-50-utc.jpg\" data-orig-size=\"2500,1668\" data-comments-opened=\"1\" data-image-meta=\"{&quot;aperture&quot;:&quot;3.5&quot;,&quot;credit&quot;:&quot;&quot;,&quot;camera&quot;:&quot;NIKON D810&quot;,&quot;caption&quot;:&quot;cropped shot of mother putting clothes on adorable baby lying on sofa&quot;,&quot;created_timestamp&quot;:&quot;1547470582&quot;,&quot;copyright&quot;:&quot;&quot;,&quot;focal_length&quot;:&quot;50&quot;,&quot;iso&quot;:&quot;500&quot;,&quot;shutter_speed&quot;:&quot;0.005&quot;,&quot;title&quot;:&quot;cropped shot of mother putting clothes on adorable baby lying on sofa&quot;,&quot;orientation&quot;:&quot;1&quot;}\" data-image-title=\"cropped shot of mother putting clothes on adorable baby lying on sofa\" data-image-description=\"\" data-image-caption=\"&lt;p&gt;cropped shot of mother putting clothes on adorable baby lying on sofa&lt;\/p&gt;\n\" data-medium-file=\"https:\/\/babygold.net\/wp-content\/uploads\/2025\/08\/cropped-shot-of-mother-putting-clothes-on-adorable-2024-11-18-07-57-50-utc-600x400.jpg\" data-large-file=\"https:\/\/babygold.net\/wp-content\/uploads\/2025\/08\/cropped-shot-of-mother-putting-clothes-on-adorable-2024-11-18-07-57-50-utc-1199x800.jpg\" \/>                                    \n                    <\/div>\n\t\t\n        <div class=\"banner-layers container\">\n            <div class=\"fill banner-link\"><\/div>            \n\n   <div id=\"text-box-2061589450\" class=\"text-box banner-layer x50 md-x50 lg-x50 y50 md-y50 lg-y50 res-text\">\n                                <div class=\"text-box-content text dark\">\n              \n              <div class=\"text-inner text-center\">\n                  \n\n\n              <\/div>\n           <\/div>\n                            \n<style>\n#text-box-2061589450 {\n  width: 60%;\n}\n#text-box-2061589450 .text-box-content {\n  font-size: 100%;\n}\n<\/style>\n    <\/div>\n \n\n        <\/div>\n      <\/div>\n\n            \n<style>\n#banner-1183519058 {\n  padding-top: 99.99%;\n  background-color: rgb(255, 255, 255);\n}\n#banner-1183519058 .banner-bg img {\n  object-position: 48% 47%;\n}\n@media (min-width:550px) {\n  #banner-1183519058 {\n    padding-top: 75%;\n  }\n}\n@media (min-width:850px) {\n  #banner-1183519058 {\n    padding-top: 99.99%;\n  }\n}\n<\/style>\n  <\/div>\n\n\n\n\t\t<\/div>\n\t\t\t\t\t<\/div>\n\n\t\n\n\t<div id=\"col-1473533430\" class=\"col medium-12 small-12 large-6\"  >\n\t\t\t\t<div class=\"col-inner\"  >\n\t\t\t\n\t\t\t\n\n\t<div id=\"gap-1858821312\" class=\"gap-element clearfix\" style=\"display:block; height:auto;\">\n\t\t\n<style>\n#gap-1858821312 {\n  padding-top: 10px;\n}\n@media (min-width:850px) {\n  #gap-1858821312 {\n    padding-top: 30px;\n  }\n}\n<\/style>\n\t<\/div>\n\t\n\n<h3 class=\"accordion_title\">Philosophie BABY GOLD\u2122<\/h3><div class=\"accordion\">\n\n\t<div id=\"accordion-854388934\" class=\"accordion-item\">\n\t\t<a id=\"accordion-854388934-label\" class=\"accordion-title plain active\" href=\"#accordion-item-pourquoi-choisir-les-couches-baby-gold-?\" aria-expanded=\"true\" aria-controls=\"accordion-854388934-content\">\n\t\t\t<button class=\"toggle\" aria-label=\"Basculer\"><i class=\"icon-angle-down\" aria-hidden=\"true\"><\/i><\/button>\n\t\t\t<span>Pourquoi choisir les couches BABY GOLD ?<\/span>\n\t\t<\/a>\n\t\t<div id=\"accordion-854388934-content\" class=\"accordion-inner\" style=\"display: block;\" aria-labelledby=\"accordion-854388934-label\">\n\t\t\t\n\n<p>Nos couches BABY GOLD r\u00e9pondent aux normes de qualit\u00e9 les plus \u00e9lev\u00e9es et ont \u00e9t\u00e9 con\u00e7ues en gardant \u00e0 l&rsquo;esprit le confort des enfants, sans avoir \u00e0 faire de compromis sur la qualit\u00e9 et le prix. BABY GOLD sera un choix parfait non seulement pour le parent, mais aussi pour l&rsquo;enfant. <\/p>\n\n\t\t<\/div>\n\t<\/div>\n\t\n\t<div id=\"accordion-239278696\" class=\"accordion-item\">\n\t\t<a id=\"accordion-239278696-label\" class=\"accordion-title plain\" href=\"#accordion-item-d\u00e9couvrez-l&#039;exp\u00e9rience-des-couches-baby-gold\" aria-expanded=\"false\" aria-controls=\"accordion-239278696-content\">\n\t\t\t<button class=\"toggle\" aria-label=\"Basculer\"><i class=\"icon-angle-down\" aria-hidden=\"true\"><\/i><\/button>\n\t\t\t<span>D\u00e9couvrez l&#039;exp\u00e9rience des couches BABY GOLD<\/span>\n\t\t<\/a>\n\t\t<div id=\"accordion-239278696-content\" class=\"accordion-inner\" aria-labelledby=\"accordion-239278696-label\">\n\t\t\t\n\n<p>En combinant notre engagement et notre exp\u00e9rience parentale, nos produits BABY GOLD ne sont pas seulement des couches, mais aussi une exp\u00e9rience compl\u00e8te de confort et de soin. Avec les produits BABY GOLD, vous pouvez facilement profiter de chaque moment de la parentalit\u00e9 sans vous soucier du change. <\/p>\n\n\t\t<\/div>\n\t<\/div>\n\t\n\t<div id=\"accordion-983813341\" class=\"accordion-item\">\n\t\t<a id=\"accordion-983813341-label\" class=\"accordion-title plain\" href=\"#accordion-item-o\u00f9-peut-on-trouver-les-couches-baby-gold-?\" aria-expanded=\"false\" aria-controls=\"accordion-983813341-content\">\n\t\t\t<button class=\"toggle\" aria-label=\"Basculer\"><i class=\"icon-angle-down\" aria-hidden=\"true\"><\/i><\/button>\n\t\t\t<span>O\u00f9 peut-on trouver les couches BABY GOLD ?<\/span>\n\t\t<\/a>\n\t\t<div id=\"accordion-983813341-content\" class=\"accordion-inner\" aria-labelledby=\"accordion-983813341-label\">\n\t\t\t\n\n<p>Les membres de notre gamme de produits sont disponibles dans de plus en plus de cha\u00eenes de magasins, de petites boutiques et chez nos partenaires ! Soyez un parent conscient et heureux, cherchez aussi l&rsquo;exp\u00e9rience des couches BABY GOLD pour votre enfant ! Le d\u00e9veloppement de notre r\u00e9seau de partenaires est actuellement en cours.  <\/p>\n\n\t\t<\/div>\n\t<\/div>\n\t\n\t<div id=\"accordion-671073988\" class=\"accordion-item\">\n\t\t<a id=\"accordion-671073988-label\" class=\"accordion-title plain\" href=\"#accordion-item-je-souhaite-devenir-revendeur-ou-partenaire-!\" aria-expanded=\"false\" aria-controls=\"accordion-671073988-content\">\n\t\t\t<button class=\"toggle\" aria-label=\"Basculer\"><i class=\"icon-angle-down\" aria-hidden=\"true\"><\/i><\/button>\n\t\t\t<span>Je souhaite devenir revendeur ou partenaire !<\/span>\n\t\t<\/a>\n\t\t<div id=\"accordion-671073988-content\" class=\"accordion-inner\" aria-labelledby=\"accordion-671073988-label\">\n\t\t\t\n\n<p>Nous vous remercions de votre int\u00e9r\u00eat pour les produits BABY GOLD ! En vous joignant \u00e0 nous en tant que partenaire, vous avez la possibilit\u00e9 de vendre une large gamme de couches de qualit\u00e9 qui offrent confort et accessibilit\u00e9 aux parents et \u00e0 leurs b\u00e9b\u00e9s. Contactez-nous !  <\/p>\n\n\t\t<\/div>\n\t<\/div>\n\t\n\n<\/div>\n\n\t\t<\/div>\n\t\t\t\t\n<style>\n#col-1473533430 > .col-inner {\n  padding: 0px 0px 0px 0;\n}\n@media (min-width:850px) {\n  #col-1473533430 > .col-inner {\n    padding: 0px 0px 0px 10%;\n  }\n}\n<\/style>\n\t<\/div>\n\n\t\n\n<\/div>\n\n\t\t<\/div>\n\n\t\t\n<style>\n#section_1706054566 {\n  padding-top: 40px;\n  padding-bottom: 40px;\n}\n@media (min-width:850px) {\n  #section_1706054566 {\n    padding-top: 70px;\n    padding-bottom: 70px;\n  }\n}\n<\/style>\n\t<\/section>\n\t\n\n","protected":false},"excerpt":{"rendered":"","protected":false},"author":268520272,"featured_media":0,"parent":0,"menu_order":0,"comment_status":"closed","ping_status":"closed","template":"page-blank.php","meta":{"jetpack_post_was_ever_published":false,"footnotes":"","big_sky_generated":false},"class_list":["post-1726","page","type-page","status-publish","hentry"],"yoast_head":"<!-- This site is optimized with the Yoast SEO plugin v27.3 - https:\/\/yoast.com\/product\/yoast-seo-wordpress\/ -->\n<title>Notre philosophie - BABY GOLD\u2122 pelenka - PEKOVKER Kft.<\/title>\n<meta name=\"robots\" content=\"index, follow, max-snippet:-1, max-image-preview:large, max-video-preview:-1\" \/>\n<link rel=\"canonical\" href=\"https:\/\/babygold.net\/fr\/notre-philosophie\/\" \/>\n<meta property=\"og:locale\" content=\"fr_FR\" \/>\n<meta property=\"og:type\" content=\"article\" \/>\n<meta property=\"og:title\" content=\"Notre philosophie - BABY GOLD\u2122 pelenka - PEKOVKER Kft.\" \/>\n<meta property=\"og:url\" content=\"https:\/\/babygold.net\/fr\/notre-philosophie\/\" \/>\n<meta property=\"og:site_name\" content=\"BABY GOLD\u2122 pelenka - PEKOVKER Kft.\" \/>\n<meta property=\"article:modified_time\" content=\"2025-08-30T15:41:31+00:00\" \/>\n<meta name=\"twitter:card\" content=\"summary_large_image\" \/>\n<meta name=\"twitter:label1\" content=\"Dur\u00e9e de lecture estim\u00e9e\" \/>\n\t<meta name=\"twitter:data1\" content=\"3 minutes\" \/>\n<script type=\"application\/ld+json\" class=\"yoast-schema-graph\">{\"@context\":\"https:\\\/\\\/schema.org\",\"@graph\":[{\"@type\":\"WebPage\",\"@id\":\"https:\\\/\\\/babygold.net\\\/fr\\\/notre-philosophie\\\/\",\"url\":\"https:\\\/\\\/babygold.net\\\/fr\\\/notre-philosophie\\\/\",\"name\":\"Notre philosophie - BABY GOLD\u2122 pelenka - PEKOVKER Kft.\",\"isPartOf\":{\"@id\":\"https:\\\/\\\/babygold.net\\\/fr\\\/#website\"},\"datePublished\":\"2025-08-02T14:00:21+00:00\",\"dateModified\":\"2025-08-30T15:41:31+00:00\",\"breadcrumb\":{\"@id\":\"https:\\\/\\\/babygold.net\\\/fr\\\/notre-philosophie\\\/#breadcrumb\"},\"inLanguage\":\"fr-FR\",\"potentialAction\":[{\"@type\":\"ReadAction\",\"target\":[\"https:\\\/\\\/babygold.net\\\/fr\\\/notre-philosophie\\\/\"]}]},{\"@type\":\"BreadcrumbList\",\"@id\":\"https:\\\/\\\/babygold.net\\\/fr\\\/notre-philosophie\\\/#breadcrumb\",\"itemListElement\":[{\"@type\":\"ListItem\",\"position\":1,\"name\":\"Accueil\",\"item\":\"https:\\\/\\\/babygold.net\\\/fr\\\/page-daccueil\\\/\"},{\"@type\":\"ListItem\",\"position\":2,\"name\":\"Notre philosophie\"}]},{\"@type\":\"WebSite\",\"@id\":\"https:\\\/\\\/babygold.net\\\/fr\\\/#website\",\"url\":\"https:\\\/\\\/babygold.net\\\/fr\\\/\",\"name\":\"BABY GOLD\u2122 pelenka - PEKOVKER Kft.\",\"description\":\"Fedezze fel kiv\u00e1l\u00f3 min\u0151s\u00e9g\u0171 pelenk\u00e1inkat, \u00e9s \u00e9lvezze a BABY GOLD\u2122 \u00e1ltal k\u00edn\u00e1lt k\u00e9nyelm\u00e9t!\",\"potentialAction\":[{\"@type\":\"SearchAction\",\"target\":{\"@type\":\"EntryPoint\",\"urlTemplate\":\"https:\\\/\\\/babygold.net\\\/fr\\\/?s={search_term_string}\"},\"query-input\":{\"@type\":\"PropertyValueSpecification\",\"valueRequired\":true,\"valueName\":\"search_term_string\"}}],\"inLanguage\":\"fr-FR\"}]}<\/script>\n<!-- \/ Yoast SEO plugin. -->","yoast_head_json":{"title":"Notre philosophie - BABY GOLD\u2122 pelenka - PEKOVKER Kft.","robots":{"index":"index","follow":"follow","max-snippet":"max-snippet:-1","max-image-preview":"max-image-preview:large","max-video-preview":"max-video-preview:-1"},"canonical":"https:\/\/babygold.net\/fr\/notre-philosophie\/","og_locale":"fr_FR","og_type":"article","og_title":"Notre philosophie - BABY GOLD\u2122 pelenka - PEKOVKER Kft.","og_url":"https:\/\/babygold.net\/fr\/notre-philosophie\/","og_site_name":"BABY GOLD\u2122 pelenka - PEKOVKER Kft.","article_modified_time":"2025-08-30T15:41:31+00:00","twitter_card":"summary_large_image","twitter_misc":{"Dur\u00e9e de lecture estim\u00e9e":"3 minutes"},"schema":{"@context":"https:\/\/schema.org","@graph":[{"@type":"WebPage","@id":"https:\/\/babygold.net\/fr\/notre-philosophie\/","url":"https:\/\/babygold.net\/fr\/notre-philosophie\/","name":"Notre philosophie - BABY GOLD\u2122 pelenka - PEKOVKER Kft.","isPartOf":{"@id":"https:\/\/babygold.net\/fr\/#website"},"datePublished":"2025-08-02T14:00:21+00:00","dateModified":"2025-08-30T15:41:31+00:00","breadcrumb":{"@id":"https:\/\/babygold.net\/fr\/notre-philosophie\/#breadcrumb"},"inLanguage":"fr-FR","potentialAction":[{"@type":"ReadAction","target":["https:\/\/babygold.net\/fr\/notre-philosophie\/"]}]},{"@type":"BreadcrumbList","@id":"https:\/\/babygold.net\/fr\/notre-philosophie\/#breadcrumb","itemListElement":[{"@type":"ListItem","position":1,"name":"Accueil","item":"https:\/\/babygold.net\/fr\/page-daccueil\/"},{"@type":"ListItem","position":2,"name":"Notre philosophie"}]},{"@type":"WebSite","@id":"https:\/\/babygold.net\/fr\/#website","url":"https:\/\/babygold.net\/fr\/","name":"BABY GOLD\u2122 pelenka - PEKOVKER Kft.","description":"Fedezze fel kiv\u00e1l\u00f3 min\u0151s\u00e9g\u0171 pelenk\u00e1inkat, \u00e9s \u00e9lvezze a BABY GOLD\u2122 \u00e1ltal k\u00edn\u00e1lt k\u00e9nyelm\u00e9t!","potentialAction":[{"@type":"SearchAction","target":{"@type":"EntryPoint","urlTemplate":"https:\/\/babygold.net\/fr\/?s={search_term_string}"},"query-input":{"@type":"PropertyValueSpecification","valueRequired":true,"valueName":"search_term_string"}}],"inLanguage":"fr-FR"}]}},"jetpack_likes_enabled":true,"jetpack_sharing_enabled":true,"jetpack_shortlink":"https:\/\/wp.me\/PgHBIO-rQ","_links":{"self":[{"href":"https:\/\/babygold.net\/fr\/wp-json\/wp\/v2\/pages\/1726","targetHints":{"allow":["GET"]}}],"collection":[{"href":"https:\/\/babygold.net\/fr\/wp-json\/wp\/v2\/pages"}],"about":[{"href":"https:\/\/babygold.net\/fr\/wp-json\/wp\/v2\/types\/page"}],"author":[{"embeddable":true,"href":"https:\/\/babygold.net\/fr\/wp-json\/wp\/v2\/users\/268520272"}],"replies":[{"embeddable":true,"href":"https:\/\/babygold.net\/fr\/wp-json\/wp\/v2\/comments?post=1726"}],"version-history":[{"count":3,"href":"https:\/\/babygold.net\/fr\/wp-json\/wp\/v2\/pages\/1726\/revisions"}],"predecessor-version":[{"id":2568,"href":"https:\/\/babygold.net\/fr\/wp-json\/wp\/v2\/pages\/1726\/revisions\/2568"}],"wp:attachment":[{"href":"https:\/\/babygold.net\/fr\/wp-json\/wp\/v2\/media?parent=1726"}],"curies":[{"name":"wp","href":"https:\/\/api.w.org\/{rel}","templated":true}]}}