{"id":1321,"date":"2025-08-02T13:23:43","date_gmt":"2025-08-02T11:23:43","guid":{"rendered":"https:\/\/babygold.net\/panier-2\/"},"modified":"2025-08-02T14:11:10","modified_gmt":"2025-08-02T12:11:10","slug":"panier-2","status":"publish","type":"page","link":"https:\/\/babygold.net\/fr\/panier-2\/","title":{"rendered":"Panier"},"content":{"rendered":"\n","protected":false},"excerpt":{"rendered":"","protected":false},"author":1,"featured_media":0,"parent":0,"menu_order":0,"comment_status":"closed","ping_status":"closed","template":"","meta":{"jetpack_post_was_ever_published":false,"footnotes":"","big_sky_generated":false},"class_list":["post-1321","page","type-page","status-publish","hentry"],"yoast_head":"<!-- This site is optimized with the Yoast SEO plugin v27.3 - https:\/\/yoast.com\/product\/yoast-seo-wordpress\/ -->\n<title>Panier - BABY GOLD\u2122 pelenka - PEKOVKER Kft.<\/title>\n<meta name=\"robots\" content=\"index, follow, max-snippet:-1, max-image-preview:large, max-video-preview:-1\" \/>\n<link rel=\"canonical\" href=\"https:\/\/babygold.net\/fr\/panier-2\/\" \/>\n<meta property=\"og:locale\" content=\"fr_FR\" \/>\n<meta property=\"og:type\" content=\"article\" \/>\n<meta property=\"og:title\" content=\"Panier - BABY GOLD\u2122 pelenka - PEKOVKER Kft.\" \/>\n<meta property=\"og:url\" content=\"https:\/\/babygold.net\/fr\/panier-2\/\" \/>\n<meta property=\"og:site_name\" content=\"BABY GOLD\u2122 pelenka - PEKOVKER Kft.\" \/>\n<meta property=\"article:modified_time\" content=\"2025-08-02T12:11:10+00:00\" \/>\n<meta name=\"twitter:card\" content=\"summary_large_image\" \/>\n<script type=\"application\/ld+json\" class=\"yoast-schema-graph\">{\"@context\":\"https:\\\/\\\/schema.org\",\"@graph\":[{\"@type\":\"WebPage\",\"@id\":\"https:\\\/\\\/babygold.net\\\/fr\\\/panier-2\\\/\",\"url\":\"https:\\\/\\\/babygold.net\\\/fr\\\/panier-2\\\/\",\"name\":\"Panier - BABY GOLD\u2122 pelenka - PEKOVKER Kft.\",\"isPartOf\":{\"@id\":\"https:\\\/\\\/babygold.net\\\/fr\\\/#website\"},\"datePublished\":\"2025-08-02T11:23:43+00:00\",\"dateModified\":\"2025-08-02T12:11:10+00:00\",\"breadcrumb\":{\"@id\":\"https:\\\/\\\/babygold.net\\\/fr\\\/panier-2\\\/#breadcrumb\"},\"inLanguage\":\"fr-FR\",\"potentialAction\":[{\"@type\":\"ReadAction\",\"target\":[\"https:\\\/\\\/babygold.net\\\/fr\\\/panier-2\\\/\"]}]},{\"@type\":\"BreadcrumbList\",\"@id\":\"https:\\\/\\\/babygold.net\\\/fr\\\/panier-2\\\/#breadcrumb\",\"itemListElement\":[{\"@type\":\"ListItem\",\"position\":1,\"name\":\"Accueil\",\"item\":\"https:\\\/\\\/babygold.net\\\/fr\\\/page-daccueil\\\/\"},{\"@type\":\"ListItem\",\"position\":2,\"name\":\"Panier\"}]},{\"@type\":\"WebSite\",\"@id\":\"https:\\\/\\\/babygold.net\\\/fr\\\/#website\",\"url\":\"https:\\\/\\\/babygold.net\\\/fr\\\/\",\"name\":\"BABY GOLD\u2122 pelenka - PEKOVKER Kft.\",\"description\":\"Fedezze fel kiv\u00e1l\u00f3 min\u0151s\u00e9g\u0171 pelenk\u00e1inkat, \u00e9s \u00e9lvezze a BABY GOLD\u2122 \u00e1ltal k\u00edn\u00e1lt k\u00e9nyelm\u00e9t!\",\"potentialAction\":[{\"@type\":\"SearchAction\",\"target\":{\"@type\":\"EntryPoint\",\"urlTemplate\":\"https:\\\/\\\/babygold.net\\\/fr\\\/?s={search_term_string}\"},\"query-input\":{\"@type\":\"PropertyValueSpecification\",\"valueRequired\":true,\"valueName\":\"search_term_string\"}}],\"inLanguage\":\"fr-FR\"}]}<\/script>\n<!-- \/ Yoast SEO plugin. -->","yoast_head_json":{"title":"Panier - BABY GOLD\u2122 pelenka - PEKOVKER Kft.","robots":{"index":"index","follow":"follow","max-snippet":"max-snippet:-1","max-image-preview":"max-image-preview:large","max-video-preview":"max-video-preview:-1"},"canonical":"https:\/\/babygold.net\/fr\/panier-2\/","og_locale":"fr_FR","og_type":"article","og_title":"Panier - BABY GOLD\u2122 pelenka - PEKOVKER Kft.","og_url":"https:\/\/babygold.net\/fr\/panier-2\/","og_site_name":"BABY GOLD\u2122 pelenka - PEKOVKER Kft.","article_modified_time":"2025-08-02T12:11:10+00:00","twitter_card":"summary_large_image","schema":{"@context":"https:\/\/schema.org","@graph":[{"@type":"WebPage","@id":"https:\/\/babygold.net\/fr\/panier-2\/","url":"https:\/\/babygold.net\/fr\/panier-2\/","name":"Panier - BABY GOLD\u2122 pelenka - PEKOVKER Kft.","isPartOf":{"@id":"https:\/\/babygold.net\/fr\/#website"},"datePublished":"2025-08-02T11:23:43+00:00","dateModified":"2025-08-02T12:11:10+00:00","breadcrumb":{"@id":"https:\/\/babygold.net\/fr\/panier-2\/#breadcrumb"},"inLanguage":"fr-FR","potentialAction":[{"@type":"ReadAction","target":["https:\/\/babygold.net\/fr\/panier-2\/"]}]},{"@type":"BreadcrumbList","@id":"https:\/\/babygold.net\/fr\/panier-2\/#breadcrumb","itemListElement":[{"@type":"ListItem","position":1,"name":"Accueil","item":"https:\/\/babygold.net\/fr\/page-daccueil\/"},{"@type":"ListItem","position":2,"name":"Panier"}]},{"@type":"WebSite","@id":"https:\/\/babygold.net\/fr\/#website","url":"https:\/\/babygold.net\/fr\/","name":"BABY GOLD\u2122 pelenka - PEKOVKER Kft.","description":"Fedezze fel kiv\u00e1l\u00f3 min\u0151s\u00e9g\u0171 pelenk\u00e1inkat, \u00e9s \u00e9lvezze a BABY GOLD\u2122 \u00e1ltal k\u00edn\u00e1lt k\u00e9nyelm\u00e9t!","potentialAction":[{"@type":"SearchAction","target":{"@type":"EntryPoint","urlTemplate":"https:\/\/babygold.net\/fr\/?s={search_term_string}"},"query-input":{"@type":"PropertyValueSpecification","valueRequired":true,"valueName":"search_term_string"}}],"inLanguage":"fr-FR"}]}},"jetpack_likes_enabled":true,"jetpack_sharing_enabled":true,"jetpack_shortlink":"https:\/\/wp.me\/PgHBIO-lj","_links":{"self":[{"href":"https:\/\/babygold.net\/fr\/wp-json\/wp\/v2\/pages\/1321","targetHints":{"allow":["GET"]}}],"collection":[{"href":"https:\/\/babygold.net\/fr\/wp-json\/wp\/v2\/pages"}],"about":[{"href":"https:\/\/babygold.net\/fr\/wp-json\/wp\/v2\/types\/page"}],"author":[{"embeddable":true,"href":"https:\/\/babygold.net\/fr\/wp-json\/wp\/v2\/users\/1"}],"replies":[{"embeddable":true,"href":"https:\/\/babygold.net\/fr\/wp-json\/wp\/v2\/comments?post=1321"}],"version-history":[{"count":1,"href":"https:\/\/babygold.net\/fr\/wp-json\/wp\/v2\/pages\/1321\/revisions"}],"predecessor-version":[{"id":1322,"href":"https:\/\/babygold.net\/fr\/wp-json\/wp\/v2\/pages\/1321\/revisions\/1322"}],"wp:attachment":[{"href":"https:\/\/babygold.net\/fr\/wp-json\/wp\/v2\/media?parent=1321"}],"curies":[{"name":"wp","href":"https:\/\/api.w.org\/{rel}","templated":true}]}}