{"id":887,"date":"2025-07-27T20:53:44","date_gmt":"2025-07-27T18:53:44","guid":{"rendered":"https:\/\/babygold.net\/termek\/baby-gold-wet-wipes\/"},"modified":"2025-09-15T17:18:24","modified_gmt":"2025-09-15T15:18:24","slug":"baby-gold-wet-wipes","status":"publish","type":"product","link":"https:\/\/babygold.net\/en\/termek\/baby-gold-wet-wipes\/","title":{"rendered":"Baby Gold Wet Wipes"},"content":{"rendered":"<p data-start=\"588\" data-end=\"796\">The <strong data-start=\"590\" data-end=\"615\">Baby Gold\u2122 baby wipes<\/strong> are high-quality wipes specifically developed for the gentle care of babies&#8217; sensitive skin. Designed for daily use, they are an ideal choice for every diaper change. <\/p>\n<p data-start=\"939\" data-end=\"1100\">The wipes are optimally sized and sufficiently thick, thus ensuring effective cleaning and moisture retention \u2013 even a single wipe may be enough for the task.<\/p>\n<h4 data-start=\"1102\" data-end=\"1136\"><strong>Hypoallergenic Properties<\/strong><br \/>\nBaby Gold Wipes are <strong data-start=\"1161\" data-end=\"1196\">Completely Hypoallergenic<\/strong>. They Do not Contain Allergenic Substances, thereby Minimizing the Risk of Allergic Reactions and Skin Irritations. Specifically Recommended for Babies with Sensitive Skin.  <\/h4>\n<p data-start=\"1403\" data-end=\"1466\">The wipes contain <strong data-start=\"1418\" data-end=\"1446\">therapeutic ingredients<\/strong> such as:<\/p>\n<p data-start=\"1469\" data-end=\"1536\"><strong data-start=\"1469\" data-end=\"1482\">Panthenol<\/strong> \u2013 soothes the skin and promotes its regeneration<br \/>\n<strong data-start=\"1539\" data-end=\"1552\">Allantoin<\/strong> \u2013 helps in skin healing and softening<\/p>\n<p data-start=\"1597\" data-end=\"1770\">These ingredients support the baby&#8217;s skin&#8217;s natural protection, so Baby Gold wipes can be safely used at every diaper change, even multiple times a day.<\/p>\n","protected":false},"excerpt":{"rendered":"<p>High-quality, <strong>hypoallergenic baby wipes<\/strong>, specifically designed for the care of baby&#8217;s sensitive skin. 60-count pack, with 19 \u00d7 15 cm, thick, absorbent wipes.  <strong>Thanks to its Panthenol and Allantoin content, it gently cleanses while caring for and regenerating the skin.<\/strong><\/p>\n","protected":false},"featured_media":3347,"comment_status":"open","ping_status":"closed","template":"","meta":{"jetpack_post_was_ever_published":true,"jetpack_publicize_message":"","jetpack_publicize_feature_enabled":true,"jetpack_social_post_already_shared":true,"jetpack_social_options":{"image_generator_settings":{"template":"highway","default_image_id":0,"font":"","enabled":false},"version":2},"_wpas_customize_per_network":false},"product_brand":[2402],"product_cat":[1672,1667],"product_tag":[1684,1682,1683,1576,1679,1678,1581,1680,1580,1584,1686,1592,1681,1685,1549],"class_list":{"0":"post-887","1":"product","2":"type-product","3":"status-publish","4":"has-post-thumbnail","6":"product_brand-baby-gold-en","7":"product_cat-baby-wipes","8":"product_cat-wet-wipes","9":"product_tag-60-pcs","10":"product_tag-allantoin-en","11":"product_tag-baby-care","12":"product_tag-baby-gold-en","13":"product_tag-baby-wipe-en","14":"product_tag-baby-wipe","15":"product_tag-dermatologically-tested","16":"product_tag-for-diaper-changes","17":"product_tag-for-sensitive-skin","18":"product_tag-fragrance-free","19":"product_tag-gentle-cleansing","20":"product_tag-hypoallergenic","21":"product_tag-panthenol-en","22":"product_tag-thick-wipe","23":"product_tag-wet-wipe","25":"first","26":"instock","27":"taxable","28":"shipping-taxable","29":"purchasable","30":"product-type-simple"},"yoast_head":"<!-- This site is optimized with the Yoast SEO plugin v27.3 - https:\/\/yoast.com\/product\/yoast-seo-wordpress\/ -->\n<title>Baby Gold Wet Wipes - BABY GOLD\u2122 pelenka - PEKOVKER Kft.<\/title>\n<meta name=\"description\" content=\"Baby Gold pull-up diapers in XL and XXL sizes \u2013 breathable, soft, leak-proof diapers for older babies, developed for sensitive skin.\" \/>\n<meta name=\"robots\" content=\"index, follow, max-snippet:-1, max-image-preview:large, max-video-preview:-1\" \/>\n<link rel=\"canonical\" href=\"https:\/\/babygold.net\/en\/termek\/baby-gold-wet-wipes\/\" \/>\n<meta property=\"og:locale\" content=\"en_US\" \/>\n<meta property=\"og:type\" content=\"article\" \/>\n<meta property=\"og:title\" content=\"Baby Gold Wet Wipes - BABY GOLD\u2122 pelenka - PEKOVKER Kft.\" \/>\n<meta property=\"og:description\" content=\"Baby Gold pull-up diapers in XL and XXL sizes \u2013 breathable, soft, leak-proof diapers for older babies, developed for sensitive skin.\" \/>\n<meta property=\"og:url\" content=\"https:\/\/babygold.net\/en\/termek\/baby-gold-wet-wipes\/\" \/>\n<meta property=\"og:site_name\" content=\"BABY GOLD\u2122 pelenka - PEKOVKER Kft.\" \/>\n<meta property=\"article:modified_time\" content=\"2025-09-15T15:18:24+00:00\" \/>\n<meta property=\"og:image\" content=\"https:\/\/babygold.net\/wp-content\/uploads\/2025\/07\/Kendo_01.png\" \/>\n\t<meta property=\"og:image:width\" content=\"2000\" \/>\n\t<meta property=\"og:image:height\" content=\"2000\" \/>\n\t<meta property=\"og:image:type\" content=\"image\/png\" \/>\n<meta name=\"twitter:card\" content=\"summary_large_image\" \/>\n<meta name=\"twitter:label1\" content=\"Est. reading time\" \/>\n\t<meta name=\"twitter:data1\" content=\"1 minute\" \/>\n<script type=\"application\/ld+json\" class=\"yoast-schema-graph\">{\"@context\":\"https:\\\/\\\/schema.org\",\"@graph\":[{\"@type\":\"WebPage\",\"@id\":\"https:\\\/\\\/babygold.net\\\/en\\\/termek\\\/baby-gold-wet-wipes\\\/\",\"url\":\"https:\\\/\\\/babygold.net\\\/en\\\/termek\\\/baby-gold-wet-wipes\\\/\",\"name\":\"Baby Gold Wet Wipes - BABY GOLD\u2122 pelenka - PEKOVKER Kft.\",\"isPartOf\":{\"@id\":\"https:\\\/\\\/babygold.net\\\/en\\\/#website\"},\"primaryImageOfPage\":{\"@id\":\"https:\\\/\\\/babygold.net\\\/en\\\/termek\\\/baby-gold-wet-wipes\\\/#primaryimage\"},\"image\":{\"@id\":\"https:\\\/\\\/babygold.net\\\/en\\\/termek\\\/baby-gold-wet-wipes\\\/#primaryimage\"},\"thumbnailUrl\":\"https:\\\/\\\/babygold.net\\\/wp-content\\\/uploads\\\/2025\\\/07\\\/Web_08.png\",\"datePublished\":\"2025-07-27T18:53:44+00:00\",\"dateModified\":\"2025-09-15T15:18:24+00:00\",\"description\":\"Baby Gold pull-up diapers in XL and XXL sizes \u2013 breathable, soft, leak-proof diapers for older babies, developed for sensitive skin.\",\"breadcrumb\":{\"@id\":\"https:\\\/\\\/babygold.net\\\/en\\\/termek\\\/baby-gold-wet-wipes\\\/#breadcrumb\"},\"inLanguage\":\"en-US\",\"potentialAction\":[{\"@type\":\"ReadAction\",\"target\":[\"https:\\\/\\\/babygold.net\\\/en\\\/termek\\\/baby-gold-wet-wipes\\\/\"]}]},{\"@type\":\"ImageObject\",\"inLanguage\":\"en-US\",\"@id\":\"https:\\\/\\\/babygold.net\\\/en\\\/termek\\\/baby-gold-wet-wipes\\\/#primaryimage\",\"url\":\"https:\\\/\\\/babygold.net\\\/wp-content\\\/uploads\\\/2025\\\/07\\\/Web_08.png\",\"contentUrl\":\"https:\\\/\\\/babygold.net\\\/wp-content\\\/uploads\\\/2025\\\/07\\\/Web_08.png\",\"width\":2000,\"height\":2000},{\"@type\":\"BreadcrumbList\",\"@id\":\"https:\\\/\\\/babygold.net\\\/en\\\/termek\\\/baby-gold-wet-wipes\\\/#breadcrumb\",\"itemListElement\":[{\"@type\":\"ListItem\",\"position\":1,\"name\":\"Kezd\u0151lap\",\"item\":\"https:\\\/\\\/babygold.net\\\/en\\\/home\\\/\"},{\"@type\":\"ListItem\",\"position\":2,\"name\":\"Shop\",\"item\":\"https:\\\/\\\/babygold.net\\\/en\\\/shop\\\/\"},{\"@type\":\"ListItem\",\"position\":3,\"name\":\"Baby Gold Wet Wipes\"}]},{\"@type\":\"WebSite\",\"@id\":\"https:\\\/\\\/babygold.net\\\/en\\\/#website\",\"url\":\"https:\\\/\\\/babygold.net\\\/en\\\/\",\"name\":\"BABY GOLD\u2122 pelenka - PEKOVKER Kft.\",\"description\":\"Fedezze fel kiv\u00e1l\u00f3 min\u0151s\u00e9g\u0171 pelenk\u00e1inkat, \u00e9s \u00e9lvezze a BABY GOLD\u2122 \u00e1ltal k\u00edn\u00e1lt k\u00e9nyelm\u00e9t!\",\"potentialAction\":[{\"@type\":\"SearchAction\",\"target\":{\"@type\":\"EntryPoint\",\"urlTemplate\":\"https:\\\/\\\/babygold.net\\\/en\\\/?s={search_term_string}\"},\"query-input\":{\"@type\":\"PropertyValueSpecification\",\"valueRequired\":true,\"valueName\":\"search_term_string\"}}],\"inLanguage\":\"en-US\"}]}<\/script>\n<!-- \/ Yoast SEO plugin. -->","yoast_head_json":{"title":"Baby Gold Wet Wipes - BABY GOLD\u2122 pelenka - PEKOVKER Kft.","description":"Baby Gold pull-up diapers in XL and XXL sizes \u2013 breathable, soft, leak-proof diapers for older babies, developed for sensitive skin.","robots":{"index":"index","follow":"follow","max-snippet":"max-snippet:-1","max-image-preview":"max-image-preview:large","max-video-preview":"max-video-preview:-1"},"canonical":"https:\/\/babygold.net\/en\/termek\/baby-gold-wet-wipes\/","og_locale":"en_US","og_type":"article","og_title":"Baby Gold Wet Wipes - BABY GOLD\u2122 pelenka - PEKOVKER Kft.","og_description":"Baby Gold pull-up diapers in XL and XXL sizes \u2013 breathable, soft, leak-proof diapers for older babies, developed for sensitive skin.","og_url":"https:\/\/babygold.net\/en\/termek\/baby-gold-wet-wipes\/","og_site_name":"BABY GOLD\u2122 pelenka - PEKOVKER Kft.","article_modified_time":"2025-09-15T15:18:24+00:00","og_image":[{"width":2000,"height":2000,"url":"https:\/\/babygold.net\/wp-content\/uploads\/2025\/07\/Kendo_01.png","type":"image\/png"}],"twitter_card":"summary_large_image","twitter_misc":{"Est. reading time":"1 minute"},"schema":{"@context":"https:\/\/schema.org","@graph":[{"@type":"WebPage","@id":"https:\/\/babygold.net\/en\/termek\/baby-gold-wet-wipes\/","url":"https:\/\/babygold.net\/en\/termek\/baby-gold-wet-wipes\/","name":"Baby Gold Wet Wipes - BABY GOLD\u2122 pelenka - PEKOVKER Kft.","isPartOf":{"@id":"https:\/\/babygold.net\/en\/#website"},"primaryImageOfPage":{"@id":"https:\/\/babygold.net\/en\/termek\/baby-gold-wet-wipes\/#primaryimage"},"image":{"@id":"https:\/\/babygold.net\/en\/termek\/baby-gold-wet-wipes\/#primaryimage"},"thumbnailUrl":"https:\/\/babygold.net\/wp-content\/uploads\/2025\/07\/Web_08.png","datePublished":"2025-07-27T18:53:44+00:00","dateModified":"2025-09-15T15:18:24+00:00","description":"Baby Gold pull-up diapers in XL and XXL sizes \u2013 breathable, soft, leak-proof diapers for older babies, developed for sensitive skin.","breadcrumb":{"@id":"https:\/\/babygold.net\/en\/termek\/baby-gold-wet-wipes\/#breadcrumb"},"inLanguage":"en-US","potentialAction":[{"@type":"ReadAction","target":["https:\/\/babygold.net\/en\/termek\/baby-gold-wet-wipes\/"]}]},{"@type":"ImageObject","inLanguage":"en-US","@id":"https:\/\/babygold.net\/en\/termek\/baby-gold-wet-wipes\/#primaryimage","url":"https:\/\/babygold.net\/wp-content\/uploads\/2025\/07\/Web_08.png","contentUrl":"https:\/\/babygold.net\/wp-content\/uploads\/2025\/07\/Web_08.png","width":2000,"height":2000},{"@type":"BreadcrumbList","@id":"https:\/\/babygold.net\/en\/termek\/baby-gold-wet-wipes\/#breadcrumb","itemListElement":[{"@type":"ListItem","position":1,"name":"Kezd\u0151lap","item":"https:\/\/babygold.net\/en\/home\/"},{"@type":"ListItem","position":2,"name":"Shop","item":"https:\/\/babygold.net\/en\/shop\/"},{"@type":"ListItem","position":3,"name":"Baby Gold Wet Wipes"}]},{"@type":"WebSite","@id":"https:\/\/babygold.net\/en\/#website","url":"https:\/\/babygold.net\/en\/","name":"BABY GOLD\u2122 pelenka - PEKOVKER Kft.","description":"Fedezze fel kiv\u00e1l\u00f3 min\u0151s\u00e9g\u0171 pelenk\u00e1inkat, \u00e9s \u00e9lvezze a BABY GOLD\u2122 \u00e1ltal k\u00edn\u00e1lt k\u00e9nyelm\u00e9t!","potentialAction":[{"@type":"SearchAction","target":{"@type":"EntryPoint","urlTemplate":"https:\/\/babygold.net\/en\/?s={search_term_string}"},"query-input":{"@type":"PropertyValueSpecification","valueRequired":true,"valueName":"search_term_string"}}],"inLanguage":"en-US"}]}},"jetpack_publicize_connections":[],"jetpack_likes_enabled":true,"jetpack_sharing_enabled":true,"_links":{"self":[{"href":"https:\/\/babygold.net\/en\/wp-json\/wp\/v2\/product\/887","targetHints":{"allow":["GET"]}}],"collection":[{"href":"https:\/\/babygold.net\/en\/wp-json\/wp\/v2\/product"}],"about":[{"href":"https:\/\/babygold.net\/en\/wp-json\/wp\/v2\/types\/product"}],"replies":[{"embeddable":true,"href":"https:\/\/babygold.net\/en\/wp-json\/wp\/v2\/comments?post=887"}],"wp:featuredmedia":[{"embeddable":true,"href":"https:\/\/babygold.net\/en\/wp-json\/wp\/v2\/media\/3347"}],"wp:attachment":[{"href":"https:\/\/babygold.net\/en\/wp-json\/wp\/v2\/media?parent=887"}],"wp:term":[{"taxonomy":"product_brand","embeddable":true,"href":"https:\/\/babygold.net\/en\/wp-json\/wp\/v2\/product_brand?post=887"},{"taxonomy":"product_cat","embeddable":true,"href":"https:\/\/babygold.net\/en\/wp-json\/wp\/v2\/product_cat?post=887"},{"taxonomy":"product_tag","embeddable":true,"href":"https:\/\/babygold.net\/en\/wp-json\/wp\/v2\/product_tag?post=887"}],"curies":[{"name":"wp","href":"https:\/\/api.w.org\/{rel}","templated":true}]}}