{"id":3509,"date":"2025-09-17T08:28:26","date_gmt":"2025-09-17T06:28:26","guid":{"rendered":"https:\/\/babygold.net\/?post_type=product&#038;p=3509"},"modified":"2025-09-25T09:05:41","modified_gmt":"2025-09-25T07:05:41","slug":"multi-protector-antibakterielles-wischtuch-mobelpflegetuch-masolat","status":"publish","type":"product","link":"https:\/\/babygold.net\/de\/termek\/multi-protector-antibakterielles-wischtuch-mobelpflegetuch-masolat\/","title":{"rendered":"Multi Protector\u2122 Antibakterielles Wischtuch \u2013 Fensterreinigungstuch"},"content":{"rendered":"<p>Das <strong>Multi Protector\u2122<\/strong> Feuchttuch ist ein vielseitiges, antibakterielles Reinigungstuch, das f\u00fcr die Bed\u00fcrfnisse moderner Haushalte entwickelt wurde. Jedes Tuch ist gro\u00df (20 \u00d7 19,5 cm), dick und strapazierf\u00e4hig, sodass es Schmutz und Bakterien effektiv bek\u00e4mpft. <\/p>\n<p><strong>Hauptvorteile:<\/strong><br \/>\nT\u00f6tet 99,9 % der Bakterien ab (z. B. E. coli, Salmonellen, Listerien)<br \/>\nEinfache Anwendung, kein Wasser oder separates Reinigungsmittel erforderlich<br \/>\nAnwendbar auf verschiedenen Oberfl\u00e4chen: K\u00fcche, Bad, M\u00f6bel, Glas<br \/>\nFrische D\u00fcfte (z. B. Zitrone)<br \/>\nStreifenfreie Sauberkeit und Hygiene<br \/>\nIdeal f\u00fcr den t\u00e4glichen Gebrauch<\/p>\n<p><strong>Anwendung:<\/strong><br \/>\nEinfach ein Tuch herausziehen, die zu reinigende Oberfl\u00e4che abwischen und das gebrauchte Tuch entsorgen. Kein Sp\u00fclen erforderlich, liefert sofortige Ergebnisse. <\/p>\n","protected":false},"excerpt":{"rendered":"<p data-start=\"358\" data-end=\"629\">Antibakterielles Haushaltstuch, das eine schnelle und effektive L\u00f6sung f\u00fcr die t\u00e4gliche Reinigung bietet. Anwendbar auf verschiedenen Oberfl\u00e4chen (z. B. K\u00fcche, Bad, M\u00f6bel, Glas), t\u00f6tet 99,9 % der Bakterien ab. Mit erfrischenden D\u00fcften, gro\u00dfe, strapazierf\u00e4hige T\u00fccher.  <\/p>\n","protected":false},"featured_media":3576,"comment_status":"open","ping_status":"closed","template":"","meta":{"jetpack_post_was_ever_published":true,"jetpack_publicize_message":"","jetpack_publicize_feature_enabled":true,"jetpack_social_post_already_shared":true,"jetpack_social_options":{"image_generator_settings":{"template":"highway","default_image_id":0,"font":"","enabled":false},"version":2},"_wpas_customize_per_network":false},"product_brand":[1495],"product_cat":[1606],"product_tag":[1638,1619,1623,1620,1633,1626,1616,1629,1642,1632,1622,1625,1640,1644,1637,1635,1628,1617,1631],"class_list":{"0":"post-3509","1":"product","2":"type-product","3":"status-publish","4":"has-post-thumbnail","6":"product_brand-protector-torlokendo","7":"product_cat-antibakterielle-tucher","8":"product_tag-50-stuck-packung","9":"product_tag-antibakterielles-tuch","10":"product_tag-badetuch","11":"product_tag-desinfektionstuch","12":"product_tag-fur-oberflachen-mit-lebensmittelkontakt","13":"product_tag-fensterputztuch","14":"product_tag-feuchttuch","15":"product_tag-frischer-duft","16":"product_tag-haushaltstuch","17":"product_tag-honig-und-lanolin","18":"product_tag-kuchentuch","19":"product_tag-mobelpflegetuch","20":"product_tag-multi-protector-de","21":"product_tag-reinigungstuch","22":"product_tag-schnelle-reinigung","23":"product_tag-streifenfreie-reinigung","24":"product_tag-universaltuch","25":"product_tag-wischtuch","26":"product_tag-zitronenduft","28":"first","29":"instock","30":"taxable","31":"shipping-taxable","32":"purchasable","33":"product-type-simple"},"yoast_head":"<!-- This site is optimized with the Yoast SEO plugin v27.3 - https:\/\/yoast.com\/product\/yoast-seo-wordpress\/ -->\n<title>Multi Protector\u2122 Antibakterielles Wischtuch \u2013 Fensterreinigungstuch - BABY GOLD\u2122 pelenka - PEKOVKER Kft.<\/title>\n<meta name=\"description\" content=\"Antibakterielles Haushaltstuch, das eine schnelle und effektive L\u00f6sung f\u00fcr die t\u00e4gliche Reinigung bietet. Auf verschiedenen Oberfl\u00e4chen anwendbar, beseitigt es 99,9 % der Bakterien.\" \/>\n<meta name=\"robots\" content=\"index, follow, max-snippet:-1, max-image-preview:large, max-video-preview:-1\" \/>\n<link rel=\"canonical\" href=\"https:\/\/babygold.net\/de\/termek\/multi-protector-antibakterielles-wischtuch-mobelpflegetuch-masolat\/\" \/>\n<meta property=\"og:locale\" content=\"de_DE\" \/>\n<meta property=\"og:type\" content=\"article\" \/>\n<meta property=\"og:title\" content=\"Multi Protector\u2122 Antibakterielles Wischtuch \u2013 Fensterreinigungstuch - BABY GOLD\u2122 pelenka - PEKOVKER Kft.\" \/>\n<meta property=\"og:description\" content=\"Antibakterielles Haushaltstuch, das eine schnelle und effektive L\u00f6sung f\u00fcr die t\u00e4gliche Reinigung bietet. Auf verschiedenen Oberfl\u00e4chen anwendbar, beseitigt es 99,9 % der Bakterien.\" \/>\n<meta property=\"og:url\" content=\"https:\/\/babygold.net\/de\/termek\/multi-protector-antibakterielles-wischtuch-mobelpflegetuch-masolat\/\" \/>\n<meta property=\"og:site_name\" content=\"BABY GOLD\u2122 pelenka - PEKOVKER Kft.\" \/>\n<meta property=\"article:modified_time\" content=\"2025-09-25T07:05:41+00:00\" \/>\n<meta property=\"og:image\" content=\"https:\/\/babygold.net\/wp-content\/uploads\/2025\/09\/Protect03.png\" \/>\n\t<meta property=\"og:image:width\" content=\"2000\" \/>\n\t<meta property=\"og:image:height\" content=\"2000\" \/>\n\t<meta property=\"og:image:type\" content=\"image\/png\" \/>\n<meta name=\"twitter:card\" content=\"summary_large_image\" \/>\n<meta name=\"twitter:label1\" content=\"Gesch\u00e4tzte Lesezeit\" \/>\n\t<meta name=\"twitter:data1\" content=\"1\u00a0Minute\" \/>\n<script type=\"application\/ld+json\" class=\"yoast-schema-graph\">{\"@context\":\"https:\\\/\\\/schema.org\",\"@graph\":[{\"@type\":\"WebPage\",\"@id\":\"https:\\\/\\\/babygold.net\\\/de\\\/termek\\\/multi-protector-antibakterielles-wischtuch-mobelpflegetuch-masolat\\\/\",\"url\":\"https:\\\/\\\/babygold.net\\\/de\\\/termek\\\/multi-protector-antibakterielles-wischtuch-mobelpflegetuch-masolat\\\/\",\"name\":\"Multi Protector\u2122 Antibakterielles Wischtuch \u2013 Fensterreinigungstuch - BABY GOLD\u2122 pelenka - PEKOVKER Kft.\",\"isPartOf\":{\"@id\":\"https:\\\/\\\/babygold.net\\\/de\\\/#website\"},\"primaryImageOfPage\":{\"@id\":\"https:\\\/\\\/babygold.net\\\/de\\\/termek\\\/multi-protector-antibakterielles-wischtuch-mobelpflegetuch-masolat\\\/#primaryimage\"},\"image\":{\"@id\":\"https:\\\/\\\/babygold.net\\\/de\\\/termek\\\/multi-protector-antibakterielles-wischtuch-mobelpflegetuch-masolat\\\/#primaryimage\"},\"thumbnailUrl\":\"https:\\\/\\\/babygold.net\\\/wp-content\\\/uploads\\\/2025\\\/09\\\/Protect03.png\",\"datePublished\":\"2025-09-17T06:28:26+00:00\",\"dateModified\":\"2025-09-25T07:05:41+00:00\",\"description\":\"Antibakterielles Haushaltstuch, das eine schnelle und effektive L\u00f6sung f\u00fcr die t\u00e4gliche Reinigung bietet. Auf verschiedenen Oberfl\u00e4chen anwendbar, beseitigt es 99,9 % der Bakterien.\",\"breadcrumb\":{\"@id\":\"https:\\\/\\\/babygold.net\\\/de\\\/termek\\\/multi-protector-antibakterielles-wischtuch-mobelpflegetuch-masolat\\\/#breadcrumb\"},\"inLanguage\":\"de\",\"potentialAction\":[{\"@type\":\"ReadAction\",\"target\":[\"https:\\\/\\\/babygold.net\\\/de\\\/termek\\\/multi-protector-antibakterielles-wischtuch-mobelpflegetuch-masolat\\\/\"]}]},{\"@type\":\"ImageObject\",\"inLanguage\":\"de\",\"@id\":\"https:\\\/\\\/babygold.net\\\/de\\\/termek\\\/multi-protector-antibakterielles-wischtuch-mobelpflegetuch-masolat\\\/#primaryimage\",\"url\":\"https:\\\/\\\/babygold.net\\\/wp-content\\\/uploads\\\/2025\\\/09\\\/Protect03.png\",\"contentUrl\":\"https:\\\/\\\/babygold.net\\\/wp-content\\\/uploads\\\/2025\\\/09\\\/Protect03.png\",\"width\":2000,\"height\":2000},{\"@type\":\"BreadcrumbList\",\"@id\":\"https:\\\/\\\/babygold.net\\\/de\\\/termek\\\/multi-protector-antibakterielles-wischtuch-mobelpflegetuch-masolat\\\/#breadcrumb\",\"itemListElement\":[{\"@type\":\"ListItem\",\"position\":1,\"name\":\"Startseite\",\"item\":\"https:\\\/\\\/babygold.net\\\/de\\\/startseite\\\/\"},{\"@type\":\"ListItem\",\"position\":2,\"name\":\"Shop\",\"item\":\"https:\\\/\\\/babygold.net\\\/de\\\/shop\\\/\"},{\"@type\":\"ListItem\",\"position\":3,\"name\":\"Multi Protector\u2122 Antibakterielles Wischtuch \u2013 Fensterreinigungstuch\"}]},{\"@type\":\"WebSite\",\"@id\":\"https:\\\/\\\/babygold.net\\\/de\\\/#website\",\"url\":\"https:\\\/\\\/babygold.net\\\/de\\\/\",\"name\":\"BABY GOLD\u2122 pelenka - PEKOVKER Kft.\",\"description\":\"Fedezze fel kiv\u00e1l\u00f3 min\u0151s\u00e9g\u0171 pelenk\u00e1inkat, \u00e9s \u00e9lvezze a BABY GOLD\u2122 \u00e1ltal k\u00edn\u00e1lt k\u00e9nyelm\u00e9t!\",\"potentialAction\":[{\"@type\":\"SearchAction\",\"target\":{\"@type\":\"EntryPoint\",\"urlTemplate\":\"https:\\\/\\\/babygold.net\\\/de\\\/?s={search_term_string}\"},\"query-input\":{\"@type\":\"PropertyValueSpecification\",\"valueRequired\":true,\"valueName\":\"search_term_string\"}}],\"inLanguage\":\"de\"}]}<\/script>\n<!-- \/ Yoast SEO plugin. -->","yoast_head_json":{"title":"Multi Protector\u2122 Antibakterielles Wischtuch \u2013 Fensterreinigungstuch - BABY GOLD\u2122 pelenka - PEKOVKER Kft.","description":"Antibakterielles Haushaltstuch, das eine schnelle und effektive L\u00f6sung f\u00fcr die t\u00e4gliche Reinigung bietet. Auf verschiedenen Oberfl\u00e4chen anwendbar, beseitigt es 99,9 % der Bakterien.","robots":{"index":"index","follow":"follow","max-snippet":"max-snippet:-1","max-image-preview":"max-image-preview:large","max-video-preview":"max-video-preview:-1"},"canonical":"https:\/\/babygold.net\/de\/termek\/multi-protector-antibakterielles-wischtuch-mobelpflegetuch-masolat\/","og_locale":"de_DE","og_type":"article","og_title":"Multi Protector\u2122 Antibakterielles Wischtuch \u2013 Fensterreinigungstuch - BABY GOLD\u2122 pelenka - PEKOVKER Kft.","og_description":"Antibakterielles Haushaltstuch, das eine schnelle und effektive L\u00f6sung f\u00fcr die t\u00e4gliche Reinigung bietet. Auf verschiedenen Oberfl\u00e4chen anwendbar, beseitigt es 99,9 % der Bakterien.","og_url":"https:\/\/babygold.net\/de\/termek\/multi-protector-antibakterielles-wischtuch-mobelpflegetuch-masolat\/","og_site_name":"BABY GOLD\u2122 pelenka - PEKOVKER Kft.","article_modified_time":"2025-09-25T07:05:41+00:00","og_image":[{"width":2000,"height":2000,"url":"https:\/\/babygold.net\/wp-content\/uploads\/2025\/09\/Protect03.png","type":"image\/png"}],"twitter_card":"summary_large_image","twitter_misc":{"Gesch\u00e4tzte Lesezeit":"1\u00a0Minute"},"schema":{"@context":"https:\/\/schema.org","@graph":[{"@type":"WebPage","@id":"https:\/\/babygold.net\/de\/termek\/multi-protector-antibakterielles-wischtuch-mobelpflegetuch-masolat\/","url":"https:\/\/babygold.net\/de\/termek\/multi-protector-antibakterielles-wischtuch-mobelpflegetuch-masolat\/","name":"Multi Protector\u2122 Antibakterielles Wischtuch \u2013 Fensterreinigungstuch - BABY GOLD\u2122 pelenka - PEKOVKER Kft.","isPartOf":{"@id":"https:\/\/babygold.net\/de\/#website"},"primaryImageOfPage":{"@id":"https:\/\/babygold.net\/de\/termek\/multi-protector-antibakterielles-wischtuch-mobelpflegetuch-masolat\/#primaryimage"},"image":{"@id":"https:\/\/babygold.net\/de\/termek\/multi-protector-antibakterielles-wischtuch-mobelpflegetuch-masolat\/#primaryimage"},"thumbnailUrl":"https:\/\/babygold.net\/wp-content\/uploads\/2025\/09\/Protect03.png","datePublished":"2025-09-17T06:28:26+00:00","dateModified":"2025-09-25T07:05:41+00:00","description":"Antibakterielles Haushaltstuch, das eine schnelle und effektive L\u00f6sung f\u00fcr die t\u00e4gliche Reinigung bietet. Auf verschiedenen Oberfl\u00e4chen anwendbar, beseitigt es 99,9 % der Bakterien.","breadcrumb":{"@id":"https:\/\/babygold.net\/de\/termek\/multi-protector-antibakterielles-wischtuch-mobelpflegetuch-masolat\/#breadcrumb"},"inLanguage":"de","potentialAction":[{"@type":"ReadAction","target":["https:\/\/babygold.net\/de\/termek\/multi-protector-antibakterielles-wischtuch-mobelpflegetuch-masolat\/"]}]},{"@type":"ImageObject","inLanguage":"de","@id":"https:\/\/babygold.net\/de\/termek\/multi-protector-antibakterielles-wischtuch-mobelpflegetuch-masolat\/#primaryimage","url":"https:\/\/babygold.net\/wp-content\/uploads\/2025\/09\/Protect03.png","contentUrl":"https:\/\/babygold.net\/wp-content\/uploads\/2025\/09\/Protect03.png","width":2000,"height":2000},{"@type":"BreadcrumbList","@id":"https:\/\/babygold.net\/de\/termek\/multi-protector-antibakterielles-wischtuch-mobelpflegetuch-masolat\/#breadcrumb","itemListElement":[{"@type":"ListItem","position":1,"name":"Startseite","item":"https:\/\/babygold.net\/de\/startseite\/"},{"@type":"ListItem","position":2,"name":"Shop","item":"https:\/\/babygold.net\/de\/shop\/"},{"@type":"ListItem","position":3,"name":"Multi Protector\u2122 Antibakterielles Wischtuch \u2013 Fensterreinigungstuch"}]},{"@type":"WebSite","@id":"https:\/\/babygold.net\/de\/#website","url":"https:\/\/babygold.net\/de\/","name":"BABY GOLD\u2122 pelenka - PEKOVKER Kft.","description":"Fedezze fel kiv\u00e1l\u00f3 min\u0151s\u00e9g\u0171 pelenk\u00e1inkat, \u00e9s \u00e9lvezze a BABY GOLD\u2122 \u00e1ltal k\u00edn\u00e1lt k\u00e9nyelm\u00e9t!","potentialAction":[{"@type":"SearchAction","target":{"@type":"EntryPoint","urlTemplate":"https:\/\/babygold.net\/de\/?s={search_term_string}"},"query-input":{"@type":"PropertyValueSpecification","valueRequired":true,"valueName":"search_term_string"}}],"inLanguage":"de"}]}},"jetpack_publicize_connections":[],"jetpack_likes_enabled":true,"jetpack_sharing_enabled":true,"_links":{"self":[{"href":"https:\/\/babygold.net\/de\/wp-json\/wp\/v2\/product\/3509","targetHints":{"allow":["GET"]}}],"collection":[{"href":"https:\/\/babygold.net\/de\/wp-json\/wp\/v2\/product"}],"about":[{"href":"https:\/\/babygold.net\/de\/wp-json\/wp\/v2\/types\/product"}],"replies":[{"embeddable":true,"href":"https:\/\/babygold.net\/de\/wp-json\/wp\/v2\/comments?post=3509"}],"wp:featuredmedia":[{"embeddable":true,"href":"https:\/\/babygold.net\/de\/wp-json\/wp\/v2\/media\/3576"}],"wp:attachment":[{"href":"https:\/\/babygold.net\/de\/wp-json\/wp\/v2\/media?parent=3509"}],"wp:term":[{"taxonomy":"product_brand","embeddable":true,"href":"https:\/\/babygold.net\/de\/wp-json\/wp\/v2\/product_brand?post=3509"},{"taxonomy":"product_cat","embeddable":true,"href":"https:\/\/babygold.net\/de\/wp-json\/wp\/v2\/product_cat?post=3509"},{"taxonomy":"product_tag","embeddable":true,"href":"https:\/\/babygold.net\/de\/wp-json\/wp\/v2\/product_tag?post=3509"}],"curies":[{"name":"wp","href":"https:\/\/api.w.org\/{rel}","templated":true}]}}