{"id":3448,"date":"2025-09-17T08:19:26","date_gmt":"2025-09-17T06:19:26","guid":{"rendered":"https:\/\/babygold.net\/?post_type=product&#038;p=3448"},"modified":"2025-09-26T16:50:18","modified_gmt":"2025-09-26T14:50:18","slug":"%d9%85%d9%86%d8%a7%d8%af%d9%8a%d9%84-multi-protector-%d8%a7%d9%84%d9%85%d8%b6%d8%a7%d8%af%d8%a9-%d9%84%d9%84%d8%a8%d9%83%d8%aa%d9%8a%d8%b1%d9%8a%d8%a7-masolat","status":"publish","type":"product","link":"https:\/\/babygold.net\/ar\/termek\/%d9%85%d9%86%d8%a7%d8%af%d9%8a%d9%84-multi-protector-%d8%a7%d9%84%d9%85%d8%b6%d8%a7%d8%af%d8%a9-%d9%84%d9%84%d8%a8%d9%83%d8%aa%d9%8a%d8%b1%d9%8a%d8%a7-masolat\/","title":{"rendered":"\u0645\u0646\u0627\u062f\u064a\u0644 Multi Protector\u2122 \u0627\u0644\u0645\u0636\u0627\u062f\u0629 \u0644\u0644\u0628\u0643\u062a\u064a\u0631\u064a\u0627 &#8211; \u0645\u0646\u0627\u062f\u064a\u0644 \u0645\u0637\u0647\u0631\u0629 \u0644\u0644\u0645\u0637\u0628\u062e"},"content":{"rendered":"<p>\u0645\u0646\u0627\u062f\u064a\u0644 <strong>Multi Protector\u2122<\/strong> \u0627\u0644\u0645\u0628\u0644\u0644\u0629 \u0647\u064a \u0645\u0646\u0627\u062f\u064a\u0644 \u062a\u0646\u0638\u064a\u0641 \u0645\u062a\u0639\u062f\u062f\u0629 \u0627\u0644\u0627\u0633\u062a\u062e\u062f\u0627\u0645\u0627\u062a \u0648\u0645\u0636\u0627\u062f\u0629 \u0644\u0644\u0628\u0643\u062a\u064a\u0631\u064a\u0627\u060c \u062a\u0645 \u062a\u0637\u0648\u064a\u0631\u0647\u0627 \u0644\u062a\u0644\u0628\u064a\u0629 \u0627\u062d\u062a\u064a\u0627\u062c\u0627\u062a \u0627\u0644\u0645\u0646\u0627\u0632\u0644 \u0627\u0644\u062d\u062f\u064a\u062b\u0629. \u0643\u0644 \u0645\u0646\u062f\u064a\u0644 \u0643\u0628\u064a\u0631 \u0627\u0644\u062d\u062c\u0645 (20 \u00d7 19.5 \u0633\u0645)\u060c \u0633\u0645\u064a\u0643 \u0648\u0645\u062a\u064a\u0646\u060c \u0645\u0645\u0627 \u064a\u062c\u0639\u0644\u0647 \u0641\u0639\u0627\u0644\u0627\u064b \u0641\u064a \u0645\u0643\u0627\u0641\u062d\u0629 \u0627\u0644\u0623\u0648\u0633\u0627\u062e \u0648\u0627\u0644\u0628\u0643\u062a\u064a\u0631\u064a\u0627. <\/p>\n<p><strong>\u0627\u0644\u0645\u0632\u0627\u064a\u0627 \u0627\u0644\u0631\u0626\u064a\u0633\u064a\u0629:<\/strong><br \/>\n\u064a\u0642\u0636\u064a \u0639\u0644\u0649 99.9 % \u0645\u0646 \u0627\u0644\u0628\u0643\u062a\u064a\u0631\u064a\u0627 (\u0645\u062b\u0644 \u0627\u0644\u0625\u0634\u0631\u064a\u0643\u064a\u0629 \u0627\u0644\u0642\u0648\u0644\u0648\u0646\u064a\u0629\u060c \u0627\u0644\u0633\u0627\u0644\u0645\u0648\u0646\u064a\u0644\u0627\u060c \u0627\u0644\u0644\u064a\u0633\u062a\u064a\u0631\u064a\u0627)<br \/>\n\u0633\u0647\u0644 \u0627\u0644\u0627\u0633\u062a\u062e\u062f\u0627\u0645\u060c \u0644\u0627 \u062d\u0627\u062c\u0629 \u0644\u0644\u0645\u0627\u0621 \u0623\u0648 \u0645\u0646\u0638\u0641 \u0645\u0646\u0641\u0635\u0644<br \/>\n\u064a\u0645\u0643\u0646 \u0627\u0633\u062a\u062e\u062f\u0627\u0645\u0647 \u0639\u0644\u0649 \u0623\u0633\u0637\u062d \u0645\u062e\u062a\u0644\u0641\u0629: \u0627\u0644\u0645\u0637\u0628\u062e\u060c \u0627\u0644\u062d\u0645\u0627\u0645\u060c \u0627\u0644\u0623\u062b\u0627\u062b\u060c \u0627\u0644\u0632\u062c\u0627\u062c<br \/>\n\u0631\u0648\u0627\u0626\u062d \u0645\u0646\u0639\u0634\u0629 (\u0645\u062b\u0644 \u0627\u0644\u0644\u064a\u0645\u0648\u0646)<br \/>\n\u0646\u0638\u0627\u0641\u0629 \u0648\u0646\u0638\u0627\u0641\u0629 \u062e\u0627\u0644\u064a\u0629 \u0645\u0646 \u0627\u0644\u062e\u0637\u0648\u0637<br \/>\n\u0645\u062b\u0627\u0644\u064a \u0644\u0644\u0627\u0633\u062a\u062e\u062f\u0627\u0645 \u0627\u0644\u064a\u0648\u0645\u064a<\/p>\n<p><strong>\u0627\u0644\u0627\u0633\u062a\u062e\u062f\u0627\u0645:<\/strong><br \/>\n\u0628\u0628\u0633\u0627\u0637\u0629 \u0627\u0633\u062d\u0628 \u0645\u0646\u062f\u064a\u0644\u064b\u0627\u060c \u0627\u0645\u0633\u062d \u0627\u0644\u0633\u0637\u062d \u0627\u0644\u0645\u0631\u0627\u062f \u062a\u0646\u0638\u064a\u0641\u0647\u060c \u062b\u0645 \u062a\u062e\u0644\u0635 \u0645\u0646 \u0627\u0644\u0645\u0646\u062f\u064a\u0644 \u0627\u0644\u0645\u0633\u062a\u062e\u062f\u0645. \u0644\u0627 \u062d\u0627\u062c\u0629 \u0644\u0644\u0634\u0637\u0641\u060c \u064a\u0648\u0641\u0631 \u0646\u062a\u0627\u0626\u062c \u0641\u0648\u0631\u064a\u0629 \u0642\u0627\u0628\u0644\u0629 \u0644\u0644\u0627\u0633\u062a\u062e\u062f\u0627\u0645. <\/p>\n","protected":false},"excerpt":{"rendered":"<p data-start=\"358\" data-end=\"629\"><a href=\"https:\/\/mancskupon.com\"><img loading=\"lazy\" decoding=\"async\" class=\"aligncenter wp-image-3831\" src=\"https:\/\/babygold.net\/wp-content\/uploads\/2025\/09\/Kuponnapok_logo-copy-397x400.png\" alt=\"\" width=\"227\" height=\"229\" srcset=\"https:\/\/babygold.net\/wp-content\/uploads\/2025\/09\/Kuponnapok_logo-copy-397x400.png 397w, https:\/\/babygold.net\/wp-content\/uploads\/2025\/09\/Kuponnapok_logo-copy-794x800.png 794w, https:\/\/babygold.net\/wp-content\/uploads\/2025\/09\/Kuponnapok_logo-copy-768x774.png 768w, https:\/\/babygold.net\/wp-content\/uploads\/2025\/09\/Kuponnapok_logo-copy-247x249.png 247w, https:\/\/babygold.net\/wp-content\/uploads\/2025\/09\/Kuponnapok_logo-copy-510x514.png 510w, https:\/\/babygold.net\/wp-content\/uploads\/2025\/09\/Kuponnapok_logo-copy-100x100.png?crop=1 100w, https:\/\/babygold.net\/wp-content\/uploads\/2025\/09\/Kuponnapok_logo-copy.png 1016w\" sizes=\"auto, (max-width: 227px) 100vw, 227px\" \/><\/a><\/p>\n<p data-start=\"358\" data-end=\"629\">\u0645\u0646\u0627\u062f\u064a\u0644 \u0645\u0646\u0632\u0644\u064a\u0629 \u0645\u0636\u0627\u062f\u0629 \u0644\u0644\u0628\u0643\u062a\u064a\u0631\u064a\u0627\u060c \u062a\u0648\u0641\u0631 \u062d\u0644\u0627\u064b \u0633\u0631\u064a\u0639\u064b\u0627 \u0648\u0641\u0639\u0627\u0644\u0627\u064b \u0644\u0644\u062a\u0646\u0638\u064a\u0641 \u0627\u0644\u064a\u0648\u0645\u064a. \u064a\u0645\u0643\u0646 \u0627\u0633\u062a\u062e\u062f\u0627\u0645\u0647\u0627 \u0639\u0644\u0649 \u0623\u0633\u0637\u062d \u0645\u062e\u062a\u0644\u0641\u0629 (\u0645\u062b\u0644 \u0627\u0644\u0645\u0637\u0628\u062e\u060c \u0627\u0644\u062d\u0645\u0627\u0645\u060c \u0627\u0644\u0623\u062b\u0627\u062b\u060c \u0627\u0644\u0632\u062c\u0627\u062c)\u060c \u0648\u062a\u0642\u0636\u064a \u0639\u0644\u0649 99.9 % \u0645\u0646 \u0627\u0644\u0628\u0643\u062a\u064a\u0631\u064a\u0627. \u0628\u0631\u0627\u0626\u062d\u0629 \u0645\u0646\u0639\u0634\u0629\u060c \u0648\u0645\u0646\u0627\u062f\u064a\u0644 \u0643\u0628\u064a\u0631\u0629 \u0627\u0644\u062d\u062c\u0645 \u0648\u0645\u062a\u064a\u0646\u0629.  <\/p>\n","protected":false},"featured_media":3565,"comment_status":"open","ping_status":"closed","template":"","meta":{"jetpack_post_was_ever_published":false,"jetpack_publicize_message":"","jetpack_publicize_feature_enabled":true,"jetpack_social_post_already_shared":true,"jetpack_social_options":{"image_generator_settings":{"template":"highway","default_image_id":0,"font":"","enabled":false},"version":2},"_wpas_customize_per_network":false},"product_brand":[2415],"product_cat":[1498],"product_tag":[1522,1518,1507,1523,1491,1514,1508,1509,1510,1511,1512,1524,1513,1519,1520,1515,1516,1521,1517],"class_list":{"0":"post-3448","1":"product","2":"type-product","3":"status-publish","4":"has-post-thumbnail","6":"product_brand-protector-torlokendo-ar","7":"product_cat-antibakterialis-torlokendok","8":"product_tag-multi-protector","9":"product_tag-etellel-erintkezo-feluletre","10":"product_tag-torlokendo","11":"product_tag-haztartasi-kendo","12":"product_tag-nedves-torlokendo","13":"product_tag-univerzalis-torlokendo","14":"product_tag-antibakterialis-torlokendo","15":"product_tag-fertotlenito-kendo","16":"product_tag-konyhai-torlokendo","17":"product_tag-furdoszobai-torlokendo","18":"product_tag-butorapolo-kendo","19":"product_tag-tisztitokendo","20":"product_tag-ablaktisztito-kendo","21":"product_tag-csikmentes-tisztitas","22":"product_tag-gyors-takaritas","23":"product_tag-friss-illat","24":"product_tag-citrom-illat","25":"product_tag-50-db-os-kiszereles","26":"product_tag-mez-es-lanolin","28":"first","29":"instock","30":"taxable","31":"shipping-taxable","32":"purchasable","33":"product-type-simple"},"yoast_head":"<!-- This site is optimized with the Yoast SEO plugin v27.3 - https:\/\/yoast.com\/product\/yoast-seo-wordpress\/ -->\n<title>\u0645\u0646\u0627\u062f\u064a\u0644 Multi Protector\u2122 \u0627\u0644\u0645\u0636\u0627\u062f\u0629 \u0644\u0644\u0628\u0643\u062a\u064a\u0631\u064a\u0627 - \u0645\u0646\u0627\u062f\u064a\u0644 \u0645\u0637\u0647\u0631\u0629 \u0644\u0644\u0645\u0637\u0628\u062e - BABY GOLD\u2122 pelenka - PEKOVKER Kft.<\/title>\n<meta name=\"description\" content=\"\u0645\u0646\u0627\u062f\u064a\u0644 \u062a\u0646\u0638\u064a\u0641 \u0645\u0646\u0632\u0644\u064a\u0629 \u0645\u0636\u0627\u062f\u0629 \u0644\u0644\u0628\u0643\u062a\u064a\u0631\u064a\u0627\u060c \u062a\u0648\u0641\u0631 \u062d\u0644\u0627\u064b \u0633\u0631\u064a\u0639\u0627\u064b \u0648\u0641\u0639\u0627\u0644\u0627\u064b \u0644\u0644\u062a\u0646\u0638\u064a\u0641 \u0627\u0644\u064a\u0648\u0645\u064a. \u064a\u0645\u0643\u0646 \u0627\u0633\u062a\u062e\u062f\u0627\u0645\u0647\u0627 \u0639\u0644\u0649 \u0623\u0633\u0637\u062d \u0645\u062a\u0646\u0648\u0639\u0629\u060c \u0648\u062a\u0642\u0636\u064a \u0639\u0644\u0649 99.9 % \u0645\u0646 \u0627\u0644\u0628\u0643\u062a\u064a\u0631\u064a\u0627.\" \/>\n<meta name=\"robots\" content=\"index, follow, max-snippet:-1, max-image-preview:large, max-video-preview:-1\" \/>\n<link rel=\"canonical\" href=\"https:\/\/babygold.net\/ar\/termek\/%d9%85%d9%86%d8%a7%d8%af%d9%8a%d9%84-multi-protector-%d8%a7%d9%84%d9%85%d8%b6%d8%a7%d8%af%d8%a9-%d9%84%d9%84%d8%a8%d9%83%d8%aa%d9%8a%d8%b1%d9%8a%d8%a7-masolat\/\" \/>\n<meta property=\"og:locale\" content=\"ar_AR\" \/>\n<meta property=\"og:type\" content=\"article\" \/>\n<meta property=\"og:title\" content=\"\u0645\u0646\u0627\u062f\u064a\u0644 Multi Protector\u2122 \u0627\u0644\u0645\u0636\u0627\u062f\u0629 \u0644\u0644\u0628\u0643\u062a\u064a\u0631\u064a\u0627 - \u0645\u0646\u0627\u062f\u064a\u0644 \u0645\u0637\u0647\u0631\u0629 \u0644\u0644\u0645\u0637\u0628\u062e - BABY GOLD\u2122 pelenka - PEKOVKER Kft.\" \/>\n<meta property=\"og:description\" content=\"\u0645\u0646\u0627\u062f\u064a\u0644 \u062a\u0646\u0638\u064a\u0641 \u0645\u0646\u0632\u0644\u064a\u0629 \u0645\u0636\u0627\u062f\u0629 \u0644\u0644\u0628\u0643\u062a\u064a\u0631\u064a\u0627\u060c \u062a\u0648\u0641\u0631 \u062d\u0644\u0627\u064b \u0633\u0631\u064a\u0639\u0627\u064b \u0648\u0641\u0639\u0627\u0644\u0627\u064b \u0644\u0644\u062a\u0646\u0638\u064a\u0641 \u0627\u0644\u064a\u0648\u0645\u064a. \u064a\u0645\u0643\u0646 \u0627\u0633\u062a\u062e\u062f\u0627\u0645\u0647\u0627 \u0639\u0644\u0649 \u0623\u0633\u0637\u062d \u0645\u062a\u0646\u0648\u0639\u0629\u060c \u0648\u062a\u0642\u0636\u064a \u0639\u0644\u0649 99.9 % \u0645\u0646 \u0627\u0644\u0628\u0643\u062a\u064a\u0631\u064a\u0627.\" \/>\n<meta property=\"og:url\" content=\"https:\/\/babygold.net\/ar\/termek\/%d9%85%d9%86%d8%a7%d8%af%d9%8a%d9%84-multi-protector-%d8%a7%d9%84%d9%85%d8%b6%d8%a7%d8%af%d8%a9-%d9%84%d9%84%d8%a8%d9%83%d8%aa%d9%8a%d8%b1%d9%8a%d8%a7-masolat\/\" \/>\n<meta property=\"og:site_name\" content=\"BABY GOLD\u2122 pelenka - PEKOVKER Kft.\" \/>\n<meta property=\"article:modified_time\" content=\"2025-09-26T14:50:18+00:00\" \/>\n<meta property=\"og:image\" content=\"https:\/\/babygold.net\/wp-content\/uploads\/2025\/09\/Protect02.png\" \/>\n\t<meta property=\"og:image:width\" content=\"2000\" \/>\n\t<meta property=\"og:image:height\" content=\"2000\" \/>\n\t<meta property=\"og:image:type\" content=\"image\/png\" \/>\n<meta name=\"twitter:card\" content=\"summary_large_image\" \/>\n<script type=\"application\/ld+json\" class=\"yoast-schema-graph\">{\"@context\":\"https:\\\/\\\/schema.org\",\"@graph\":[{\"@type\":\"WebPage\",\"@id\":\"https:\\\/\\\/babygold.net\\\/ar\\\/termek\\\/%d9%85%d9%86%d8%a7%d8%af%d9%8a%d9%84-multi-protector-%d8%a7%d9%84%d9%85%d8%b6%d8%a7%d8%af%d8%a9-%d9%84%d9%84%d8%a8%d9%83%d8%aa%d9%8a%d8%b1%d9%8a%d8%a7-masolat\\\/\",\"url\":\"https:\\\/\\\/babygold.net\\\/ar\\\/termek\\\/%d9%85%d9%86%d8%a7%d8%af%d9%8a%d9%84-multi-protector-%d8%a7%d9%84%d9%85%d8%b6%d8%a7%d8%af%d8%a9-%d9%84%d9%84%d8%a8%d9%83%d8%aa%d9%8a%d8%b1%d9%8a%d8%a7-masolat\\\/\",\"name\":\"\u0645\u0646\u0627\u062f\u064a\u0644 Multi Protector\u2122 \u0627\u0644\u0645\u0636\u0627\u062f\u0629 \u0644\u0644\u0628\u0643\u062a\u064a\u0631\u064a\u0627 - \u0645\u0646\u0627\u062f\u064a\u0644 \u0645\u0637\u0647\u0631\u0629 \u0644\u0644\u0645\u0637\u0628\u062e - BABY GOLD\u2122 pelenka - PEKOVKER Kft.\",\"isPartOf\":{\"@id\":\"https:\\\/\\\/babygold.net\\\/ar\\\/#website\"},\"primaryImageOfPage\":{\"@id\":\"https:\\\/\\\/babygold.net\\\/ar\\\/termek\\\/%d9%85%d9%86%d8%a7%d8%af%d9%8a%d9%84-multi-protector-%d8%a7%d9%84%d9%85%d8%b6%d8%a7%d8%af%d8%a9-%d9%84%d9%84%d8%a8%d9%83%d8%aa%d9%8a%d8%b1%d9%8a%d8%a7-masolat\\\/#primaryimage\"},\"image\":{\"@id\":\"https:\\\/\\\/babygold.net\\\/ar\\\/termek\\\/%d9%85%d9%86%d8%a7%d8%af%d9%8a%d9%84-multi-protector-%d8%a7%d9%84%d9%85%d8%b6%d8%a7%d8%af%d8%a9-%d9%84%d9%84%d8%a8%d9%83%d8%aa%d9%8a%d8%b1%d9%8a%d8%a7-masolat\\\/#primaryimage\"},\"thumbnailUrl\":\"https:\\\/\\\/babygold.net\\\/wp-content\\\/uploads\\\/2025\\\/09\\\/Protect02.png\",\"datePublished\":\"2025-09-17T06:19:26+00:00\",\"dateModified\":\"2025-09-26T14:50:18+00:00\",\"description\":\"\u0645\u0646\u0627\u062f\u064a\u0644 \u062a\u0646\u0638\u064a\u0641 \u0645\u0646\u0632\u0644\u064a\u0629 \u0645\u0636\u0627\u062f\u0629 \u0644\u0644\u0628\u0643\u062a\u064a\u0631\u064a\u0627\u060c \u062a\u0648\u0641\u0631 \u062d\u0644\u0627\u064b \u0633\u0631\u064a\u0639\u0627\u064b \u0648\u0641\u0639\u0627\u0644\u0627\u064b \u0644\u0644\u062a\u0646\u0638\u064a\u0641 \u0627\u0644\u064a\u0648\u0645\u064a. \u064a\u0645\u0643\u0646 \u0627\u0633\u062a\u062e\u062f\u0627\u0645\u0647\u0627 \u0639\u0644\u0649 \u0623\u0633\u0637\u062d \u0645\u062a\u0646\u0648\u0639\u0629\u060c \u0648\u062a\u0642\u0636\u064a \u0639\u0644\u0649 99.9 % \u0645\u0646 \u0627\u0644\u0628\u0643\u062a\u064a\u0631\u064a\u0627.\",\"breadcrumb\":{\"@id\":\"https:\\\/\\\/babygold.net\\\/ar\\\/termek\\\/%d9%85%d9%86%d8%a7%d8%af%d9%8a%d9%84-multi-protector-%d8%a7%d9%84%d9%85%d8%b6%d8%a7%d8%af%d8%a9-%d9%84%d9%84%d8%a8%d9%83%d8%aa%d9%8a%d8%b1%d9%8a%d8%a7-masolat\\\/#breadcrumb\"},\"inLanguage\":\"ar\",\"potentialAction\":[{\"@type\":\"ReadAction\",\"target\":[\"https:\\\/\\\/babygold.net\\\/ar\\\/termek\\\/%d9%85%d9%86%d8%a7%d8%af%d9%8a%d9%84-multi-protector-%d8%a7%d9%84%d9%85%d8%b6%d8%a7%d8%af%d8%a9-%d9%84%d9%84%d8%a8%d9%83%d8%aa%d9%8a%d8%b1%d9%8a%d8%a7-masolat\\\/\"]}]},{\"@type\":\"ImageObject\",\"inLanguage\":\"ar\",\"@id\":\"https:\\\/\\\/babygold.net\\\/ar\\\/termek\\\/%d9%85%d9%86%d8%a7%d8%af%d9%8a%d9%84-multi-protector-%d8%a7%d9%84%d9%85%d8%b6%d8%a7%d8%af%d8%a9-%d9%84%d9%84%d8%a8%d9%83%d8%aa%d9%8a%d8%b1%d9%8a%d8%a7-masolat\\\/#primaryimage\",\"url\":\"https:\\\/\\\/babygold.net\\\/wp-content\\\/uploads\\\/2025\\\/09\\\/Protect02.png\",\"contentUrl\":\"https:\\\/\\\/babygold.net\\\/wp-content\\\/uploads\\\/2025\\\/09\\\/Protect02.png\",\"width\":2000,\"height\":2000},{\"@type\":\"BreadcrumbList\",\"@id\":\"https:\\\/\\\/babygold.net\\\/ar\\\/termek\\\/%d9%85%d9%86%d8%a7%d8%af%d9%8a%d9%84-multi-protector-%d8%a7%d9%84%d9%85%d8%b6%d8%a7%d8%af%d8%a9-%d9%84%d9%84%d8%a8%d9%83%d8%aa%d9%8a%d8%b1%d9%8a%d8%a7-masolat\\\/#breadcrumb\",\"itemListElement\":[{\"@type\":\"ListItem\",\"position\":1,\"name\":\"\u0627\u0644\u0635\u0641\u062d\u0629 \u0627\u0644\u0631\u0626\u064a\u0633\u064a\u0629\",\"item\":\"https:\\\/\\\/babygold.net\\\/ar\\\/%d8%a7%d9%84%d8%b5%d9%81%d8%ad%d8%a9-%d8%a7%d9%84%d8%b1%d8%a6%d9%8a%d8%b3%d9%8a%d8%a9\\\/\"},{\"@type\":\"ListItem\",\"position\":2,\"name\":\"\u062a\u0633\u0648\u0642\",\"item\":\"https:\\\/\\\/babygold.net\\\/ar\\\/%d8%aa%d8%b3%d9%88%d9%82\\\/\"},{\"@type\":\"ListItem\",\"position\":3,\"name\":\"\u0645\u0646\u0627\u062f\u064a\u0644 Multi Protector\u2122 \u0627\u0644\u0645\u0636\u0627\u062f\u0629 \u0644\u0644\u0628\u0643\u062a\u064a\u0631\u064a\u0627 &#8211; \u0645\u0646\u0627\u062f\u064a\u0644 \u0645\u0637\u0647\u0631\u0629 \u0644\u0644\u0645\u0637\u0628\u062e\"}]},{\"@type\":\"WebSite\",\"@id\":\"https:\\\/\\\/babygold.net\\\/ar\\\/#website\",\"url\":\"https:\\\/\\\/babygold.net\\\/ar\\\/\",\"name\":\"BABY GOLD\u2122 pelenka - PEKOVKER Kft.\",\"description\":\"Fedezze fel kiv\u00e1l\u00f3 min\u0151s\u00e9g\u0171 pelenk\u00e1inkat, \u00e9s \u00e9lvezze a BABY GOLD\u2122 \u00e1ltal k\u00edn\u00e1lt k\u00e9nyelm\u00e9t!\",\"potentialAction\":[{\"@type\":\"SearchAction\",\"target\":{\"@type\":\"EntryPoint\",\"urlTemplate\":\"https:\\\/\\\/babygold.net\\\/ar\\\/?s={search_term_string}\"},\"query-input\":{\"@type\":\"PropertyValueSpecification\",\"valueRequired\":true,\"valueName\":\"search_term_string\"}}],\"inLanguage\":\"ar\"}]}<\/script>\n<!-- \/ Yoast SEO plugin. -->","yoast_head_json":{"title":"\u0645\u0646\u0627\u062f\u064a\u0644 Multi Protector\u2122 \u0627\u0644\u0645\u0636\u0627\u062f\u0629 \u0644\u0644\u0628\u0643\u062a\u064a\u0631\u064a\u0627 - \u0645\u0646\u0627\u062f\u064a\u0644 \u0645\u0637\u0647\u0631\u0629 \u0644\u0644\u0645\u0637\u0628\u062e - BABY GOLD\u2122 pelenka - PEKOVKER Kft.","description":"\u0645\u0646\u0627\u062f\u064a\u0644 \u062a\u0646\u0638\u064a\u0641 \u0645\u0646\u0632\u0644\u064a\u0629 \u0645\u0636\u0627\u062f\u0629 \u0644\u0644\u0628\u0643\u062a\u064a\u0631\u064a\u0627\u060c \u062a\u0648\u0641\u0631 \u062d\u0644\u0627\u064b \u0633\u0631\u064a\u0639\u0627\u064b \u0648\u0641\u0639\u0627\u0644\u0627\u064b \u0644\u0644\u062a\u0646\u0638\u064a\u0641 \u0627\u0644\u064a\u0648\u0645\u064a. \u064a\u0645\u0643\u0646 \u0627\u0633\u062a\u062e\u062f\u0627\u0645\u0647\u0627 \u0639\u0644\u0649 \u0623\u0633\u0637\u062d \u0645\u062a\u0646\u0648\u0639\u0629\u060c \u0648\u062a\u0642\u0636\u064a \u0639\u0644\u0649 99.9 % \u0645\u0646 \u0627\u0644\u0628\u0643\u062a\u064a\u0631\u064a\u0627.","robots":{"index":"index","follow":"follow","max-snippet":"max-snippet:-1","max-image-preview":"max-image-preview:large","max-video-preview":"max-video-preview:-1"},"canonical":"https:\/\/babygold.net\/ar\/termek\/%d9%85%d9%86%d8%a7%d8%af%d9%8a%d9%84-multi-protector-%d8%a7%d9%84%d9%85%d8%b6%d8%a7%d8%af%d8%a9-%d9%84%d9%84%d8%a8%d9%83%d8%aa%d9%8a%d8%b1%d9%8a%d8%a7-masolat\/","og_locale":"ar_AR","og_type":"article","og_title":"\u0645\u0646\u0627\u062f\u064a\u0644 Multi Protector\u2122 \u0627\u0644\u0645\u0636\u0627\u062f\u0629 \u0644\u0644\u0628\u0643\u062a\u064a\u0631\u064a\u0627 - \u0645\u0646\u0627\u062f\u064a\u0644 \u0645\u0637\u0647\u0631\u0629 \u0644\u0644\u0645\u0637\u0628\u062e - BABY GOLD\u2122 pelenka - PEKOVKER Kft.","og_description":"\u0645\u0646\u0627\u062f\u064a\u0644 \u062a\u0646\u0638\u064a\u0641 \u0645\u0646\u0632\u0644\u064a\u0629 \u0645\u0636\u0627\u062f\u0629 \u0644\u0644\u0628\u0643\u062a\u064a\u0631\u064a\u0627\u060c \u062a\u0648\u0641\u0631 \u062d\u0644\u0627\u064b \u0633\u0631\u064a\u0639\u0627\u064b \u0648\u0641\u0639\u0627\u0644\u0627\u064b \u0644\u0644\u062a\u0646\u0638\u064a\u0641 \u0627\u0644\u064a\u0648\u0645\u064a. \u064a\u0645\u0643\u0646 \u0627\u0633\u062a\u062e\u062f\u0627\u0645\u0647\u0627 \u0639\u0644\u0649 \u0623\u0633\u0637\u062d \u0645\u062a\u0646\u0648\u0639\u0629\u060c \u0648\u062a\u0642\u0636\u064a \u0639\u0644\u0649 99.9 % \u0645\u0646 \u0627\u0644\u0628\u0643\u062a\u064a\u0631\u064a\u0627.","og_url":"https:\/\/babygold.net\/ar\/termek\/%d9%85%d9%86%d8%a7%d8%af%d9%8a%d9%84-multi-protector-%d8%a7%d9%84%d9%85%d8%b6%d8%a7%d8%af%d8%a9-%d9%84%d9%84%d8%a8%d9%83%d8%aa%d9%8a%d8%b1%d9%8a%d8%a7-masolat\/","og_site_name":"BABY GOLD\u2122 pelenka - PEKOVKER Kft.","article_modified_time":"2025-09-26T14:50:18+00:00","og_image":[{"width":2000,"height":2000,"url":"https:\/\/babygold.net\/wp-content\/uploads\/2025\/09\/Protect02.png","type":"image\/png"}],"twitter_card":"summary_large_image","schema":{"@context":"https:\/\/schema.org","@graph":[{"@type":"WebPage","@id":"https:\/\/babygold.net\/ar\/termek\/%d9%85%d9%86%d8%a7%d8%af%d9%8a%d9%84-multi-protector-%d8%a7%d9%84%d9%85%d8%b6%d8%a7%d8%af%d8%a9-%d9%84%d9%84%d8%a8%d9%83%d8%aa%d9%8a%d8%b1%d9%8a%d8%a7-masolat\/","url":"https:\/\/babygold.net\/ar\/termek\/%d9%85%d9%86%d8%a7%d8%af%d9%8a%d9%84-multi-protector-%d8%a7%d9%84%d9%85%d8%b6%d8%a7%d8%af%d8%a9-%d9%84%d9%84%d8%a8%d9%83%d8%aa%d9%8a%d8%b1%d9%8a%d8%a7-masolat\/","name":"\u0645\u0646\u0627\u062f\u064a\u0644 Multi Protector\u2122 \u0627\u0644\u0645\u0636\u0627\u062f\u0629 \u0644\u0644\u0628\u0643\u062a\u064a\u0631\u064a\u0627 - \u0645\u0646\u0627\u062f\u064a\u0644 \u0645\u0637\u0647\u0631\u0629 \u0644\u0644\u0645\u0637\u0628\u062e - BABY GOLD\u2122 pelenka - PEKOVKER Kft.","isPartOf":{"@id":"https:\/\/babygold.net\/ar\/#website"},"primaryImageOfPage":{"@id":"https:\/\/babygold.net\/ar\/termek\/%d9%85%d9%86%d8%a7%d8%af%d9%8a%d9%84-multi-protector-%d8%a7%d9%84%d9%85%d8%b6%d8%a7%d8%af%d8%a9-%d9%84%d9%84%d8%a8%d9%83%d8%aa%d9%8a%d8%b1%d9%8a%d8%a7-masolat\/#primaryimage"},"image":{"@id":"https:\/\/babygold.net\/ar\/termek\/%d9%85%d9%86%d8%a7%d8%af%d9%8a%d9%84-multi-protector-%d8%a7%d9%84%d9%85%d8%b6%d8%a7%d8%af%d8%a9-%d9%84%d9%84%d8%a8%d9%83%d8%aa%d9%8a%d8%b1%d9%8a%d8%a7-masolat\/#primaryimage"},"thumbnailUrl":"https:\/\/babygold.net\/wp-content\/uploads\/2025\/09\/Protect02.png","datePublished":"2025-09-17T06:19:26+00:00","dateModified":"2025-09-26T14:50:18+00:00","description":"\u0645\u0646\u0627\u062f\u064a\u0644 \u062a\u0646\u0638\u064a\u0641 \u0645\u0646\u0632\u0644\u064a\u0629 \u0645\u0636\u0627\u062f\u0629 \u0644\u0644\u0628\u0643\u062a\u064a\u0631\u064a\u0627\u060c \u062a\u0648\u0641\u0631 \u062d\u0644\u0627\u064b \u0633\u0631\u064a\u0639\u0627\u064b \u0648\u0641\u0639\u0627\u0644\u0627\u064b \u0644\u0644\u062a\u0646\u0638\u064a\u0641 \u0627\u0644\u064a\u0648\u0645\u064a. \u064a\u0645\u0643\u0646 \u0627\u0633\u062a\u062e\u062f\u0627\u0645\u0647\u0627 \u0639\u0644\u0649 \u0623\u0633\u0637\u062d \u0645\u062a\u0646\u0648\u0639\u0629\u060c \u0648\u062a\u0642\u0636\u064a \u0639\u0644\u0649 99.9 % \u0645\u0646 \u0627\u0644\u0628\u0643\u062a\u064a\u0631\u064a\u0627.","breadcrumb":{"@id":"https:\/\/babygold.net\/ar\/termek\/%d9%85%d9%86%d8%a7%d8%af%d9%8a%d9%84-multi-protector-%d8%a7%d9%84%d9%85%d8%b6%d8%a7%d8%af%d8%a9-%d9%84%d9%84%d8%a8%d9%83%d8%aa%d9%8a%d8%b1%d9%8a%d8%a7-masolat\/#breadcrumb"},"inLanguage":"ar","potentialAction":[{"@type":"ReadAction","target":["https:\/\/babygold.net\/ar\/termek\/%d9%85%d9%86%d8%a7%d8%af%d9%8a%d9%84-multi-protector-%d8%a7%d9%84%d9%85%d8%b6%d8%a7%d8%af%d8%a9-%d9%84%d9%84%d8%a8%d9%83%d8%aa%d9%8a%d8%b1%d9%8a%d8%a7-masolat\/"]}]},{"@type":"ImageObject","inLanguage":"ar","@id":"https:\/\/babygold.net\/ar\/termek\/%d9%85%d9%86%d8%a7%d8%af%d9%8a%d9%84-multi-protector-%d8%a7%d9%84%d9%85%d8%b6%d8%a7%d8%af%d8%a9-%d9%84%d9%84%d8%a8%d9%83%d8%aa%d9%8a%d8%b1%d9%8a%d8%a7-masolat\/#primaryimage","url":"https:\/\/babygold.net\/wp-content\/uploads\/2025\/09\/Protect02.png","contentUrl":"https:\/\/babygold.net\/wp-content\/uploads\/2025\/09\/Protect02.png","width":2000,"height":2000},{"@type":"BreadcrumbList","@id":"https:\/\/babygold.net\/ar\/termek\/%d9%85%d9%86%d8%a7%d8%af%d9%8a%d9%84-multi-protector-%d8%a7%d9%84%d9%85%d8%b6%d8%a7%d8%af%d8%a9-%d9%84%d9%84%d8%a8%d9%83%d8%aa%d9%8a%d8%b1%d9%8a%d8%a7-masolat\/#breadcrumb","itemListElement":[{"@type":"ListItem","position":1,"name":"\u0627\u0644\u0635\u0641\u062d\u0629 \u0627\u0644\u0631\u0626\u064a\u0633\u064a\u0629","item":"https:\/\/babygold.net\/ar\/%d8%a7%d9%84%d8%b5%d9%81%d8%ad%d8%a9-%d8%a7%d9%84%d8%b1%d8%a6%d9%8a%d8%b3%d9%8a%d8%a9\/"},{"@type":"ListItem","position":2,"name":"\u062a\u0633\u0648\u0642","item":"https:\/\/babygold.net\/ar\/%d8%aa%d8%b3%d9%88%d9%82\/"},{"@type":"ListItem","position":3,"name":"\u0645\u0646\u0627\u062f\u064a\u0644 Multi Protector\u2122 \u0627\u0644\u0645\u0636\u0627\u062f\u0629 \u0644\u0644\u0628\u0643\u062a\u064a\u0631\u064a\u0627 &#8211; \u0645\u0646\u0627\u062f\u064a\u0644 \u0645\u0637\u0647\u0631\u0629 \u0644\u0644\u0645\u0637\u0628\u062e"}]},{"@type":"WebSite","@id":"https:\/\/babygold.net\/ar\/#website","url":"https:\/\/babygold.net\/ar\/","name":"BABY GOLD\u2122 pelenka - PEKOVKER Kft.","description":"Fedezze fel kiv\u00e1l\u00f3 min\u0151s\u00e9g\u0171 pelenk\u00e1inkat, \u00e9s \u00e9lvezze a BABY GOLD\u2122 \u00e1ltal k\u00edn\u00e1lt k\u00e9nyelm\u00e9t!","potentialAction":[{"@type":"SearchAction","target":{"@type":"EntryPoint","urlTemplate":"https:\/\/babygold.net\/ar\/?s={search_term_string}"},"query-input":{"@type":"PropertyValueSpecification","valueRequired":true,"valueName":"search_term_string"}}],"inLanguage":"ar"}]}},"jetpack_publicize_connections":[],"jetpack_likes_enabled":true,"jetpack_sharing_enabled":true,"_links":{"self":[{"href":"https:\/\/babygold.net\/ar\/wp-json\/wp\/v2\/product\/3448","targetHints":{"allow":["GET"]}}],"collection":[{"href":"https:\/\/babygold.net\/ar\/wp-json\/wp\/v2\/product"}],"about":[{"href":"https:\/\/babygold.net\/ar\/wp-json\/wp\/v2\/types\/product"}],"replies":[{"embeddable":true,"href":"https:\/\/babygold.net\/ar\/wp-json\/wp\/v2\/comments?post=3448"}],"wp:featuredmedia":[{"embeddable":true,"href":"https:\/\/babygold.net\/ar\/wp-json\/wp\/v2\/media\/3565"}],"wp:attachment":[{"href":"https:\/\/babygold.net\/ar\/wp-json\/wp\/v2\/media?parent=3448"}],"wp:term":[{"taxonomy":"product_brand","embeddable":true,"href":"https:\/\/babygold.net\/ar\/wp-json\/wp\/v2\/product_brand?post=3448"},{"taxonomy":"product_cat","embeddable":true,"href":"https:\/\/babygold.net\/ar\/wp-json\/wp\/v2\/product_cat?post=3448"},{"taxonomy":"product_tag","embeddable":true,"href":"https:\/\/babygold.net\/ar\/wp-json\/wp\/v2\/product_tag?post=3448"}],"curies":[{"name":"wp","href":"https:\/\/api.w.org\/{rel}","templated":true}]}}