{"id":3072,"date":"2025-09-16T08:44:12","date_gmt":"2025-09-16T06:44:12","guid":{"rendered":"https:\/\/babygold.net\/?post_type=product&#038;p=3072"},"modified":"2025-09-16T08:50:18","modified_gmt":"2025-09-16T06:50:18","slug":"%d8%ad%d9%81%d8%a7%d8%b6%d8%a7%d8%aa-%d8%a8%d9%8a%d8%a8%d9%8a-%d8%ac%d9%88%d9%84%d8%af-%d8%a7%d9%84%d8%af%d8%a7%d8%ae%d9%84%d9%8a%d8%a9-masolat","status":"publish","type":"product","link":"https:\/\/babygold.net\/ar\/termek\/%d8%ad%d9%81%d8%a7%d8%b6%d8%a7%d8%aa-%d8%a8%d9%8a%d8%a8%d9%8a-%d8%ac%d9%88%d9%84%d8%af-%d8%a7%d9%84%d8%af%d8%a7%d8%ae%d9%84%d9%8a%d8%a9-masolat\/","title":{"rendered":"\u062d\u0641\u0627\u0636\u0627\u062a \u0628\u064a\u0628\u064a \u062c\u0648\u0644\u062f &#8211; S (3-6 \u0643\u062c\u0645)"},"content":{"rendered":"<p>\u0635\u064f\u0645\u0645\u062a \u062d\u0641\u0627\u0636\u0627\u062a \u0628\u064a\u0628\u064a \u062c\u0648\u0644\u062f \u0627\u0644\u062f\u0627\u062e\u0644\u064a\u0629 \u0644\u0644\u0623\u0637\u0641\u0627\u0644 \u0627\u0644\u0646\u0634\u064a\u0637\u064a\u0646 \u0648\u0627\u0644\u0645\u062a\u062d\u0631\u0643\u064a\u0646 \u0627\u0644\u0630\u064a\u0646 \u064a\u0633\u062a\u0643\u0634\u0641\u0648\u0646 \u0639\u0627\u0644\u0645\u0647\u0645 \u0628\u0627\u0633\u062a\u0645\u0631\u0627\u0631. \u064a\u0648\u0641\u0631 \u0627\u0644\u062a\u0635\u0645\u064a\u0645 \u0639\u0627\u0644\u064a \u0627\u0644\u062c\u0648\u062f\u0629 \u0648\u0627\u0644\u0645\u064a\u0632\u0627\u062a \u0627\u0644\u0639\u0645\u0644\u064a\u0629 \u0645\u0639\u064b\u0627 \u0623\u0642\u0635\u0649 \u062f\u0631\u062c\u0627\u062a \u0627\u0644\u0631\u0627\u062d\u0629 \u0648\u0627\u0644\u0623\u0645\u0627\u0646. <\/p>\n<p><strong>1. \u062a\u0635\u0645\u064a\u0645 \u0644\u0637\u064a\u0641 \u0639\u0644\u0649 \u0627\u0644\u0628\u0634\u0631\u0629 &amp; \u062a\u0647\u0648\u064a\u0629<br \/>\n<\/strong>\u0637\u0628\u0642\u0629 \u062f\u0627\u062e\u0644\u064a\u0629 \u0641\u0627\u0626\u0642\u0629 \u0627\u0644\u0646\u0639\u0648\u0645\u0629 \u0648\u0645\u0633\u0627\u0645\u064a\u0629 \u062a\u0636\u0645\u0646 \u062a\u0647\u0648\u064a\u0629 \u0628\u0634\u0631\u0629 \u0627\u0644\u0637\u0641\u0644\u060c \u0645\u0645\u0627 \u064a\u0642\u0644\u0644 \u0645\u0646 \u0627\u0644\u062a\u0647\u064a\u062c.<br \/>\n\u062a\u0633\u0645\u062d \u0627\u0644\u0637\u0628\u0642\u0629 \u0627\u0644\u062e\u0627\u0631\u062c\u064a\u0629 \u0630\u0627\u062a \u0627\u0644\u0645\u0633\u0627\u0645 \u0627\u0644\u062f\u0642\u064a\u0642\u0629 \u0628\u062a\u062f\u0641\u0642 \u0627\u0644\u0647\u0648\u0627\u0621\u060c \u0645\u0639 \u0645\u0646\u0639 \u062a\u0633\u0631\u0628 \u0627\u0644\u062d\u0641\u0627\u0636.<\/p>\n<p><strong>2. \u0627\u0645\u062a\u0635\u0627\u0635 \u0645\u062a\u0642\u062f\u0645 \u0644\u0644\u0631\u0637\u0648\u0628\u0629 &amp; \u062d\u0645\u0627\u064a\u0629 \u0636\u062f \u0627\u0644\u062a\u0633\u0631\u0628<\/strong><br \/>\n\u0642\u0646\u0648\u0627\u062a \u062a\u0635\u0631\u064a\u0641 \u062e\u0627\u0635\u0629 \u062a\u0648\u062c\u0647 \u0627\u0644\u0631\u0637\u0648\u0628\u0629 \u0628\u0633\u0631\u0639\u0629\u060c \u0645\u0645\u0627 \u064a\u062d\u0627\u0641\u0638 \u0639\u0644\u0649 \u062c\u0641\u0627\u0641 \u0627\u0644\u0633\u0637\u062d.<br \/>\n\u062a\u0645\u062a\u0635 \u062a\u0642\u0646\u064a\u0629 ADL \u0627\u0644\u062d\u062f\u064a\u062b\u0629 \u0627\u0644\u0633\u0627\u0626\u0644 \u0639\u0644\u0649 \u0627\u0644\u0641\u0648\u0631 \u0648\u062a\u0648\u0632\u0639\u0647 \u0628\u0627\u0644\u062a\u0633\u0627\u0648\u064a.<br \/>\n\u062a\u062d\u0645\u064a \u0627\u0644\u0623\u0633\u0627\u0648\u0631 \u0627\u0644\u0645\u0637\u0627\u0637\u064a\u0629 \u0627\u0644\u0645\u0631\u062a\u0641\u0639\u0629 \u062d\u0648\u0644 \u0627\u0644\u0641\u062e\u0630\u064a\u0646 \u0648\u0627\u0644\u062d\u0627\u062c\u0632 \u0627\u0644\u0648\u0627\u0642\u064a \u0627\u0644\u062f\u0627\u062e\u0644\u064a \u0627\u0644\u0637\u0641\u0644 \u0628\u0641\u0639\u0627\u0644\u064a\u0629 \u0645\u0646 \u062a\u0633\u0631\u0628 \u0627\u0644\u0631\u0637\u0648\u0628\u0629 \u062d\u062a\u0649 \u0623\u062b\u0646\u0627\u0621 \u0627\u0644\u062d\u0631\u0643\u0629.<\/p>\n<p><strong>3. \u0645\u0644\u0627\u0621\u0645\u0629 \u062f\u0642\u064a\u0642\u0629 &amp; \u0633\u0647\u0648\u0644\u0629 \u0627\u0644\u0627\u0633\u062a\u062e\u062f\u0627\u0645 \u0627\u0644\u0639\u0645\u0644\u064a<\/strong><br \/>\n\u064a\u0633\u0627\u0639\u062f \u062d\u0632\u0627\u0645 \u0627\u0644\u062e\u0635\u0631 \u0627\u0644\u0645\u0631\u0646 \u0639\u0644\u0649 \u0627\u0644\u062a\u0643\u064a\u0641 \u0628\u0634\u0643\u0644 \u0645\u062b\u0627\u0644\u064a \u0645\u0639 \u0634\u0643\u0644 \u062c\u0633\u0645 \u0627\u0644\u0637\u0641\u0644\u060c \u062d\u062a\u0649 \u0641\u064a \u0648\u0636\u0639\u064a\u0629 \u0627\u0644\u0627\u0633\u062a\u0644\u0642\u0627\u0621 \u0639\u0644\u0649 \u0627\u0644\u062c\u0627\u0646\u0628.<br \/>\n\u064a\u0633\u0645\u062d \u0627\u0644\u062a\u062b\u0628\u064a\u062a \u0627\u0644\u0644\u0627\u0635\u0642 \u0628\u0625\u0639\u0627\u062f\u0629 \u0627\u0644\u0625\u063a\u0644\u0627\u0642\u060c \u0648\u064a\u0639\u0645\u0644 \u0628\u0634\u0643\u0644 \u0645\u0648\u062b\u0648\u0642 \u062d\u062a\u0649 \u0628\u0639\u062f \u0627\u0633\u062a\u062e\u062f\u0627\u0645 \u0643\u0631\u064a\u0645 \u0627\u0644\u062d\u0641\u0627\u0636\u0627\u062a\u060c \u0639\u0644\u0649 \u0633\u0628\u064a\u0644 \u0627\u0644\u0645\u062b\u0627\u0644.<\/p>\n<p><strong>4. \u062e\u064a\u0627\u0631 \u0645\u062b\u0627\u0644\u064a \u0644\u0644\u0628\u0634\u0631\u0629 \u0627\u0644\u062d\u0633\u0627\u0633\u0629 \u0623\u064a\u0636\u064b\u0627<\/strong><br \/>\n\u062a\u0631\u0643\u064a\u0628\u0629 \u0645\u062e\u062a\u0628\u0631\u0629 \u062c\u0644\u062f\u064a\u0627\u064b\u060c \u062e\u0627\u0644\u064a\u0629 \u0645\u0646 \u0627\u0644\u0644\u0627\u062a\u0643\u0633 \u0648\u0627\u0644\u0639\u0637\u0648\u0631 \u0648\u0627\u0644\u0645\u0648\u0627\u062f \u0627\u0644\u0639\u0637\u0631\u064a\u0629\u060c \u0645\u0645\u0627 \u064a\u0642\u0644\u0644 \u0645\u0646 \u0641\u0631\u0635\u0629 \u062d\u062f\u0648\u062b \u062a\u0641\u0627\u0639\u0644\u0627\u062a \u062a\u062d\u0633\u0633\u064a\u0629. \u0645\u0648\u0635\u0649 \u0628\u0647 \u0628\u0634\u0643\u0644 \u062e\u0627\u0635 \u0644\u0644\u0623\u0637\u0641\u0627\u0644 \u0630\u0648\u064a \u0627\u0644\u0628\u0634\u0631\u0629 \u0627\u0644\u062d\u0633\u0627\u0633\u0629. <\/p>\n<p><strong>5. \u0627\u0644\u0623\u062d\u062c\u0627\u0645 \u0648\u062e\u064a\u0627\u0631\u0627\u062a \u0627\u0644\u062a\u0639\u0628\u0626\u0629<\/strong><br \/>\n\u064a\u062a\u0648\u0641\u0631 \u0647\u0630\u0627 \u0627\u0644\u0645\u0646\u062a\u062c \u0628\u0623\u062d\u062c\u0627\u0645 \u0645\u062a\u0639\u062f\u062f\u0629 \u0644\u062a\u0648\u0641\u064a\u0631 \u0627\u0644\u062d\u0645\u0627\u064a\u0629 \u0627\u0644\u0623\u0646\u0633\u0628 \u0644\u0648\u0632\u0646 \u0627\u0644\u0637\u0641\u0644:<\/p>\n<p><strong>6. \u0622\u0631\u0627\u0621 \u0627\u0644\u0639\u0645\u0644\u0627\u0621<\/strong><br \/>\n\u062a\u064f\u0628\u0631\u0632 \u0645\u0644\u0627\u062d\u0638\u0627\u062a \u0627\u0644\u0622\u0628\u0627\u0621 \u0642\u062f\u0631\u0629 \u0627\u0644\u062d\u0641\u0627\u0636\u0627\u062a \u0627\u0644\u0639\u0627\u0644\u064a\u0629 \u0639\u0644\u0649 \u0627\u0644\u0627\u0645\u062a\u0635\u0627\u0635 \u0648\u062d\u0645\u0627\u064a\u062a\u0647\u0627 \u0627\u0644\u0645\u0636\u0645\u0648\u0646\u0629 \u0644\u0641\u062a\u0631\u0629 \u0637\u0648\u064a\u0644\u0629: \u0641\u064a \u0643\u062b\u064a\u0631 \u0645\u0646 \u0627\u0644\u062d\u0627\u0644\u0627\u062a\u060c \u062a\u0635\u0644 \u0625\u0644\u0649 10-12 \u0633\u0627\u0639\u0629 \u0645\u0646 \u0628\u0634\u0631\u0629 \u0627\u0644\u0637\u0641\u0644 \u0627\u0644\u062c\u0627\u0641\u0629.<\/p>\n","protected":false},"excerpt":{"rendered":"<p>\u0625\u0646 <strong>\u062d\u0641\u0627\u0636\u0627\u062a \u0628\u064a\u0628\u064a \u062c\u0648\u0644\u062f<\/strong> \u0645\u0635\u0646\u0648\u0639\u0629 \u0645\u0646 \u0645\u0648\u0627\u062f \u0641\u0627\u062e\u0631\u0629 \u0648\u0646\u0627\u0639\u0645\u0629 \u0648\u0645\u0633\u0627\u0645\u064a\u0629 \u0644\u0644\u062d\u0641\u0627\u0638 \u0639\u0644\u0649 \u0631\u0627\u062d\u0629 \u0627\u0644\u0637\u0641\u0644. \u0642\u062f\u0631\u0629 \u0627\u0645\u062a\u0635\u0627\u0635 \u0645\u0645\u062a\u0627\u0632\u0629\u060c \u0648\u062d\u0632\u0627\u0645 \u062e\u0635\u0631 \u0645\u0631\u0646\u060c \u0648\u0623\u0633\u0627\u0648\u0631 \u0633\u0627\u0642 \u0645\u0631\u062a\u0641\u0639\u0629 \u062a\u0636\u0645\u0646 \u0627\u0644\u062d\u0645\u0627\u064a\u0629 \u0636\u062f \u0627\u0644\u062a\u0633\u0631\u0628. \u062a\u0635\u0645\u064a\u0645 \u0644\u0627\u0635\u0642 \u0648\u0644\u0637\u064a\u0641 \u0639\u0644\u0649 \u0627\u0644\u0628\u0634\u0631\u0629 \u2013 \u0645\u0648\u0635\u0649 \u0628\u0647 \u0623\u064a\u0636\u064b\u0627 \u0644\u0644\u0628\u0634\u0631\u0629 \u0627\u0644\u0645\u0639\u0631\u0636\u0629 \u0644\u0644\u0627\u0644\u062a\u0647\u0627\u0628\u0627\u062a \u0627\u0644\u062c\u0644\u062f\u064a\u0629. \u062e\u0627\u0644\u064a\u0629 \u0645\u0646 \u0627\u0644\u0644\u0627\u062a\u0643\u0633 \u0648\u0627\u0644\u0639\u0637\u0648\u0631 \u0648\u0627\u0644\u0645\u0648\u0627\u062f \u0627\u0644\u0639\u0637\u0631\u064a\u0629.   <\/p>\n","protected":false},"featured_media":3288,"comment_status":"open","ping_status":"closed","template":"","meta":{"jetpack_post_was_ever_published":false,"jetpack_publicize_message":"","jetpack_publicize_feature_enabled":true,"jetpack_social_post_already_shared":true,"jetpack_social_options":{"image_generator_settings":{"template":"highway","default_image_id":0,"font":"","enabled":false},"version":2},"_wpas_customize_per_network":false},"product_brand":[2408],"product_cat":[2379],"product_tag":[2385,2362,2370,2369,2335,2390,2389,2388,2373,2374,2357,2358,2338,2367,2334,2366,2336,2356,2376,2377,2375,2363,2364,2384,2365,2361,2359,2337,2360,2368],"class_list":{"0":"post-3072","1":"product","2":"type-product","3":"status-publish","4":"has-post-thumbnail","6":"product_brand-baby-gold-ar","7":"product_cat---ar","8":"product_tag-3-6-","9":"product_tag-2362","10":"product_tag-2370","11":"product_tag-2369","12":"product_tag-2335","13":"product_tag--l","14":"product_tag--m","15":"product_tag--s","16":"product_tag--xl","17":"product_tag--xxl","18":"product_tag-2357","19":"product_tag-2358","20":"product_tag-2338","21":"product_tag-2367","22":"product_tag-2334","23":"product_tag--adl","24":"product_tag-2336","25":"product_tag-2356","26":"product_tag-2376","27":"product_tag-2377","28":"product_tag-2375","29":"product_tag-2363","30":"product_tag-2364","31":"product_tag-2384","32":"product_tag-2365","33":"product_tag-2361","34":"product_tag-2359","35":"product_tag-2337","36":"product_tag----ar","37":"product_tag-2368","39":"first","40":"instock","41":"taxable","42":"shipping-taxable","43":"purchasable","44":"product-type-simple"},"yoast_head":"<!-- This site is optimized with the Yoast SEO plugin v27.3 - https:\/\/yoast.com\/product\/yoast-seo-wordpress\/ -->\n<title>\u062d\u0641\u0627\u0636\u0627\u062a \u0628\u064a\u0628\u064a \u062c\u0648\u0644\u062f - S (3-6 \u0643\u062c\u0645) - BABY GOLD\u2122 pelenka - PEKOVKER Kft.<\/title>\n<meta name=\"description\" content=\"\u062d\u0641\u0627\u0636\u0627\u062a \u0628\u064a\u0628\u064a \u062c\u0648\u0644\u062f \u0627\u0644\u062f\u0627\u062e\u0644\u064a\u0629 \u0627\u0644\u0641\u0627\u062e\u0631\u0629 \u0644\u0644\u0628\u0634\u0631\u0629 \u0627\u0644\u062d\u0633\u0627\u0633\u0629\u060c \u0645\u0639 \u062d\u0645\u0627\u064a\u0629 \u0636\u062f \u0627\u0644\u062a\u0633\u0631\u0628 \u0648\u0645\u0644\u0627\u0621\u0645\u0629 \u0645\u0631\u0646\u0629 \u2013 \u0644\u0631\u0627\u062d\u0629 \u0637\u0641\u0644\u0643\u060c \u0644\u064a\u0644\u064b\u0627 \u0648\u0646\u0647\u0627\u0631\u064b\u0627.\" \/>\n<meta name=\"robots\" content=\"index, follow, max-snippet:-1, max-image-preview:large, max-video-preview:-1\" \/>\n<link rel=\"canonical\" href=\"https:\/\/babygold.net\/ar\/termek\/%d8%ad%d9%81%d8%a7%d8%b6%d8%a7%d8%aa-%d8%a8%d9%8a%d8%a8%d9%8a-%d8%ac%d9%88%d9%84%d8%af-%d8%a7%d9%84%d8%af%d8%a7%d8%ae%d9%84%d9%8a%d8%a9-masolat\/\" \/>\n<meta property=\"og:locale\" content=\"ar_AR\" \/>\n<meta property=\"og:type\" content=\"article\" \/>\n<meta property=\"og:title\" content=\"\u062d\u0641\u0627\u0636\u0627\u062a \u0628\u064a\u0628\u064a \u062c\u0648\u0644\u062f - S (3-6 \u0643\u062c\u0645) - BABY GOLD\u2122 pelenka - PEKOVKER Kft.\" \/>\n<meta property=\"og:description\" content=\"\u062d\u0641\u0627\u0636\u0627\u062a \u0628\u064a\u0628\u064a \u062c\u0648\u0644\u062f \u0627\u0644\u062f\u0627\u062e\u0644\u064a\u0629 \u0627\u0644\u0641\u0627\u062e\u0631\u0629 \u0644\u0644\u0628\u0634\u0631\u0629 \u0627\u0644\u062d\u0633\u0627\u0633\u0629\u060c \u0645\u0639 \u062d\u0645\u0627\u064a\u0629 \u0636\u062f \u0627\u0644\u062a\u0633\u0631\u0628 \u0648\u0645\u0644\u0627\u0621\u0645\u0629 \u0645\u0631\u0646\u0629 \u2013 \u0644\u0631\u0627\u062d\u0629 \u0637\u0641\u0644\u0643\u060c \u0644\u064a\u0644\u064b\u0627 \u0648\u0646\u0647\u0627\u0631\u064b\u0627.\" \/>\n<meta property=\"og:url\" content=\"https:\/\/babygold.net\/ar\/termek\/%d8%ad%d9%81%d8%a7%d8%b6%d8%a7%d8%aa-%d8%a8%d9%8a%d8%a8%d9%8a-%d8%ac%d9%88%d9%84%d8%af-%d8%a7%d9%84%d8%af%d8%a7%d8%ae%d9%84%d9%8a%d8%a9-masolat\/\" \/>\n<meta property=\"og:site_name\" content=\"BABY GOLD\u2122 pelenka - PEKOVKER Kft.\" \/>\n<meta property=\"article:modified_time\" content=\"2025-09-16T06:50:18+00:00\" \/>\n<meta property=\"og:image\" content=\"https:\/\/babygold.net\/wp-content\/uploads\/2025\/07\/BABY-GOLD-BAG-REAL-Dolphin-S.png\" \/>\n\t<meta property=\"og:image:width\" content=\"3508\" \/>\n\t<meta property=\"og:image:height\" content=\"2480\" \/>\n\t<meta property=\"og:image:type\" content=\"image\/png\" \/>\n<meta name=\"twitter:card\" content=\"summary_large_image\" \/>\n<script type=\"application\/ld+json\" class=\"yoast-schema-graph\">{\"@context\":\"https:\\\/\\\/schema.org\",\"@graph\":[{\"@type\":\"WebPage\",\"@id\":\"https:\\\/\\\/babygold.net\\\/ar\\\/termek\\\/%d8%ad%d9%81%d8%a7%d8%b6%d8%a7%d8%aa-%d8%a8%d9%8a%d8%a8%d9%8a-%d8%ac%d9%88%d9%84%d8%af-%d8%a7%d9%84%d8%af%d8%a7%d8%ae%d9%84%d9%8a%d8%a9-masolat\\\/\",\"url\":\"https:\\\/\\\/babygold.net\\\/ar\\\/termek\\\/%d8%ad%d9%81%d8%a7%d8%b6%d8%a7%d8%aa-%d8%a8%d9%8a%d8%a8%d9%8a-%d8%ac%d9%88%d9%84%d8%af-%d8%a7%d9%84%d8%af%d8%a7%d8%ae%d9%84%d9%8a%d8%a9-masolat\\\/\",\"name\":\"\u062d\u0641\u0627\u0636\u0627\u062a \u0628\u064a\u0628\u064a \u062c\u0648\u0644\u062f - S (3-6 \u0643\u062c\u0645) - BABY GOLD\u2122 pelenka - PEKOVKER Kft.\",\"isPartOf\":{\"@id\":\"https:\\\/\\\/babygold.net\\\/ar\\\/#website\"},\"primaryImageOfPage\":{\"@id\":\"https:\\\/\\\/babygold.net\\\/ar\\\/termek\\\/%d8%ad%d9%81%d8%a7%d8%b6%d8%a7%d8%aa-%d8%a8%d9%8a%d8%a8%d9%8a-%d8%ac%d9%88%d9%84%d8%af-%d8%a7%d9%84%d8%af%d8%a7%d8%ae%d9%84%d9%8a%d8%a9-masolat\\\/#primaryimage\"},\"image\":{\"@id\":\"https:\\\/\\\/babygold.net\\\/ar\\\/termek\\\/%d8%ad%d9%81%d8%a7%d8%b6%d8%a7%d8%aa-%d8%a8%d9%8a%d8%a8%d9%8a-%d8%ac%d9%88%d9%84%d8%af-%d8%a7%d9%84%d8%af%d8%a7%d8%ae%d9%84%d9%8a%d8%a9-masolat\\\/#primaryimage\"},\"thumbnailUrl\":\"https:\\\/\\\/babygold.net\\\/wp-content\\\/uploads\\\/2025\\\/09\\\/Web_05-1.png\",\"datePublished\":\"2025-09-16T06:44:12+00:00\",\"dateModified\":\"2025-09-16T06:50:18+00:00\",\"description\":\"\u062d\u0641\u0627\u0636\u0627\u062a \u0628\u064a\u0628\u064a \u062c\u0648\u0644\u062f \u0627\u0644\u062f\u0627\u062e\u0644\u064a\u0629 \u0627\u0644\u0641\u0627\u062e\u0631\u0629 \u0644\u0644\u0628\u0634\u0631\u0629 \u0627\u0644\u062d\u0633\u0627\u0633\u0629\u060c \u0645\u0639 \u062d\u0645\u0627\u064a\u0629 \u0636\u062f \u0627\u0644\u062a\u0633\u0631\u0628 \u0648\u0645\u0644\u0627\u0621\u0645\u0629 \u0645\u0631\u0646\u0629 \u2013 \u0644\u0631\u0627\u062d\u0629 \u0637\u0641\u0644\u0643\u060c \u0644\u064a\u0644\u064b\u0627 \u0648\u0646\u0647\u0627\u0631\u064b\u0627.\",\"breadcrumb\":{\"@id\":\"https:\\\/\\\/babygold.net\\\/ar\\\/termek\\\/%d8%ad%d9%81%d8%a7%d8%b6%d8%a7%d8%aa-%d8%a8%d9%8a%d8%a8%d9%8a-%d8%ac%d9%88%d9%84%d8%af-%d8%a7%d9%84%d8%af%d8%a7%d8%ae%d9%84%d9%8a%d8%a9-masolat\\\/#breadcrumb\"},\"inLanguage\":\"ar\",\"potentialAction\":[{\"@type\":\"ReadAction\",\"target\":[\"https:\\\/\\\/babygold.net\\\/ar\\\/termek\\\/%d8%ad%d9%81%d8%a7%d8%b6%d8%a7%d8%aa-%d8%a8%d9%8a%d8%a8%d9%8a-%d8%ac%d9%88%d9%84%d8%af-%d8%a7%d9%84%d8%af%d8%a7%d8%ae%d9%84%d9%8a%d8%a9-masolat\\\/\"]}]},{\"@type\":\"ImageObject\",\"inLanguage\":\"ar\",\"@id\":\"https:\\\/\\\/babygold.net\\\/ar\\\/termek\\\/%d8%ad%d9%81%d8%a7%d8%b6%d8%a7%d8%aa-%d8%a8%d9%8a%d8%a8%d9%8a-%d8%ac%d9%88%d9%84%d8%af-%d8%a7%d9%84%d8%af%d8%a7%d8%ae%d9%84%d9%8a%d8%a9-masolat\\\/#primaryimage\",\"url\":\"https:\\\/\\\/babygold.net\\\/wp-content\\\/uploads\\\/2025\\\/09\\\/Web_05-1.png\",\"contentUrl\":\"https:\\\/\\\/babygold.net\\\/wp-content\\\/uploads\\\/2025\\\/09\\\/Web_05-1.png\",\"width\":2000,\"height\":2000},{\"@type\":\"BreadcrumbList\",\"@id\":\"https:\\\/\\\/babygold.net\\\/ar\\\/termek\\\/%d8%ad%d9%81%d8%a7%d8%b6%d8%a7%d8%aa-%d8%a8%d9%8a%d8%a8%d9%8a-%d8%ac%d9%88%d9%84%d8%af-%d8%a7%d9%84%d8%af%d8%a7%d8%ae%d9%84%d9%8a%d8%a9-masolat\\\/#breadcrumb\",\"itemListElement\":[{\"@type\":\"ListItem\",\"position\":1,\"name\":\"\u0627\u0644\u0635\u0641\u062d\u0629 \u0627\u0644\u0631\u0626\u064a\u0633\u064a\u0629\",\"item\":\"https:\\\/\\\/babygold.net\\\/ar\\\/%d8%a7%d9%84%d8%b5%d9%81%d8%ad%d8%a9-%d8%a7%d9%84%d8%b1%d8%a6%d9%8a%d8%b3%d9%8a%d8%a9\\\/\"},{\"@type\":\"ListItem\",\"position\":2,\"name\":\"\u062a\u0633\u0648\u0642\",\"item\":\"https:\\\/\\\/babygold.net\\\/ar\\\/%d8%aa%d8%b3%d9%88%d9%82\\\/\"},{\"@type\":\"ListItem\",\"position\":3,\"name\":\"\u062d\u0641\u0627\u0636\u0627\u062a \u0628\u064a\u0628\u064a \u062c\u0648\u0644\u062f &#8211; S (3-6 \u0643\u062c\u0645)\"}]},{\"@type\":\"WebSite\",\"@id\":\"https:\\\/\\\/babygold.net\\\/ar\\\/#website\",\"url\":\"https:\\\/\\\/babygold.net\\\/ar\\\/\",\"name\":\"BABY GOLD\u2122 pelenka - PEKOVKER Kft.\",\"description\":\"Fedezze fel kiv\u00e1l\u00f3 min\u0151s\u00e9g\u0171 pelenk\u00e1inkat, \u00e9s \u00e9lvezze a BABY GOLD\u2122 \u00e1ltal k\u00edn\u00e1lt k\u00e9nyelm\u00e9t!\",\"potentialAction\":[{\"@type\":\"SearchAction\",\"target\":{\"@type\":\"EntryPoint\",\"urlTemplate\":\"https:\\\/\\\/babygold.net\\\/ar\\\/?s={search_term_string}\"},\"query-input\":{\"@type\":\"PropertyValueSpecification\",\"valueRequired\":true,\"valueName\":\"search_term_string\"}}],\"inLanguage\":\"ar\"}]}<\/script>\n<!-- \/ Yoast SEO plugin. -->","yoast_head_json":{"title":"\u062d\u0641\u0627\u0636\u0627\u062a \u0628\u064a\u0628\u064a \u062c\u0648\u0644\u062f - S (3-6 \u0643\u062c\u0645) - BABY GOLD\u2122 pelenka - PEKOVKER Kft.","description":"\u062d\u0641\u0627\u0636\u0627\u062a \u0628\u064a\u0628\u064a \u062c\u0648\u0644\u062f \u0627\u0644\u062f\u0627\u062e\u0644\u064a\u0629 \u0627\u0644\u0641\u0627\u062e\u0631\u0629 \u0644\u0644\u0628\u0634\u0631\u0629 \u0627\u0644\u062d\u0633\u0627\u0633\u0629\u060c \u0645\u0639 \u062d\u0645\u0627\u064a\u0629 \u0636\u062f \u0627\u0644\u062a\u0633\u0631\u0628 \u0648\u0645\u0644\u0627\u0621\u0645\u0629 \u0645\u0631\u0646\u0629 \u2013 \u0644\u0631\u0627\u062d\u0629 \u0637\u0641\u0644\u0643\u060c \u0644\u064a\u0644\u064b\u0627 \u0648\u0646\u0647\u0627\u0631\u064b\u0627.","robots":{"index":"index","follow":"follow","max-snippet":"max-snippet:-1","max-image-preview":"max-image-preview:large","max-video-preview":"max-video-preview:-1"},"canonical":"https:\/\/babygold.net\/ar\/termek\/%d8%ad%d9%81%d8%a7%d8%b6%d8%a7%d8%aa-%d8%a8%d9%8a%d8%a8%d9%8a-%d8%ac%d9%88%d9%84%d8%af-%d8%a7%d9%84%d8%af%d8%a7%d8%ae%d9%84%d9%8a%d8%a9-masolat\/","og_locale":"ar_AR","og_type":"article","og_title":"\u062d\u0641\u0627\u0636\u0627\u062a \u0628\u064a\u0628\u064a \u062c\u0648\u0644\u062f - S (3-6 \u0643\u062c\u0645) - BABY GOLD\u2122 pelenka - PEKOVKER Kft.","og_description":"\u062d\u0641\u0627\u0636\u0627\u062a \u0628\u064a\u0628\u064a \u062c\u0648\u0644\u062f \u0627\u0644\u062f\u0627\u062e\u0644\u064a\u0629 \u0627\u0644\u0641\u0627\u062e\u0631\u0629 \u0644\u0644\u0628\u0634\u0631\u0629 \u0627\u0644\u062d\u0633\u0627\u0633\u0629\u060c \u0645\u0639 \u062d\u0645\u0627\u064a\u0629 \u0636\u062f \u0627\u0644\u062a\u0633\u0631\u0628 \u0648\u0645\u0644\u0627\u0621\u0645\u0629 \u0645\u0631\u0646\u0629 \u2013 \u0644\u0631\u0627\u062d\u0629 \u0637\u0641\u0644\u0643\u060c \u0644\u064a\u0644\u064b\u0627 \u0648\u0646\u0647\u0627\u0631\u064b\u0627.","og_url":"https:\/\/babygold.net\/ar\/termek\/%d8%ad%d9%81%d8%a7%d8%b6%d8%a7%d8%aa-%d8%a8%d9%8a%d8%a8%d9%8a-%d8%ac%d9%88%d9%84%d8%af-%d8%a7%d9%84%d8%af%d8%a7%d8%ae%d9%84%d9%8a%d8%a9-masolat\/","og_site_name":"BABY GOLD\u2122 pelenka - PEKOVKER Kft.","article_modified_time":"2025-09-16T06:50:18+00:00","og_image":[{"width":3508,"height":2480,"url":"https:\/\/babygold.net\/wp-content\/uploads\/2025\/07\/BABY-GOLD-BAG-REAL-Dolphin-S.png","type":"image\/png"}],"twitter_card":"summary_large_image","schema":{"@context":"https:\/\/schema.org","@graph":[{"@type":"WebPage","@id":"https:\/\/babygold.net\/ar\/termek\/%d8%ad%d9%81%d8%a7%d8%b6%d8%a7%d8%aa-%d8%a8%d9%8a%d8%a8%d9%8a-%d8%ac%d9%88%d9%84%d8%af-%d8%a7%d9%84%d8%af%d8%a7%d8%ae%d9%84%d9%8a%d8%a9-masolat\/","url":"https:\/\/babygold.net\/ar\/termek\/%d8%ad%d9%81%d8%a7%d8%b6%d8%a7%d8%aa-%d8%a8%d9%8a%d8%a8%d9%8a-%d8%ac%d9%88%d9%84%d8%af-%d8%a7%d9%84%d8%af%d8%a7%d8%ae%d9%84%d9%8a%d8%a9-masolat\/","name":"\u062d\u0641\u0627\u0636\u0627\u062a \u0628\u064a\u0628\u064a \u062c\u0648\u0644\u062f - S (3-6 \u0643\u062c\u0645) - BABY GOLD\u2122 pelenka - PEKOVKER Kft.","isPartOf":{"@id":"https:\/\/babygold.net\/ar\/#website"},"primaryImageOfPage":{"@id":"https:\/\/babygold.net\/ar\/termek\/%d8%ad%d9%81%d8%a7%d8%b6%d8%a7%d8%aa-%d8%a8%d9%8a%d8%a8%d9%8a-%d8%ac%d9%88%d9%84%d8%af-%d8%a7%d9%84%d8%af%d8%a7%d8%ae%d9%84%d9%8a%d8%a9-masolat\/#primaryimage"},"image":{"@id":"https:\/\/babygold.net\/ar\/termek\/%d8%ad%d9%81%d8%a7%d8%b6%d8%a7%d8%aa-%d8%a8%d9%8a%d8%a8%d9%8a-%d8%ac%d9%88%d9%84%d8%af-%d8%a7%d9%84%d8%af%d8%a7%d8%ae%d9%84%d9%8a%d8%a9-masolat\/#primaryimage"},"thumbnailUrl":"https:\/\/babygold.net\/wp-content\/uploads\/2025\/09\/Web_05-1.png","datePublished":"2025-09-16T06:44:12+00:00","dateModified":"2025-09-16T06:50:18+00:00","description":"\u062d\u0641\u0627\u0636\u0627\u062a \u0628\u064a\u0628\u064a \u062c\u0648\u0644\u062f \u0627\u0644\u062f\u0627\u062e\u0644\u064a\u0629 \u0627\u0644\u0641\u0627\u062e\u0631\u0629 \u0644\u0644\u0628\u0634\u0631\u0629 \u0627\u0644\u062d\u0633\u0627\u0633\u0629\u060c \u0645\u0639 \u062d\u0645\u0627\u064a\u0629 \u0636\u062f \u0627\u0644\u062a\u0633\u0631\u0628 \u0648\u0645\u0644\u0627\u0621\u0645\u0629 \u0645\u0631\u0646\u0629 \u2013 \u0644\u0631\u0627\u062d\u0629 \u0637\u0641\u0644\u0643\u060c \u0644\u064a\u0644\u064b\u0627 \u0648\u0646\u0647\u0627\u0631\u064b\u0627.","breadcrumb":{"@id":"https:\/\/babygold.net\/ar\/termek\/%d8%ad%d9%81%d8%a7%d8%b6%d8%a7%d8%aa-%d8%a8%d9%8a%d8%a8%d9%8a-%d8%ac%d9%88%d9%84%d8%af-%d8%a7%d9%84%d8%af%d8%a7%d8%ae%d9%84%d9%8a%d8%a9-masolat\/#breadcrumb"},"inLanguage":"ar","potentialAction":[{"@type":"ReadAction","target":["https:\/\/babygold.net\/ar\/termek\/%d8%ad%d9%81%d8%a7%d8%b6%d8%a7%d8%aa-%d8%a8%d9%8a%d8%a8%d9%8a-%d8%ac%d9%88%d9%84%d8%af-%d8%a7%d9%84%d8%af%d8%a7%d8%ae%d9%84%d9%8a%d8%a9-masolat\/"]}]},{"@type":"ImageObject","inLanguage":"ar","@id":"https:\/\/babygold.net\/ar\/termek\/%d8%ad%d9%81%d8%a7%d8%b6%d8%a7%d8%aa-%d8%a8%d9%8a%d8%a8%d9%8a-%d8%ac%d9%88%d9%84%d8%af-%d8%a7%d9%84%d8%af%d8%a7%d8%ae%d9%84%d9%8a%d8%a9-masolat\/#primaryimage","url":"https:\/\/babygold.net\/wp-content\/uploads\/2025\/09\/Web_05-1.png","contentUrl":"https:\/\/babygold.net\/wp-content\/uploads\/2025\/09\/Web_05-1.png","width":2000,"height":2000},{"@type":"BreadcrumbList","@id":"https:\/\/babygold.net\/ar\/termek\/%d8%ad%d9%81%d8%a7%d8%b6%d8%a7%d8%aa-%d8%a8%d9%8a%d8%a8%d9%8a-%d8%ac%d9%88%d9%84%d8%af-%d8%a7%d9%84%d8%af%d8%a7%d8%ae%d9%84%d9%8a%d8%a9-masolat\/#breadcrumb","itemListElement":[{"@type":"ListItem","position":1,"name":"\u0627\u0644\u0635\u0641\u062d\u0629 \u0627\u0644\u0631\u0626\u064a\u0633\u064a\u0629","item":"https:\/\/babygold.net\/ar\/%d8%a7%d9%84%d8%b5%d9%81%d8%ad%d8%a9-%d8%a7%d9%84%d8%b1%d8%a6%d9%8a%d8%b3%d9%8a%d8%a9\/"},{"@type":"ListItem","position":2,"name":"\u062a\u0633\u0648\u0642","item":"https:\/\/babygold.net\/ar\/%d8%aa%d8%b3%d9%88%d9%82\/"},{"@type":"ListItem","position":3,"name":"\u062d\u0641\u0627\u0636\u0627\u062a \u0628\u064a\u0628\u064a \u062c\u0648\u0644\u062f &#8211; S (3-6 \u0643\u062c\u0645)"}]},{"@type":"WebSite","@id":"https:\/\/babygold.net\/ar\/#website","url":"https:\/\/babygold.net\/ar\/","name":"BABY GOLD\u2122 pelenka - PEKOVKER Kft.","description":"Fedezze fel kiv\u00e1l\u00f3 min\u0151s\u00e9g\u0171 pelenk\u00e1inkat, \u00e9s \u00e9lvezze a BABY GOLD\u2122 \u00e1ltal k\u00edn\u00e1lt k\u00e9nyelm\u00e9t!","potentialAction":[{"@type":"SearchAction","target":{"@type":"EntryPoint","urlTemplate":"https:\/\/babygold.net\/ar\/?s={search_term_string}"},"query-input":{"@type":"PropertyValueSpecification","valueRequired":true,"valueName":"search_term_string"}}],"inLanguage":"ar"}]}},"jetpack_publicize_connections":[],"jetpack_likes_enabled":true,"jetpack_sharing_enabled":true,"_links":{"self":[{"href":"https:\/\/babygold.net\/ar\/wp-json\/wp\/v2\/product\/3072","targetHints":{"allow":["GET"]}}],"collection":[{"href":"https:\/\/babygold.net\/ar\/wp-json\/wp\/v2\/product"}],"about":[{"href":"https:\/\/babygold.net\/ar\/wp-json\/wp\/v2\/types\/product"}],"replies":[{"embeddable":true,"href":"https:\/\/babygold.net\/ar\/wp-json\/wp\/v2\/comments?post=3072"}],"wp:featuredmedia":[{"embeddable":true,"href":"https:\/\/babygold.net\/ar\/wp-json\/wp\/v2\/media\/3288"}],"wp:attachment":[{"href":"https:\/\/babygold.net\/ar\/wp-json\/wp\/v2\/media?parent=3072"}],"wp:term":[{"taxonomy":"product_brand","embeddable":true,"href":"https:\/\/babygold.net\/ar\/wp-json\/wp\/v2\/product_brand?post=3072"},{"taxonomy":"product_cat","embeddable":true,"href":"https:\/\/babygold.net\/ar\/wp-json\/wp\/v2\/product_cat?post=3072"},{"taxonomy":"product_tag","embeddable":true,"href":"https:\/\/babygold.net\/ar\/wp-json\/wp\/v2\/product_tag?post=3072"}],"curies":[{"name":"wp","href":"https:\/\/api.w.org\/{rel}","templated":true}]}}